{"id":634,"date":"2019-02-28T01:41:34","date_gmt":"2019-02-28T01:41:34","guid":{"rendered":"http:\/\/www.mundocosplayer.com.br\/festival\/?page_id=634"},"modified":"2019-03-06T15:02:09","modified_gmt":"2019-03-06T15:02:09","slug":"imprensa","status":"publish","type":"page","link":"https:\/\/www.mundocosplayer.com.br\/festival\/imprensa\/","title":{"rendered":"Imprensa"},"content":{"rendered":"<h4 style=\"text-align: center;\"><\/h4>\n<h4 style=\"text-align: center;\"><\/h4>\n<h4><\/h4>\n<h4 style=\"text-align: center;\">Confira uma lista de <span style=\"color: #ff0000;\">Sites<\/span>, <span style=\"color: #ff0000;\">Canais do Youtube<\/span> e <span style=\"color: #ff0000;\">Portais<\/span> onde o<strong><span style=\"color: #ff6600;\"> Mundo Cosplayer Festival<\/span> <\/strong>foi destaque:<\/h4>\n<h5 style=\"text-align: center;\"><\/h5>\n<p>&nbsp;<\/p>\n<h5 style=\"text-align: center;\"><strong><a href=\"https:\/\/www.youtube.com\/watch?v=pM_CnXTHbkY\" target=\"_blank\" rel=\"noopener noreferrer\">O Naruto pode ser duro as vezes, mas vem pro Mundo Cosplayer Festival<\/a><\/strong><\/h5>\n<h5 style=\"text-align: center;\"><strong><a href=\"https:\/\/www.youtube.com\/watch?v=jWMZX89w8kM\" target=\"_blank\" rel=\"noopener noreferrer\">Vai ocorrer o primeiro Mundo Cosplayer Festival<\/a><\/strong><\/h5>\n<h5 style=\"text-align: center;\"><strong><a href=\"https:\/\/www.youtube.com\/watch?v=E9QqcPoAFNg\" target=\"_blank\" rel=\"noopener noreferrer\">Bora para o 1\u00ba Mundo Cosplayer Festival<\/a><\/strong><\/h5>\n<h5 style=\"text-align: center;\"><strong><a href=\"https:\/\/www.youtube.com\/watch?v=t2RqSzx-P3s\" target=\"_blank\" rel=\"noopener noreferrer\">Mundo Cosplayer Festival por ClauAnimes &#8211; Parte 1<\/a><\/strong><\/h5>\n<h5 style=\"text-align: center;\"><a href=\"https:\/\/www.youtube.com\/watch?v=Y-rhQZaYO8A&amp;feature=share&amp;fbclid=IwAR353RJYvERsdP0I_LuaLryYxie4tcVMtNRJqDSI3ohMAewyYXWWUlZXpOM\" target=\"_blank\" rel=\"noopener noreferrer\"><strong>Mundo Cosplayer Festival por ClauAnimes &#8211; Parte 2<\/strong><\/a><\/h5>\n<h5 style=\"text-align: center;\"><strong><a href=\"https:\/\/www.youtube.com\/watch?v=ViU8361bWhY\" target=\"_blank\" rel=\"noopener noreferrer\">Cosplayers do Mundo Cosplayer Festival<\/a><\/strong><\/h5>\n<h5 style=\"text-align: center;\"><strong><a href=\"https:\/\/www.youtube.com\/watch?v=H6SDwPNdKXA\" target=\"_blank\" rel=\"noopener noreferrer\">Palestra, Festival e Jogatina<\/a><\/strong><\/h5>\n<h5 style=\"text-align: center;\"><strong><a href=\"https:\/\/calendariogeek.com.br\/23-02-mundo-cosplayer-festival-e-o-novo-evento-de-cultura-pop-da-cidade-de-guarulhos\/?fbclid=IwAR1JMJAutUsMaG-ydpCTDs4PovfurxwU9LorPvChI_tkhTC6nxCbsTOGfCM\" target=\"_blank\" rel=\"noopener noreferrer\">Mundo Cosplayer Festival \u00e9 o novo evento de cultura pop da cidade de Guarulhos<\/a><\/strong><\/h5>\n<h5 style=\"text-align: center;\"><strong><a href=\"https:\/\/www.clickguarulhos.com.br\/mundo-cosplayer-festival-e-o-novo-evento-de-cultura-pop-da-cidade-de-guarulhos\/\" target=\"_blank\" rel=\"noopener noreferrer\">Mundo Cosplayer Festival, um evento de cultura pop da cidade de Guarulhos<\/a><\/strong><\/h5>\n<h5 style=\"text-align: center;\"><strong><a href=\"https:\/\/www.alternativanerd.com.br\/event\/mundo-cosplayer-festival\/\" target=\"_blank\" rel=\"noopener noreferrer\">Mundo Cosplayer Festival<\/a><\/strong><\/h5>\n<h5 style=\"text-align: center;\"><strong><a href=\"http:\/\/www.animemomentsbrasil.com\/2019\/02\/mundo-cosplayer-festival.html?fbclid=IwAR39YQ7ciu9p9Bl7l5O4vLtVQCobrRLlevujRmF0PZ6YjVFdEEgqwcGMg1Y\" target=\"_blank\" rel=\"noopener noreferrer\">Agenda: Mundo Cosplayer Festival<\/a><\/strong><\/h5>\n<h5 style=\"text-align: center;\"><strong><a href=\"http:\/\/www.leiaja.com\/noticias\/2019\/02\/11\/universidade-univeritasung-recebe-evento-de-cosplay\/?fbclid=IwAR0ynHad103BZ37htcTz-uJbb1CcWcluljfAKVIQ--9nox48y-_1czMrsUU\" target=\"_blank\" rel=\"noopener noreferrer\">Universidade UNIVERITAS\/UNG recebe evento de cosplay<\/a><\/strong><\/h5>\n<h5 style=\"text-align: center;\"><strong><a href=\"https:\/\/www.g7news.com.br\/univeritas-ung-recebe-evento-de-cosplay-no-proximo-dia-23.php?fbclid=IwAR29xmlmGQWIx2sR6OjMPw13zgIcBU5Z2D99H7oFQMbykqwClC2SFJZbstE\" target=\"_blank\" rel=\"noopener noreferrer\">UNIVERITAS\/UNG recebe evento de cosplay no pr\u00f3ximo dia 23<\/a><\/strong><\/h5>\n<h5 style=\"text-align: center;\"><strong><a href=\"http:\/\/warpzone.me\/o-primeiro-mundo-cosplayer-festival-ocorrera-no-proximo-sabado\/\" target=\"_blank\" rel=\"noopener noreferrer\">1\u00ba Mundo Cosplayer Festival ser\u00e1 no pr\u00f3ximo s\u00e1bado<\/a><\/strong><\/h5>\n<h5 style=\"text-align: center;\"><strong><a href=\"https:\/\/sucodemanga.com.br\/mundo-cosplayer-festival-acontece-neste-sabado\/?fbclid=IwAR0veanCPjFhWUlZGB4XRU7hzlX-ACDSreSoIZmN0r1zV-c9yFvOE0SrhKk\" target=\"_blank\" rel=\"noopener noreferrer\">Mundo Cosplayer Festival acontece neste s\u00e1bado<\/a><\/strong><\/h5>\n<h5 style=\"text-align: center;\"><strong><a href=\"http:\/\/www.leiaja.com\/noticias\/2019\/02\/22\/univeritasung-sedia-festival-de-cosplay-neste-sabado\/?fbclid=IwAR1nsyJEwMwebYp6hTceKnIwg3R-FtilVfiL5GMWK-Jv69DaAV3Lm5M5clA\" target=\"_blank\" rel=\"noopener noreferrer\">Univeritas\/UNG sedia festival de cosplay neste s\u00e1bado<\/a><\/strong><\/h5>\n<h5 style=\"text-align: center;\"><strong><a href=\"http:\/\/www.leiaja.com\/cultura\/2019\/02\/23\/cosplayers-se-reunem-em-festival-na-univeritasung\/?fbclid=IwAR0OjMDx-Jp6bY8kWkvYoT7wJbrChvyfWHE8V5yJ6gv2wzIGna9pJZmVvYw\" target=\"_blank\" rel=\"noopener noreferrer\">Cosplayers se re\u00fanem em festival na Univeritas\/UNG<\/a><\/strong><\/h5>\n<h5 style=\"text-align: center;\"><strong><a href=\"https:\/\/calendariogeek.com.br\/23-02-mundo-cosplayer-festival\/?fbclid=IwAR2tIRhs6CzOMQpJOL3zzLrZhzhLPkv3R8NOHZQ_rQXZRKHSSv1FjxunoOI\" target=\"_blank\" rel=\"noopener noreferrer\">A cidade de Guarulhos entrou de vez no calend\u00e1rio geek do estado de S\u00e3o Paulo com o evento da galera do site Mundo Cosplayer<\/a><\/strong><\/h5>\n<h5 style=\"text-align: center;\"><strong><a href=\"https:\/\/www.olharimparcial.com\/2019\/02\/1-mundo-cosplayer-festival.html?fbclid=IwAR1Up8BirMpajrEK9jOTCU4Ma0yRuZGbndyLQepAtas8SvKN7MYLZO9cWXk\" target=\"_blank\" rel=\"noopener noreferrer\">1\u00ba Mundo Cosplayer Festival<\/a><\/strong><\/h5>\n<h5 style=\"text-align: center;\"><strong><a href=\"https:\/\/jmaruseru.blogspot.com\/2019\/02\/como-foi-sala-tematica-do-megaman.html?spref=fb&amp;fbclid=IwAR3DDuSEQYv8qMU0SS1LfPdg7Z59vjPwVGDL0ulSQTHpJWELu0XTglULGlg\" target=\"_blank\" rel=\"noopener noreferrer\">Como foi a Sala Tematica do Megaman?<\/a><\/strong><\/h5>\n<h5 style=\"text-align: center;\"><strong><a href=\"http:\/\/sintoniageek.com.br\/galeria-cosplay-fevereiro-2019\/?utm_source=FB&amp;utm_medium=Post&amp;utm_term=GaleriaCosplayFev-2019-03-01&amp;utm_content=FB_Post_GaleriaCosplayFev-2019-03-01&amp;fbclid=IwAR3DqEAIwx7BrvUqTTJBC6TGXUYiXsYRCA_DMf-ycjjniiKs0ADeVZdiTMU\" target=\"_blank\" rel=\"noopener noreferrer\">Galeria Cosplay no Sintonia Geek Magazine<\/a><\/strong><\/h5>\n<h5 style=\"text-align: center;\"><a href=\"https:\/\/www.youtube.com\/watch?v=b-gdVy1WfZw&amp;feature=youtu.be\" target=\"_blank\" rel=\"noopener noreferrer\"><strong>Mundo Cosplayer Festival \/ Quiz \/ Trocadilhos de Animes<\/strong><\/a><\/h5>\n<h5 style=\"text-align: center;\"><a href=\"https:\/\/cosplaybr.com.br\/page\/index.php\/atualizacoes\/177-galeria-de-fotos-mundo-cosplayer-festival?fbclid=IwAR1KUzhEXy2ZzNAKOdQGeyAhWsfLw5I5C1UZged5zmu44ALFHOQAV6vfFRA\" target=\"_blank\" rel=\"noopener noreferrer\"><strong>Galeria de Fotos: Mundo Cosplayer Festival<\/strong><\/a><\/h5>\n<h5 style=\"text-align: center;\"><\/h5>\n","protected":false},"excerpt":{"rendered":"<p>Confira uma lista de Sites, Canais do Youtube e Portais onde o Mundo Cosplayer Festival foi destaque: &nbsp; O Naruto pode ser duro as vezes, mas vem pro Mundo Cosplayer Festival Vai ocorrer o primeiro Mundo Cosplayer Festival Bora para o 1\u00ba Mundo Cosplayer Festival Mundo Cosplayer Festival por ClauAnimes\u2026 <a class=\"continue-reading-link\" href=\"https:\/\/www.mundocosplayer.com.br\/festival\/imprensa\/\">Continue reading<\/a><\/p>\n","protected":false},"author":1,"featured_media":216,"parent":0,"menu_order":0,"comment_status":"closed","ping_status":"closed","template":"","meta":{"footnotes":""},"class_list":["post-634","page","type-page","status-publish","has-post-thumbnail","hentry"],"yoast_head":"<!-- This site is optimized with the Yoast SEO plugin v27.5 - https:\/\/yoast.com\/product\/yoast-seo-wordpress\/ -->\n<title>Imprensa - Mundo Cosplayer Festival<\/title>\n<meta name=\"description\" content=\"Confira uma lista de Sites, Canais do Youtube e Portais onde o Mundo Cosplayer Festival foi destaque.\" \/>\n<meta name=\"robots\" content=\"index, follow, max-snippet:-1, max-image-preview:large, max-video-preview:-1\" \/>\n<link rel=\"canonical\" href=\"https:\/\/www.mundocosplayer.com.br\/festival\/imprensa\/\" \/>\n<meta property=\"og:locale\" content=\"pt_BR\" \/>\n<meta property=\"og:type\" content=\"article\" \/>\n<meta property=\"og:title\" content=\"Imprensa - Mundo Cosplayer Festival\" \/>\n<meta property=\"og:description\" content=\"Confira uma lista de Sites, Canais do Youtube e Portais onde o Mundo Cosplayer Festival foi destaque.\" \/>\n<meta property=\"og:url\" content=\"https:\/\/www.mundocosplayer.com.br\/festival\/imprensa\/\" \/>\n<meta property=\"og:site_name\" content=\"Mundo Cosplayer Festival\" \/>\n<meta property=\"article:modified_time\" content=\"2019-03-06T15:02:09+00:00\" \/>\n<meta property=\"og:image\" content=\"https:\/\/www.mundocosplayer.com.br\/festival\/wp-content\/uploads\/2018\/11\/logo-top.png\" \/>\n\t<meta property=\"og:image:width\" content=\"1080\" \/>\n\t<meta property=\"og:image:height\" content=\"300\" \/>\n\t<meta property=\"og:image:type\" content=\"image\/png\" \/>\n<meta name=\"twitter:label1\" content=\"Est. tempo de leitura\" \/>\n\t<meta name=\"twitter:data1\" content=\"1 minuto\" \/>\n<script type=\"application\/ld+json\" class=\"yoast-schema-graph\">{\"@context\":\"https:\\\/\\\/schema.org\",\"@graph\":[{\"@type\":\"WebPage\",\"@id\":\"https:\\\/\\\/www.mundocosplayer.com.br\\\/festival\\\/imprensa\\\/\",\"url\":\"https:\\\/\\\/www.mundocosplayer.com.br\\\/festival\\\/imprensa\\\/\",\"name\":\"Imprensa - Mundo Cosplayer Festival\",\"isPartOf\":{\"@id\":\"https:\\\/\\\/www.mundocosplayer.com.br\\\/festival\\\/#website\"},\"primaryImageOfPage\":{\"@id\":\"https:\\\/\\\/www.mundocosplayer.com.br\\\/festival\\\/imprensa\\\/#primaryimage\"},\"image\":{\"@id\":\"https:\\\/\\\/www.mundocosplayer.com.br\\\/festival\\\/imprensa\\\/#primaryimage\"},\"thumbnailUrl\":\"https:\\\/\\\/www.mundocosplayer.com.br\\\/festival\\\/wp-content\\\/uploads\\\/2018\\\/11\\\/logo-top.png\",\"datePublished\":\"2019-02-28T01:41:34+00:00\",\"dateModified\":\"2019-03-06T15:02:09+00:00\",\"description\":\"Confira uma lista de Sites, Canais do Youtube e Portais onde o Mundo Cosplayer Festival foi destaque.\",\"breadcrumb\":{\"@id\":\"https:\\\/\\\/www.mundocosplayer.com.br\\\/festival\\\/imprensa\\\/#breadcrumb\"},\"inLanguage\":\"pt-BR\",\"potentialAction\":[{\"@type\":\"ReadAction\",\"target\":[\"https:\\\/\\\/www.mundocosplayer.com.br\\\/festival\\\/imprensa\\\/\"]}]},{\"@type\":\"ImageObject\",\"inLanguage\":\"pt-BR\",\"@id\":\"https:\\\/\\\/www.mundocosplayer.com.br\\\/festival\\\/imprensa\\\/#primaryimage\",\"url\":\"https:\\\/\\\/www.mundocosplayer.com.br\\\/festival\\\/wp-content\\\/uploads\\\/2018\\\/11\\\/logo-top.png\",\"contentUrl\":\"https:\\\/\\\/www.mundocosplayer.com.br\\\/festival\\\/wp-content\\\/uploads\\\/2018\\\/11\\\/logo-top.png\",\"width\":1080,\"height\":300},{\"@type\":\"BreadcrumbList\",\"@id\":\"https:\\\/\\\/www.mundocosplayer.com.br\\\/festival\\\/imprensa\\\/#breadcrumb\",\"itemListElement\":[{\"@type\":\"ListItem\",\"position\":1,\"name\":\"In\u00edcio\",\"item\":\"https:\\\/\\\/www.mundocosplayer.com.br\\\/festival\\\/\"},{\"@type\":\"ListItem\",\"position\":2,\"name\":\"Imprensa\"}]},{\"@type\":\"WebSite\",\"@id\":\"https:\\\/\\\/www.mundocosplayer.com.br\\\/festival\\\/#website\",\"url\":\"https:\\\/\\\/www.mundocosplayer.com.br\\\/festival\\\/\",\"name\":\"Mundo Cosplayer Festival\",\"description\":\"Venha se divertir com a gente!\",\"potentialAction\":[{\"@type\":\"SearchAction\",\"target\":{\"@type\":\"EntryPoint\",\"urlTemplate\":\"https:\\\/\\\/www.mundocosplayer.com.br\\\/festival\\\/?s={search_term_string}\"},\"query-input\":{\"@type\":\"PropertyValueSpecification\",\"valueRequired\":true,\"valueName\":\"search_term_string\"}}],\"inLanguage\":\"pt-BR\"}]}<\/script>\n<!-- \/ Yoast SEO plugin. -->","yoast_head_json":{"title":"Imprensa - Mundo Cosplayer Festival","description":"Confira uma lista de Sites, Canais do Youtube e Portais onde o Mundo Cosplayer Festival foi destaque.","robots":{"index":"index","follow":"follow","max-snippet":"max-snippet:-1","max-image-preview":"max-image-preview:large","max-video-preview":"max-video-preview:-1"},"canonical":"https:\/\/www.mundocosplayer.com.br\/festival\/imprensa\/","og_locale":"pt_BR","og_type":"article","og_title":"Imprensa - Mundo Cosplayer Festival","og_description":"Confira uma lista de Sites, Canais do Youtube e Portais onde o Mundo Cosplayer Festival foi destaque.","og_url":"https:\/\/www.mundocosplayer.com.br\/festival\/imprensa\/","og_site_name":"Mundo Cosplayer Festival","article_modified_time":"2019-03-06T15:02:09+00:00","og_image":[{"width":1080,"height":300,"url":"https:\/\/www.mundocosplayer.com.br\/festival\/wp-content\/uploads\/2018\/11\/logo-top.png","type":"image\/png"}],"twitter_misc":{"Est. tempo de leitura":"1 minuto"},"schema":{"@context":"https:\/\/schema.org","@graph":[{"@type":"WebPage","@id":"https:\/\/www.mundocosplayer.com.br\/festival\/imprensa\/","url":"https:\/\/www.mundocosplayer.com.br\/festival\/imprensa\/","name":"Imprensa - Mundo Cosplayer Festival","isPartOf":{"@id":"https:\/\/www.mundocosplayer.com.br\/festival\/#website"},"primaryImageOfPage":{"@id":"https:\/\/www.mundocosplayer.com.br\/festival\/imprensa\/#primaryimage"},"image":{"@id":"https:\/\/www.mundocosplayer.com.br\/festival\/imprensa\/#primaryimage"},"thumbnailUrl":"https:\/\/www.mundocosplayer.com.br\/festival\/wp-content\/uploads\/2018\/11\/logo-top.png","datePublished":"2019-02-28T01:41:34+00:00","dateModified":"2019-03-06T15:02:09+00:00","description":"Confira uma lista de Sites, Canais do Youtube e Portais onde o Mundo Cosplayer Festival foi destaque.","breadcrumb":{"@id":"https:\/\/www.mundocosplayer.com.br\/festival\/imprensa\/#breadcrumb"},"inLanguage":"pt-BR","potentialAction":[{"@type":"ReadAction","target":["https:\/\/www.mundocosplayer.com.br\/festival\/imprensa\/"]}]},{"@type":"ImageObject","inLanguage":"pt-BR","@id":"https:\/\/www.mundocosplayer.com.br\/festival\/imprensa\/#primaryimage","url":"https:\/\/www.mundocosplayer.com.br\/festival\/wp-content\/uploads\/2018\/11\/logo-top.png","contentUrl":"https:\/\/www.mundocosplayer.com.br\/festival\/wp-content\/uploads\/2018\/11\/logo-top.png","width":1080,"height":300},{"@type":"BreadcrumbList","@id":"https:\/\/www.mundocosplayer.com.br\/festival\/imprensa\/#breadcrumb","itemListElement":[{"@type":"ListItem","position":1,"name":"In\u00edcio","item":"https:\/\/www.mundocosplayer.com.br\/festival\/"},{"@type":"ListItem","position":2,"name":"Imprensa"}]},{"@type":"WebSite","@id":"https:\/\/www.mundocosplayer.com.br\/festival\/#website","url":"https:\/\/www.mundocosplayer.com.br\/festival\/","name":"Mundo Cosplayer Festival","description":"Venha se divertir com a gente!","potentialAction":[{"@type":"SearchAction","target":{"@type":"EntryPoint","urlTemplate":"https:\/\/www.mundocosplayer.com.br\/festival\/?s={search_term_string}"},"query-input":{"@type":"PropertyValueSpecification","valueRequired":true,"valueName":"search_term_string"}}],"inLanguage":"pt-BR"}]}},"_links":{"self":[{"href":"https:\/\/www.mundocosplayer.com.br\/festival\/wp-json\/wp\/v2\/pages\/634","targetHints":{"allow":["GET"]}}],"collection":[{"href":"https:\/\/www.mundocosplayer.com.br\/festival\/wp-json\/wp\/v2\/pages"}],"about":[{"href":"https:\/\/www.mundocosplayer.com.br\/festival\/wp-json\/wp\/v2\/types\/page"}],"author":[{"embeddable":true,"href":"https:\/\/www.mundocosplayer.com.br\/festival\/wp-json\/wp\/v2\/users\/1"}],"replies":[{"embeddable":true,"href":"https:\/\/www.mundocosplayer.com.br\/festival\/wp-json\/wp\/v2\/comments?post=634"}],"version-history":[{"count":10,"href":"https:\/\/www.mundocosplayer.com.br\/festival\/wp-json\/wp\/v2\/pages\/634\/revisions"}],"predecessor-version":[{"id":645,"href":"https:\/\/www.mundocosplayer.com.br\/festival\/wp-json\/wp\/v2\/pages\/634\/revisions\/645"}],"wp:featuredmedia":[{"embeddable":true,"href":"https:\/\/www.mundocosplayer.com.br\/festival\/wp-json\/wp\/v2\/media\/216"}],"wp:attachment":[{"href":"https:\/\/www.mundocosplayer.com.br\/festival\/wp-json\/wp\/v2\/media?parent=634"}],"curies":[{"name":"wp","href":"https:\/\/api.w.org\/{rel}","templated":true}]}}