{"id":597,"date":"2019-02-06T15:41:56","date_gmt":"2019-02-06T15:41:56","guid":{"rendered":"http:\/\/www.mundocosplayer.com.br\/festival\/?page_id=597"},"modified":"2019-02-06T15:43:02","modified_gmt":"2019-02-06T15:43:02","slug":"espaco-saga","status":"publish","type":"page","link":"https:\/\/www.mundocosplayer.com.br\/festival\/atracoes\/espaco-saga\/","title":{"rendered":"Espa\u00e7o SAGA"},"content":{"rendered":"<p>&nbsp;<\/p>\n<p style=\"text-align: justify;\">A escola <strong>SAGA<\/strong> de <strong>Guarulhos<\/strong> estar\u00e1 conosco no <span style=\"color: #ff6600;\"><strong>Mundo Cosplayer Festival<\/strong><\/span> com um espa\u00e7o recheado de games e campeonatos para o p\u00fablico. No <strong>Espa\u00e7o SAGA<\/strong> teremos campeonatos de <em>Street Fighter<\/em> e <em>Just Dance<\/em> valendo bon\u00e9s, camisetas e canecas super lindas!<\/p>\n<p>&nbsp;<\/p>\n<p style=\"text-align: justify;\">Al\u00e9m disso, a <strong>SAGA<\/strong> trar\u00e1 uma grande surpresa no palco do evento para o p\u00fablico. Venha conferir!<\/p>\n<p>&nbsp;<\/p>\n<p>&nbsp;<\/p>\n<p style=\"text-align: justify;\"><a href=\"http:\/\/www.mundocosplayer.com.br\/festival\/wp-content\/uploads\/2019\/02\/espaco-saga1.png\"><img loading=\"lazy\" decoding=\"async\" class=\"size-full wp-image-580 aligncenter\" src=\"http:\/\/www.mundocosplayer.com.br\/festival\/wp-content\/uploads\/2019\/02\/espaco-saga1.png\" alt=\"\" width=\"968\" height=\"1144\" \/><\/a><\/p>\n<p>&nbsp;<\/p>\n<p style=\"text-align: justify;\"><strong><a href=\"https:\/\/saga.art.br\/unidades\/guarulhos-sp\/\" target=\"_blank\" rel=\"noopener\">Site<\/a> | <a href=\"https:\/\/www.facebook.com\/escola.saga\" target=\"_blank\" rel=\"noopener\">Facebook<\/a> | <a href=\"https:\/\/www.instagram.com\/escolasaga\/\" target=\"_blank\" rel=\"noopener\">Instagram<\/a> | <a href=\"https:\/\/www.youtube.com\/user\/EscolaSAGA\" target=\"_blank\" rel=\"noopener\">Youtube<\/a><\/strong><\/p>\n<p>&nbsp;<\/p>\n<p>&nbsp;<\/p>\n","protected":false},"excerpt":{"rendered":"<p>&nbsp; A escola SAGA de Guarulhos estar\u00e1 conosco no Mundo Cosplayer Festival com um espa\u00e7o recheado de games e campeonatos para o p\u00fablico. No Espa\u00e7o SAGA teremos campeonatos de Street Fighter e Just Dance valendo bon\u00e9s, camisetas e canecas super lindas! &nbsp; Al\u00e9m disso, a SAGA trar\u00e1 uma grande surpresa\u2026 <a class=\"continue-reading-link\" href=\"https:\/\/www.mundocosplayer.com.br\/festival\/atracoes\/espaco-saga\/\">Continue reading<\/a><\/p>\n","protected":false},"author":1,"featured_media":598,"parent":223,"menu_order":0,"comment_status":"closed","ping_status":"closed","template":"","meta":{"footnotes":""},"class_list":["post-597","page","type-page","status-publish","has-post-thumbnail","hentry"],"yoast_head":"<!-- This site is optimized with the Yoast SEO plugin v27.5 - https:\/\/yoast.com\/product\/yoast-seo-wordpress\/ -->\n<title>Espa\u00e7o SAGA - Mundo Cosplayer Festival<\/title>\n<meta name=\"description\" content=\"A escola SAGA de Guarulhos estar\u00e1 conosco no Mundo Cosplayer Festival com um espa\u00e7o recheado de games e campeonatos para o p\u00fablico. No Espa\u00e7o SAGA teremos campeonatos de Street Fighter e Just Dance valendo bon\u00e9s, camisetas e canecas super lindas!\" \/>\n<meta name=\"robots\" content=\"index, follow, max-snippet:-1, max-image-preview:large, max-video-preview:-1\" \/>\n<link rel=\"canonical\" href=\"https:\/\/www.mundocosplayer.com.br\/festival\/atracoes\/espaco-saga\/\" \/>\n<meta property=\"og:locale\" content=\"pt_BR\" \/>\n<meta property=\"og:type\" content=\"article\" \/>\n<meta property=\"og:title\" content=\"Espa\u00e7o SAGA - Mundo Cosplayer Festival\" \/>\n<meta property=\"og:description\" content=\"A escola SAGA de Guarulhos estar\u00e1 conosco no Mundo Cosplayer Festival com um espa\u00e7o recheado de games e campeonatos para o p\u00fablico. No Espa\u00e7o SAGA teremos campeonatos de Street Fighter e Just Dance valendo bon\u00e9s, camisetas e canecas super lindas!\" \/>\n<meta property=\"og:url\" content=\"https:\/\/www.mundocosplayer.com.br\/festival\/atracoes\/espaco-saga\/\" \/>\n<meta property=\"og:site_name\" content=\"Mundo Cosplayer Festival\" \/>\n<meta property=\"article:modified_time\" content=\"2019-02-06T15:43:02+00:00\" \/>\n<meta property=\"og:image\" content=\"https:\/\/www.mundocosplayer.com.br\/festival\/wp-content\/uploads\/2019\/02\/espaco-saga1.png\" \/>\n\t<meta property=\"og:image:width\" content=\"968\" \/>\n\t<meta property=\"og:image:height\" content=\"1144\" \/>\n\t<meta property=\"og:image:type\" content=\"image\/png\" \/>\n<script type=\"application\/ld+json\" class=\"yoast-schema-graph\">{\"@context\":\"https:\\\/\\\/schema.org\",\"@graph\":[{\"@type\":\"WebPage\",\"@id\":\"https:\\\/\\\/www.mundocosplayer.com.br\\\/festival\\\/atracoes\\\/espaco-saga\\\/\",\"url\":\"https:\\\/\\\/www.mundocosplayer.com.br\\\/festival\\\/atracoes\\\/espaco-saga\\\/\",\"name\":\"Espa\u00e7o SAGA - Mundo Cosplayer Festival\",\"isPartOf\":{\"@id\":\"https:\\\/\\\/www.mundocosplayer.com.br\\\/festival\\\/#website\"},\"primaryImageOfPage\":{\"@id\":\"https:\\\/\\\/www.mundocosplayer.com.br\\\/festival\\\/atracoes\\\/espaco-saga\\\/#primaryimage\"},\"image\":{\"@id\":\"https:\\\/\\\/www.mundocosplayer.com.br\\\/festival\\\/atracoes\\\/espaco-saga\\\/#primaryimage\"},\"thumbnailUrl\":\"https:\\\/\\\/www.mundocosplayer.com.br\\\/festival\\\/wp-content\\\/uploads\\\/2019\\\/02\\\/espaco-saga1.png\",\"datePublished\":\"2019-02-06T15:41:56+00:00\",\"dateModified\":\"2019-02-06T15:43:02+00:00\",\"description\":\"A escola SAGA de Guarulhos estar\u00e1 conosco no Mundo Cosplayer Festival com um espa\u00e7o recheado de games e campeonatos para o p\u00fablico. No Espa\u00e7o SAGA teremos campeonatos de Street Fighter e Just Dance valendo bon\u00e9s, camisetas e canecas super lindas!\",\"breadcrumb\":{\"@id\":\"https:\\\/\\\/www.mundocosplayer.com.br\\\/festival\\\/atracoes\\\/espaco-saga\\\/#breadcrumb\"},\"inLanguage\":\"pt-BR\",\"potentialAction\":[{\"@type\":\"ReadAction\",\"target\":[\"https:\\\/\\\/www.mundocosplayer.com.br\\\/festival\\\/atracoes\\\/espaco-saga\\\/\"]}]},{\"@type\":\"ImageObject\",\"inLanguage\":\"pt-BR\",\"@id\":\"https:\\\/\\\/www.mundocosplayer.com.br\\\/festival\\\/atracoes\\\/espaco-saga\\\/#primaryimage\",\"url\":\"https:\\\/\\\/www.mundocosplayer.com.br\\\/festival\\\/wp-content\\\/uploads\\\/2019\\\/02\\\/espaco-saga1.png\",\"contentUrl\":\"https:\\\/\\\/www.mundocosplayer.com.br\\\/festival\\\/wp-content\\\/uploads\\\/2019\\\/02\\\/espaco-saga1.png\",\"width\":968,\"height\":1144},{\"@type\":\"BreadcrumbList\",\"@id\":\"https:\\\/\\\/www.mundocosplayer.com.br\\\/festival\\\/atracoes\\\/espaco-saga\\\/#breadcrumb\",\"itemListElement\":[{\"@type\":\"ListItem\",\"position\":1,\"name\":\"In\u00edcio\",\"item\":\"https:\\\/\\\/www.mundocosplayer.com.br\\\/festival\\\/\"},{\"@type\":\"ListItem\",\"position\":2,\"name\":\"Atra\u00e7\u00f5es\",\"item\":\"https:\\\/\\\/www.mundocosplayer.com.br\\\/festival\\\/atracoes\\\/\"},{\"@type\":\"ListItem\",\"position\":3,\"name\":\"Espa\u00e7o SAGA\"}]},{\"@type\":\"WebSite\",\"@id\":\"https:\\\/\\\/www.mundocosplayer.com.br\\\/festival\\\/#website\",\"url\":\"https:\\\/\\\/www.mundocosplayer.com.br\\\/festival\\\/\",\"name\":\"Mundo Cosplayer Festival\",\"description\":\"Venha se divertir com a gente!\",\"potentialAction\":[{\"@type\":\"SearchAction\",\"target\":{\"@type\":\"EntryPoint\",\"urlTemplate\":\"https:\\\/\\\/www.mundocosplayer.com.br\\\/festival\\\/?s={search_term_string}\"},\"query-input\":{\"@type\":\"PropertyValueSpecification\",\"valueRequired\":true,\"valueName\":\"search_term_string\"}}],\"inLanguage\":\"pt-BR\"}]}<\/script>\n<!-- \/ Yoast SEO plugin. -->","yoast_head_json":{"title":"Espa\u00e7o SAGA - Mundo Cosplayer Festival","description":"A escola SAGA de Guarulhos estar\u00e1 conosco no Mundo Cosplayer Festival com um espa\u00e7o recheado de games e campeonatos para o p\u00fablico. No Espa\u00e7o SAGA teremos campeonatos de Street Fighter e Just Dance valendo bon\u00e9s, camisetas e canecas super lindas!","robots":{"index":"index","follow":"follow","max-snippet":"max-snippet:-1","max-image-preview":"max-image-preview:large","max-video-preview":"max-video-preview:-1"},"canonical":"https:\/\/www.mundocosplayer.com.br\/festival\/atracoes\/espaco-saga\/","og_locale":"pt_BR","og_type":"article","og_title":"Espa\u00e7o SAGA - Mundo Cosplayer Festival","og_description":"A escola SAGA de Guarulhos estar\u00e1 conosco no Mundo Cosplayer Festival com um espa\u00e7o recheado de games e campeonatos para o p\u00fablico. No Espa\u00e7o SAGA teremos campeonatos de Street Fighter e Just Dance valendo bon\u00e9s, camisetas e canecas super lindas!","og_url":"https:\/\/www.mundocosplayer.com.br\/festival\/atracoes\/espaco-saga\/","og_site_name":"Mundo Cosplayer Festival","article_modified_time":"2019-02-06T15:43:02+00:00","og_image":[{"width":968,"height":1144,"url":"https:\/\/www.mundocosplayer.com.br\/festival\/wp-content\/uploads\/2019\/02\/espaco-saga1.png","type":"image\/png"}],"schema":{"@context":"https:\/\/schema.org","@graph":[{"@type":"WebPage","@id":"https:\/\/www.mundocosplayer.com.br\/festival\/atracoes\/espaco-saga\/","url":"https:\/\/www.mundocosplayer.com.br\/festival\/atracoes\/espaco-saga\/","name":"Espa\u00e7o SAGA - Mundo Cosplayer Festival","isPartOf":{"@id":"https:\/\/www.mundocosplayer.com.br\/festival\/#website"},"primaryImageOfPage":{"@id":"https:\/\/www.mundocosplayer.com.br\/festival\/atracoes\/espaco-saga\/#primaryimage"},"image":{"@id":"https:\/\/www.mundocosplayer.com.br\/festival\/atracoes\/espaco-saga\/#primaryimage"},"thumbnailUrl":"https:\/\/www.mundocosplayer.com.br\/festival\/wp-content\/uploads\/2019\/02\/espaco-saga1.png","datePublished":"2019-02-06T15:41:56+00:00","dateModified":"2019-02-06T15:43:02+00:00","description":"A escola SAGA de Guarulhos estar\u00e1 conosco no Mundo Cosplayer Festival com um espa\u00e7o recheado de games e campeonatos para o p\u00fablico. No Espa\u00e7o SAGA teremos campeonatos de Street Fighter e Just Dance valendo bon\u00e9s, camisetas e canecas super lindas!","breadcrumb":{"@id":"https:\/\/www.mundocosplayer.com.br\/festival\/atracoes\/espaco-saga\/#breadcrumb"},"inLanguage":"pt-BR","potentialAction":[{"@type":"ReadAction","target":["https:\/\/www.mundocosplayer.com.br\/festival\/atracoes\/espaco-saga\/"]}]},{"@type":"ImageObject","inLanguage":"pt-BR","@id":"https:\/\/www.mundocosplayer.com.br\/festival\/atracoes\/espaco-saga\/#primaryimage","url":"https:\/\/www.mundocosplayer.com.br\/festival\/wp-content\/uploads\/2019\/02\/espaco-saga1.png","contentUrl":"https:\/\/www.mundocosplayer.com.br\/festival\/wp-content\/uploads\/2019\/02\/espaco-saga1.png","width":968,"height":1144},{"@type":"BreadcrumbList","@id":"https:\/\/www.mundocosplayer.com.br\/festival\/atracoes\/espaco-saga\/#breadcrumb","itemListElement":[{"@type":"ListItem","position":1,"name":"In\u00edcio","item":"https:\/\/www.mundocosplayer.com.br\/festival\/"},{"@type":"ListItem","position":2,"name":"Atra\u00e7\u00f5es","item":"https:\/\/www.mundocosplayer.com.br\/festival\/atracoes\/"},{"@type":"ListItem","position":3,"name":"Espa\u00e7o SAGA"}]},{"@type":"WebSite","@id":"https:\/\/www.mundocosplayer.com.br\/festival\/#website","url":"https:\/\/www.mundocosplayer.com.br\/festival\/","name":"Mundo Cosplayer Festival","description":"Venha se divertir com a gente!","potentialAction":[{"@type":"SearchAction","target":{"@type":"EntryPoint","urlTemplate":"https:\/\/www.mundocosplayer.com.br\/festival\/?s={search_term_string}"},"query-input":{"@type":"PropertyValueSpecification","valueRequired":true,"valueName":"search_term_string"}}],"inLanguage":"pt-BR"}]}},"_links":{"self":[{"href":"https:\/\/www.mundocosplayer.com.br\/festival\/wp-json\/wp\/v2\/pages\/597","targetHints":{"allow":["GET"]}}],"collection":[{"href":"https:\/\/www.mundocosplayer.com.br\/festival\/wp-json\/wp\/v2\/pages"}],"about":[{"href":"https:\/\/www.mundocosplayer.com.br\/festival\/wp-json\/wp\/v2\/types\/page"}],"author":[{"embeddable":true,"href":"https:\/\/www.mundocosplayer.com.br\/festival\/wp-json\/wp\/v2\/users\/1"}],"replies":[{"embeddable":true,"href":"https:\/\/www.mundocosplayer.com.br\/festival\/wp-json\/wp\/v2\/comments?post=597"}],"version-history":[{"count":3,"href":"https:\/\/www.mundocosplayer.com.br\/festival\/wp-json\/wp\/v2\/pages\/597\/revisions"}],"predecessor-version":[{"id":601,"href":"https:\/\/www.mundocosplayer.com.br\/festival\/wp-json\/wp\/v2\/pages\/597\/revisions\/601"}],"up":[{"embeddable":true,"href":"https:\/\/www.mundocosplayer.com.br\/festival\/wp-json\/wp\/v2\/pages\/223"}],"wp:featuredmedia":[{"embeddable":true,"href":"https:\/\/www.mundocosplayer.com.br\/festival\/wp-json\/wp\/v2\/media\/598"}],"wp:attachment":[{"href":"https:\/\/www.mundocosplayer.com.br\/festival\/wp-json\/wp\/v2\/media?parent=597"}],"curies":[{"name":"wp","href":"https:\/\/api.w.org\/{rel}","templated":true}]}}