{"id":581,"date":"2019-02-03T17:47:11","date_gmt":"2019-02-03T17:47:11","guid":{"rendered":"http:\/\/www.mundocosplayer.com.br\/festival\/?page_id=581"},"modified":"2019-02-03T18:49:19","modified_gmt":"2019-02-03T18:49:19","slug":"aperfeicoamento-de-cosplay-dicas-com-mirage-e-verinha","status":"publish","type":"page","link":"https:\/\/www.mundocosplayer.com.br\/festival\/atracoes\/aperfeicoamento-de-cosplay-dicas-com-mirage-e-verinha\/","title":{"rendered":"Aperfei\u00e7oamento de Cosplay &#8211; Dicas com Mirage e Verinha"},"content":{"rendered":"<p>&nbsp;<\/p>\n<p>&nbsp;<\/p>\n<p style=\"text-align: justify;\">Em parceria com o <em>site<\/em> <strong><a href=\"https:\/\/sucodemanga.com.br\/\" target=\"_blank\" rel=\"noopener\"><span style=\"color: #ff6600;\">Suco de Mang\u00e1<\/span><\/a>,<\/strong> o <span style=\"color: #ff6600;\"><strong>Mundo Cosplayer Festival<\/strong><\/span> trar\u00e1 os <em>cosplayers <\/em><strong>Mirage<\/strong> e <strong>Verinha<\/strong> para dar dicas para quem est\u00e1 iniciando no mundo <em>cosplay<\/em>, que v\u00e3o desde de maquiagem at\u00e9 como utilizar os materiais certos para fazer aqueles acess\u00f3rios super legais!<\/p>\n<p>&nbsp;<\/p>\n<p><a href=\"http:\/\/www.mundocosplayer.com.br\/festival\/wp-content\/uploads\/2019\/02\/aperfei\u00e7oamento-cosplay.png\"><img loading=\"lazy\" decoding=\"async\" class=\"alignnone size-full wp-image-560\" src=\"http:\/\/www.mundocosplayer.com.br\/festival\/wp-content\/uploads\/2019\/02\/aperfei\u00e7oamento-cosplay.png\" alt=\"\" width=\"968\" height=\"1143\" \/><\/a><\/p>\n<p>&nbsp;<\/p>\n<p style=\"text-align: justify;\"><strong>Mirage<\/strong> al\u00e9m de <em>cosplayer<\/em> h\u00e1 15 anos \u00e9 programador de jogos e <em>streamer<\/em> da <em>Twitch<\/em> no canal <a href=\"https:\/\/www.twitch.tv\/mirageiw\" target=\"_blank\" rel=\"noopener\"><strong>MirageIW<\/strong><\/a>.<\/p>\n<p style=\"text-align: justify;\"><strong>Verinha<\/strong> \u00e9 <em>cosplayer<\/em> h\u00e1 9 anos, apresentadora do <span style=\"color: #ff6600;\"><strong>Suco de Mang\u00e1<\/strong> <\/span>e maquiadora prestando servi\u00e7os para grandes est\u00fadios como <em>Ubisoft<\/em>.<\/p>\n<p>&nbsp;<\/p>\n<p>&nbsp;<\/p>\n<p>&nbsp;<\/p>\n<p style=\"text-align: justify;\"><strong>Suco de Mang\u00e1<\/strong> &#8211; <strong><a href=\"https:\/\/www.facebook.com\/sucodm\" target=\"_blank\" rel=\"noopener\">Facebook<\/a> | <a href=\"https:\/\/www.instagram.com\/sucodm\/\" target=\"_blank\" rel=\"noopener\">Instagram<\/a><\/strong><\/p>\n<p style=\"text-align: justify;\">\n","protected":false},"excerpt":{"rendered":"<p>&nbsp; &nbsp; Em parceria com o site Suco de Mang\u00e1, o Mundo Cosplayer Festival trar\u00e1 os cosplayers Mirage e Verinha para dar dicas para quem est\u00e1 iniciando no mundo cosplay, que v\u00e3o desde de maquiagem at\u00e9 como utilizar os materiais certos para fazer aqueles acess\u00f3rios super legais! &nbsp; &nbsp; Mirage\u2026 <a class=\"continue-reading-link\" href=\"https:\/\/www.mundocosplayer.com.br\/festival\/atracoes\/aperfeicoamento-de-cosplay-dicas-com-mirage-e-verinha\/\">Continue reading<\/a><\/p>\n","protected":false},"author":1,"featured_media":580,"parent":223,"menu_order":0,"comment_status":"closed","ping_status":"closed","template":"","meta":{"footnotes":""},"class_list":["post-581","page","type-page","status-publish","has-post-thumbnail","hentry"],"yoast_head":"<!-- This site is optimized with the Yoast SEO plugin v27.5 - https:\/\/yoast.com\/product\/yoast-seo-wordpress\/ -->\n<title>Aperfei\u00e7oamento de Cosplay - Dicas com Mirage e Verinha - Mundo Cosplayer Festival<\/title>\n<meta name=\"description\" content=\"Em parceria com o site Suco de Mang\u00e1, o Mundo Cosplayer Festival trar\u00e1 os cosplayers Mirage e Verinha para dar dicas para quem est\u00e1 iniciando no mundo cosplay, que v\u00e3o desde de maquiagem at\u00e9 como utilizar os materiais certos para fazer aqueles acess\u00f3rios super legais!\" \/>\n<meta name=\"robots\" content=\"index, follow, max-snippet:-1, max-image-preview:large, max-video-preview:-1\" \/>\n<link rel=\"canonical\" href=\"https:\/\/www.mundocosplayer.com.br\/festival\/atracoes\/aperfeicoamento-de-cosplay-dicas-com-mirage-e-verinha\/\" \/>\n<meta property=\"og:locale\" content=\"pt_BR\" \/>\n<meta property=\"og:type\" content=\"article\" \/>\n<meta property=\"og:title\" content=\"Aperfei\u00e7oamento de Cosplay - Dicas com Mirage e Verinha - Mundo Cosplayer Festival\" \/>\n<meta property=\"og:description\" content=\"Em parceria com o site Suco de Mang\u00e1, o Mundo Cosplayer Festival trar\u00e1 os cosplayers Mirage e Verinha para dar dicas para quem est\u00e1 iniciando no mundo cosplay, que v\u00e3o desde de maquiagem at\u00e9 como utilizar os materiais certos para fazer aqueles acess\u00f3rios super legais!\" \/>\n<meta property=\"og:url\" content=\"https:\/\/www.mundocosplayer.com.br\/festival\/atracoes\/aperfeicoamento-de-cosplay-dicas-com-mirage-e-verinha\/\" \/>\n<meta property=\"og:site_name\" content=\"Mundo Cosplayer Festival\" \/>\n<meta property=\"article:modified_time\" content=\"2019-02-03T18:49:19+00:00\" \/>\n<meta property=\"og:image\" content=\"https:\/\/www.mundocosplayer.com.br\/festival\/wp-content\/uploads\/2019\/02\/aperfei\u00e7oamento-cosplay.png\" \/>\n\t<meta property=\"og:image:width\" content=\"968\" \/>\n\t<meta property=\"og:image:height\" content=\"1144\" \/>\n\t<meta property=\"og:image:type\" content=\"image\/png\" \/>\n<script type=\"application\/ld+json\" class=\"yoast-schema-graph\">{\"@context\":\"https:\\\/\\\/schema.org\",\"@graph\":[{\"@type\":\"WebPage\",\"@id\":\"https:\\\/\\\/www.mundocosplayer.com.br\\\/festival\\\/atracoes\\\/aperfeicoamento-de-cosplay-dicas-com-mirage-e-verinha\\\/\",\"url\":\"https:\\\/\\\/www.mundocosplayer.com.br\\\/festival\\\/atracoes\\\/aperfeicoamento-de-cosplay-dicas-com-mirage-e-verinha\\\/\",\"name\":\"Aperfei\u00e7oamento de Cosplay - Dicas com Mirage e Verinha - Mundo Cosplayer Festival\",\"isPartOf\":{\"@id\":\"https:\\\/\\\/www.mundocosplayer.com.br\\\/festival\\\/#website\"},\"primaryImageOfPage\":{\"@id\":\"https:\\\/\\\/www.mundocosplayer.com.br\\\/festival\\\/atracoes\\\/aperfeicoamento-de-cosplay-dicas-com-mirage-e-verinha\\\/#primaryimage\"},\"image\":{\"@id\":\"https:\\\/\\\/www.mundocosplayer.com.br\\\/festival\\\/atracoes\\\/aperfeicoamento-de-cosplay-dicas-com-mirage-e-verinha\\\/#primaryimage\"},\"thumbnailUrl\":\"https:\\\/\\\/www.mundocosplayer.com.br\\\/festival\\\/wp-content\\\/uploads\\\/2019\\\/02\\\/aperfei\u00e7oamento-cosplay.png\",\"datePublished\":\"2019-02-03T17:47:11+00:00\",\"dateModified\":\"2019-02-03T18:49:19+00:00\",\"description\":\"Em parceria com o site Suco de Mang\u00e1, o Mundo Cosplayer Festival trar\u00e1 os cosplayers Mirage e Verinha para dar dicas para quem est\u00e1 iniciando no mundo cosplay, que v\u00e3o desde de maquiagem at\u00e9 como utilizar os materiais certos para fazer aqueles acess\u00f3rios super legais!\",\"breadcrumb\":{\"@id\":\"https:\\\/\\\/www.mundocosplayer.com.br\\\/festival\\\/atracoes\\\/aperfeicoamento-de-cosplay-dicas-com-mirage-e-verinha\\\/#breadcrumb\"},\"inLanguage\":\"pt-BR\",\"potentialAction\":[{\"@type\":\"ReadAction\",\"target\":[\"https:\\\/\\\/www.mundocosplayer.com.br\\\/festival\\\/atracoes\\\/aperfeicoamento-de-cosplay-dicas-com-mirage-e-verinha\\\/\"]}]},{\"@type\":\"ImageObject\",\"inLanguage\":\"pt-BR\",\"@id\":\"https:\\\/\\\/www.mundocosplayer.com.br\\\/festival\\\/atracoes\\\/aperfeicoamento-de-cosplay-dicas-com-mirage-e-verinha\\\/#primaryimage\",\"url\":\"https:\\\/\\\/www.mundocosplayer.com.br\\\/festival\\\/wp-content\\\/uploads\\\/2019\\\/02\\\/aperfei\u00e7oamento-cosplay.png\",\"contentUrl\":\"https:\\\/\\\/www.mundocosplayer.com.br\\\/festival\\\/wp-content\\\/uploads\\\/2019\\\/02\\\/aperfei\u00e7oamento-cosplay.png\",\"width\":968,\"height\":1144},{\"@type\":\"BreadcrumbList\",\"@id\":\"https:\\\/\\\/www.mundocosplayer.com.br\\\/festival\\\/atracoes\\\/aperfeicoamento-de-cosplay-dicas-com-mirage-e-verinha\\\/#breadcrumb\",\"itemListElement\":[{\"@type\":\"ListItem\",\"position\":1,\"name\":\"In\u00edcio\",\"item\":\"https:\\\/\\\/www.mundocosplayer.com.br\\\/festival\\\/\"},{\"@type\":\"ListItem\",\"position\":2,\"name\":\"Atra\u00e7\u00f5es\",\"item\":\"https:\\\/\\\/www.mundocosplayer.com.br\\\/festival\\\/atracoes\\\/\"},{\"@type\":\"ListItem\",\"position\":3,\"name\":\"Aperfei\u00e7oamento de Cosplay &#8211; Dicas com Mirage e Verinha\"}]},{\"@type\":\"WebSite\",\"@id\":\"https:\\\/\\\/www.mundocosplayer.com.br\\\/festival\\\/#website\",\"url\":\"https:\\\/\\\/www.mundocosplayer.com.br\\\/festival\\\/\",\"name\":\"Mundo Cosplayer Festival\",\"description\":\"Venha se divertir com a gente!\",\"potentialAction\":[{\"@type\":\"SearchAction\",\"target\":{\"@type\":\"EntryPoint\",\"urlTemplate\":\"https:\\\/\\\/www.mundocosplayer.com.br\\\/festival\\\/?s={search_term_string}\"},\"query-input\":{\"@type\":\"PropertyValueSpecification\",\"valueRequired\":true,\"valueName\":\"search_term_string\"}}],\"inLanguage\":\"pt-BR\"}]}<\/script>\n<!-- \/ Yoast SEO plugin. -->","yoast_head_json":{"title":"Aperfei\u00e7oamento de Cosplay - Dicas com Mirage e Verinha - Mundo Cosplayer Festival","description":"Em parceria com o site Suco de Mang\u00e1, o Mundo Cosplayer Festival trar\u00e1 os cosplayers Mirage e Verinha para dar dicas para quem est\u00e1 iniciando no mundo cosplay, que v\u00e3o desde de maquiagem at\u00e9 como utilizar os materiais certos para fazer aqueles acess\u00f3rios super legais!","robots":{"index":"index","follow":"follow","max-snippet":"max-snippet:-1","max-image-preview":"max-image-preview:large","max-video-preview":"max-video-preview:-1"},"canonical":"https:\/\/www.mundocosplayer.com.br\/festival\/atracoes\/aperfeicoamento-de-cosplay-dicas-com-mirage-e-verinha\/","og_locale":"pt_BR","og_type":"article","og_title":"Aperfei\u00e7oamento de Cosplay - Dicas com Mirage e Verinha - Mundo Cosplayer Festival","og_description":"Em parceria com o site Suco de Mang\u00e1, o Mundo Cosplayer Festival trar\u00e1 os cosplayers Mirage e Verinha para dar dicas para quem est\u00e1 iniciando no mundo cosplay, que v\u00e3o desde de maquiagem at\u00e9 como utilizar os materiais certos para fazer aqueles acess\u00f3rios super legais!","og_url":"https:\/\/www.mundocosplayer.com.br\/festival\/atracoes\/aperfeicoamento-de-cosplay-dicas-com-mirage-e-verinha\/","og_site_name":"Mundo Cosplayer Festival","article_modified_time":"2019-02-03T18:49:19+00:00","og_image":[{"width":968,"height":1144,"url":"https:\/\/www.mundocosplayer.com.br\/festival\/wp-content\/uploads\/2019\/02\/aperfei\u00e7oamento-cosplay.png","type":"image\/png"}],"schema":{"@context":"https:\/\/schema.org","@graph":[{"@type":"WebPage","@id":"https:\/\/www.mundocosplayer.com.br\/festival\/atracoes\/aperfeicoamento-de-cosplay-dicas-com-mirage-e-verinha\/","url":"https:\/\/www.mundocosplayer.com.br\/festival\/atracoes\/aperfeicoamento-de-cosplay-dicas-com-mirage-e-verinha\/","name":"Aperfei\u00e7oamento de Cosplay - Dicas com Mirage e Verinha - Mundo Cosplayer Festival","isPartOf":{"@id":"https:\/\/www.mundocosplayer.com.br\/festival\/#website"},"primaryImageOfPage":{"@id":"https:\/\/www.mundocosplayer.com.br\/festival\/atracoes\/aperfeicoamento-de-cosplay-dicas-com-mirage-e-verinha\/#primaryimage"},"image":{"@id":"https:\/\/www.mundocosplayer.com.br\/festival\/atracoes\/aperfeicoamento-de-cosplay-dicas-com-mirage-e-verinha\/#primaryimage"},"thumbnailUrl":"https:\/\/www.mundocosplayer.com.br\/festival\/wp-content\/uploads\/2019\/02\/aperfei\u00e7oamento-cosplay.png","datePublished":"2019-02-03T17:47:11+00:00","dateModified":"2019-02-03T18:49:19+00:00","description":"Em parceria com o site Suco de Mang\u00e1, o Mundo Cosplayer Festival trar\u00e1 os cosplayers Mirage e Verinha para dar dicas para quem est\u00e1 iniciando no mundo cosplay, que v\u00e3o desde de maquiagem at\u00e9 como utilizar os materiais certos para fazer aqueles acess\u00f3rios super legais!","breadcrumb":{"@id":"https:\/\/www.mundocosplayer.com.br\/festival\/atracoes\/aperfeicoamento-de-cosplay-dicas-com-mirage-e-verinha\/#breadcrumb"},"inLanguage":"pt-BR","potentialAction":[{"@type":"ReadAction","target":["https:\/\/www.mundocosplayer.com.br\/festival\/atracoes\/aperfeicoamento-de-cosplay-dicas-com-mirage-e-verinha\/"]}]},{"@type":"ImageObject","inLanguage":"pt-BR","@id":"https:\/\/www.mundocosplayer.com.br\/festival\/atracoes\/aperfeicoamento-de-cosplay-dicas-com-mirage-e-verinha\/#primaryimage","url":"https:\/\/www.mundocosplayer.com.br\/festival\/wp-content\/uploads\/2019\/02\/aperfei\u00e7oamento-cosplay.png","contentUrl":"https:\/\/www.mundocosplayer.com.br\/festival\/wp-content\/uploads\/2019\/02\/aperfei\u00e7oamento-cosplay.png","width":968,"height":1144},{"@type":"BreadcrumbList","@id":"https:\/\/www.mundocosplayer.com.br\/festival\/atracoes\/aperfeicoamento-de-cosplay-dicas-com-mirage-e-verinha\/#breadcrumb","itemListElement":[{"@type":"ListItem","position":1,"name":"In\u00edcio","item":"https:\/\/www.mundocosplayer.com.br\/festival\/"},{"@type":"ListItem","position":2,"name":"Atra\u00e7\u00f5es","item":"https:\/\/www.mundocosplayer.com.br\/festival\/atracoes\/"},{"@type":"ListItem","position":3,"name":"Aperfei\u00e7oamento de Cosplay &#8211; Dicas com Mirage e Verinha"}]},{"@type":"WebSite","@id":"https:\/\/www.mundocosplayer.com.br\/festival\/#website","url":"https:\/\/www.mundocosplayer.com.br\/festival\/","name":"Mundo Cosplayer Festival","description":"Venha se divertir com a gente!","potentialAction":[{"@type":"SearchAction","target":{"@type":"EntryPoint","urlTemplate":"https:\/\/www.mundocosplayer.com.br\/festival\/?s={search_term_string}"},"query-input":{"@type":"PropertyValueSpecification","valueRequired":true,"valueName":"search_term_string"}}],"inLanguage":"pt-BR"}]}},"_links":{"self":[{"href":"https:\/\/www.mundocosplayer.com.br\/festival\/wp-json\/wp\/v2\/pages\/581","targetHints":{"allow":["GET"]}}],"collection":[{"href":"https:\/\/www.mundocosplayer.com.br\/festival\/wp-json\/wp\/v2\/pages"}],"about":[{"href":"https:\/\/www.mundocosplayer.com.br\/festival\/wp-json\/wp\/v2\/types\/page"}],"author":[{"embeddable":true,"href":"https:\/\/www.mundocosplayer.com.br\/festival\/wp-json\/wp\/v2\/users\/1"}],"replies":[{"embeddable":true,"href":"https:\/\/www.mundocosplayer.com.br\/festival\/wp-json\/wp\/v2\/comments?post=581"}],"version-history":[{"count":4,"href":"https:\/\/www.mundocosplayer.com.br\/festival\/wp-json\/wp\/v2\/pages\/581\/revisions"}],"predecessor-version":[{"id":588,"href":"https:\/\/www.mundocosplayer.com.br\/festival\/wp-json\/wp\/v2\/pages\/581\/revisions\/588"}],"up":[{"embeddable":true,"href":"https:\/\/www.mundocosplayer.com.br\/festival\/wp-json\/wp\/v2\/pages\/223"}],"wp:featuredmedia":[{"embeddable":true,"href":"https:\/\/www.mundocosplayer.com.br\/festival\/wp-json\/wp\/v2\/media\/580"}],"wp:attachment":[{"href":"https:\/\/www.mundocosplayer.com.br\/festival\/wp-json\/wp\/v2\/media?parent=581"}],"curies":[{"name":"wp","href":"https:\/\/api.w.org\/{rel}","templated":true}]}}