{"id":568,"date":"2019-02-03T16:35:52","date_gmt":"2019-02-03T16:35:52","guid":{"rendered":"http:\/\/www.mundocosplayer.com.br\/festival\/?page_id=568"},"modified":"2019-02-03T16:36:56","modified_gmt":"2019-02-03T16:36:56","slug":"show-da-banda-triscore","status":"publish","type":"page","link":"https:\/\/www.mundocosplayer.com.br\/festival\/atracoes\/show-da-banda-triscore\/","title":{"rendered":"Show da Banda Triscore"},"content":{"rendered":"<p>&nbsp;<\/p>\n<p>&nbsp;<\/p>\n<p style=\"text-align: justify;\">Sabe quando voc\u00ea sai da sess\u00e3o de cinema cantarolando o tema do filme que acabou de assistir, ou quando se apega tanto a uma musica de game que coloca de ringtone do celular?<\/p>\n<p>&nbsp;<\/p>\n<p><a href=\"http:\/\/www.mundocosplayer.com.br\/festival\/wp-content\/uploads\/2019\/02\/banda-triscore.png\"><img loading=\"lazy\" decoding=\"async\" class=\"size-full wp-image-500 aligncenter\" src=\"http:\/\/www.mundocosplayer.com.br\/festival\/wp-content\/uploads\/2019\/02\/banda-triscore.png\" alt=\"\" width=\"900\" height=\"675\" \/><\/a><\/p>\n<p>&nbsp;<\/p>\n<p style=\"text-align: justify;\">Pensando nessa sensa\u00e7\u00e3o que o Caio Gaona resolveu criar o Power Trio &#8220;<strong>Triscore<\/strong>&#8221; tocando temas de filmes, games e series auxiliados por um tel\u00e3o que passa cenas da m\u00eddia em quest\u00e3o, criando uma experi\u00eancia imersiva nunca vista antes!<\/p>\n<p>&nbsp;<\/p>\n<p style=\"text-align: justify;\">E a <strong>Triscore<\/strong> estar\u00e1 conosco no <span style=\"color: #ff6600;\"><strong>Mundo Cosplayer Festival<\/strong><\/span> abrindo as atra\u00e7\u00f5es do palco do evento. Venha se divertir e cantar muito com eles!<\/p>\n<p>&nbsp;<\/p>\n<p>&nbsp;<\/p>\n<p>https:\/\/www.youtube.com\/watch?v=gVaqNRjDISM<\/p>\n<p>&nbsp;<\/p>\n<p><strong><a href=\"https:\/\/www.facebook.com\/pg\/triscoreband\" target=\"_blank\" rel=\"noopener\">Facebook<\/a> | <a href=\"https:\/\/www.instagram.com\/triscore\/\" target=\"_blank\" rel=\"noopener\">Instagram<\/a> | <a href=\"https:\/\/www.youtube.com\/user\/caiogaona\" target=\"_blank\" rel=\"noopener\">Youtube<\/a><\/strong><\/p>\n","protected":false},"excerpt":{"rendered":"<p>&nbsp; &nbsp; Sabe quando voc\u00ea sai da sess\u00e3o de cinema cantarolando o tema do filme que acabou de assistir, ou quando se apega tanto a uma musica de game que coloca de ringtone do celular? &nbsp; &nbsp; Pensando nessa sensa\u00e7\u00e3o que o Caio Gaona resolveu criar o Power Trio &#8220;Triscore&#8221;\u2026 <a class=\"continue-reading-link\" href=\"https:\/\/www.mundocosplayer.com.br\/festival\/atracoes\/show-da-banda-triscore\/\">Continue reading<\/a><\/p>\n","protected":false},"author":1,"featured_media":570,"parent":223,"menu_order":0,"comment_status":"closed","ping_status":"closed","template":"","meta":{"footnotes":""},"class_list":["post-568","page","type-page","status-publish","has-post-thumbnail","hentry"],"yoast_head":"<!-- This site is optimized with the Yoast SEO plugin v27.5 - https:\/\/yoast.com\/product\/yoast-seo-wordpress\/ -->\n<title>Show da Banda Triscore - Mundo Cosplayer Festival<\/title>\n<meta name=\"description\" content=\"Sabe quando voc\u00ea sai da sess\u00e3o de cinema cantarolando o tema do filme que acabou de assistir, ou quando se apega tanto a uma musica de game que coloca de ringtone do celular?\" \/>\n<meta name=\"robots\" content=\"index, follow, max-snippet:-1, max-image-preview:large, max-video-preview:-1\" \/>\n<link rel=\"canonical\" href=\"https:\/\/www.mundocosplayer.com.br\/festival\/atracoes\/show-da-banda-triscore\/\" \/>\n<meta property=\"og:locale\" content=\"pt_BR\" \/>\n<meta property=\"og:type\" content=\"article\" \/>\n<meta property=\"og:title\" content=\"Show da Banda Triscore - Mundo Cosplayer Festival\" \/>\n<meta property=\"og:description\" content=\"Sabe quando voc\u00ea sai da sess\u00e3o de cinema cantarolando o tema do filme que acabou de assistir, ou quando se apega tanto a uma musica de game que coloca de ringtone do celular?\" \/>\n<meta property=\"og:url\" content=\"https:\/\/www.mundocosplayer.com.br\/festival\/atracoes\/show-da-banda-triscore\/\" \/>\n<meta property=\"og:site_name\" content=\"Mundo Cosplayer Festival\" \/>\n<meta property=\"article:modified_time\" content=\"2019-02-03T16:36:56+00:00\" \/>\n<meta property=\"og:image\" content=\"https:\/\/www.mundocosplayer.com.br\/festival\/wp-content\/uploads\/2019\/02\/banda-triscore.png\" \/>\n\t<meta property=\"og:image:width\" content=\"820\" \/>\n\t<meta property=\"og:image:height\" content=\"312\" \/>\n\t<meta property=\"og:image:type\" content=\"image\/png\" \/>\n<meta name=\"twitter:label1\" content=\"Est. tempo de leitura\" \/>\n\t<meta name=\"twitter:data1\" content=\"1 minuto\" \/>\n<script type=\"application\/ld+json\" class=\"yoast-schema-graph\">{\"@context\":\"https:\\\/\\\/schema.org\",\"@graph\":[{\"@type\":\"WebPage\",\"@id\":\"https:\\\/\\\/www.mundocosplayer.com.br\\\/festival\\\/atracoes\\\/show-da-banda-triscore\\\/\",\"url\":\"https:\\\/\\\/www.mundocosplayer.com.br\\\/festival\\\/atracoes\\\/show-da-banda-triscore\\\/\",\"name\":\"Show da Banda Triscore - Mundo Cosplayer Festival\",\"isPartOf\":{\"@id\":\"https:\\\/\\\/www.mundocosplayer.com.br\\\/festival\\\/#website\"},\"primaryImageOfPage\":{\"@id\":\"https:\\\/\\\/www.mundocosplayer.com.br\\\/festival\\\/atracoes\\\/show-da-banda-triscore\\\/#primaryimage\"},\"image\":{\"@id\":\"https:\\\/\\\/www.mundocosplayer.com.br\\\/festival\\\/atracoes\\\/show-da-banda-triscore\\\/#primaryimage\"},\"thumbnailUrl\":\"https:\\\/\\\/www.mundocosplayer.com.br\\\/festival\\\/wp-content\\\/uploads\\\/2019\\\/02\\\/banda-triscore.png\",\"datePublished\":\"2019-02-03T16:35:52+00:00\",\"dateModified\":\"2019-02-03T16:36:56+00:00\",\"description\":\"Sabe quando voc\u00ea sai da sess\u00e3o de cinema cantarolando o tema do filme que acabou de assistir, ou quando se apega tanto a uma musica de game que coloca de ringtone do celular?\",\"breadcrumb\":{\"@id\":\"https:\\\/\\\/www.mundocosplayer.com.br\\\/festival\\\/atracoes\\\/show-da-banda-triscore\\\/#breadcrumb\"},\"inLanguage\":\"pt-BR\",\"potentialAction\":[{\"@type\":\"ReadAction\",\"target\":[\"https:\\\/\\\/www.mundocosplayer.com.br\\\/festival\\\/atracoes\\\/show-da-banda-triscore\\\/\"]}]},{\"@type\":\"ImageObject\",\"inLanguage\":\"pt-BR\",\"@id\":\"https:\\\/\\\/www.mundocosplayer.com.br\\\/festival\\\/atracoes\\\/show-da-banda-triscore\\\/#primaryimage\",\"url\":\"https:\\\/\\\/www.mundocosplayer.com.br\\\/festival\\\/wp-content\\\/uploads\\\/2019\\\/02\\\/banda-triscore.png\",\"contentUrl\":\"https:\\\/\\\/www.mundocosplayer.com.br\\\/festival\\\/wp-content\\\/uploads\\\/2019\\\/02\\\/banda-triscore.png\",\"width\":820,\"height\":312},{\"@type\":\"BreadcrumbList\",\"@id\":\"https:\\\/\\\/www.mundocosplayer.com.br\\\/festival\\\/atracoes\\\/show-da-banda-triscore\\\/#breadcrumb\",\"itemListElement\":[{\"@type\":\"ListItem\",\"position\":1,\"name\":\"In\u00edcio\",\"item\":\"https:\\\/\\\/www.mundocosplayer.com.br\\\/festival\\\/\"},{\"@type\":\"ListItem\",\"position\":2,\"name\":\"Atra\u00e7\u00f5es\",\"item\":\"https:\\\/\\\/www.mundocosplayer.com.br\\\/festival\\\/atracoes\\\/\"},{\"@type\":\"ListItem\",\"position\":3,\"name\":\"Show da Banda Triscore\"}]},{\"@type\":\"WebSite\",\"@id\":\"https:\\\/\\\/www.mundocosplayer.com.br\\\/festival\\\/#website\",\"url\":\"https:\\\/\\\/www.mundocosplayer.com.br\\\/festival\\\/\",\"name\":\"Mundo Cosplayer Festival\",\"description\":\"Venha se divertir com a gente!\",\"potentialAction\":[{\"@type\":\"SearchAction\",\"target\":{\"@type\":\"EntryPoint\",\"urlTemplate\":\"https:\\\/\\\/www.mundocosplayer.com.br\\\/festival\\\/?s={search_term_string}\"},\"query-input\":{\"@type\":\"PropertyValueSpecification\",\"valueRequired\":true,\"valueName\":\"search_term_string\"}}],\"inLanguage\":\"pt-BR\"}]}<\/script>\n<!-- \/ Yoast SEO plugin. -->","yoast_head_json":{"title":"Show da Banda Triscore - Mundo Cosplayer Festival","description":"Sabe quando voc\u00ea sai da sess\u00e3o de cinema cantarolando o tema do filme que acabou de assistir, ou quando se apega tanto a uma musica de game que coloca de ringtone do celular?","robots":{"index":"index","follow":"follow","max-snippet":"max-snippet:-1","max-image-preview":"max-image-preview:large","max-video-preview":"max-video-preview:-1"},"canonical":"https:\/\/www.mundocosplayer.com.br\/festival\/atracoes\/show-da-banda-triscore\/","og_locale":"pt_BR","og_type":"article","og_title":"Show da Banda Triscore - Mundo Cosplayer Festival","og_description":"Sabe quando voc\u00ea sai da sess\u00e3o de cinema cantarolando o tema do filme que acabou de assistir, ou quando se apega tanto a uma musica de game que coloca de ringtone do celular?","og_url":"https:\/\/www.mundocosplayer.com.br\/festival\/atracoes\/show-da-banda-triscore\/","og_site_name":"Mundo Cosplayer Festival","article_modified_time":"2019-02-03T16:36:56+00:00","og_image":[{"width":820,"height":312,"url":"https:\/\/www.mundocosplayer.com.br\/festival\/wp-content\/uploads\/2019\/02\/banda-triscore.png","type":"image\/png"}],"twitter_misc":{"Est. tempo de leitura":"1 minuto"},"schema":{"@context":"https:\/\/schema.org","@graph":[{"@type":"WebPage","@id":"https:\/\/www.mundocosplayer.com.br\/festival\/atracoes\/show-da-banda-triscore\/","url":"https:\/\/www.mundocosplayer.com.br\/festival\/atracoes\/show-da-banda-triscore\/","name":"Show da Banda Triscore - Mundo Cosplayer Festival","isPartOf":{"@id":"https:\/\/www.mundocosplayer.com.br\/festival\/#website"},"primaryImageOfPage":{"@id":"https:\/\/www.mundocosplayer.com.br\/festival\/atracoes\/show-da-banda-triscore\/#primaryimage"},"image":{"@id":"https:\/\/www.mundocosplayer.com.br\/festival\/atracoes\/show-da-banda-triscore\/#primaryimage"},"thumbnailUrl":"https:\/\/www.mundocosplayer.com.br\/festival\/wp-content\/uploads\/2019\/02\/banda-triscore.png","datePublished":"2019-02-03T16:35:52+00:00","dateModified":"2019-02-03T16:36:56+00:00","description":"Sabe quando voc\u00ea sai da sess\u00e3o de cinema cantarolando o tema do filme que acabou de assistir, ou quando se apega tanto a uma musica de game que coloca de ringtone do celular?","breadcrumb":{"@id":"https:\/\/www.mundocosplayer.com.br\/festival\/atracoes\/show-da-banda-triscore\/#breadcrumb"},"inLanguage":"pt-BR","potentialAction":[{"@type":"ReadAction","target":["https:\/\/www.mundocosplayer.com.br\/festival\/atracoes\/show-da-banda-triscore\/"]}]},{"@type":"ImageObject","inLanguage":"pt-BR","@id":"https:\/\/www.mundocosplayer.com.br\/festival\/atracoes\/show-da-banda-triscore\/#primaryimage","url":"https:\/\/www.mundocosplayer.com.br\/festival\/wp-content\/uploads\/2019\/02\/banda-triscore.png","contentUrl":"https:\/\/www.mundocosplayer.com.br\/festival\/wp-content\/uploads\/2019\/02\/banda-triscore.png","width":820,"height":312},{"@type":"BreadcrumbList","@id":"https:\/\/www.mundocosplayer.com.br\/festival\/atracoes\/show-da-banda-triscore\/#breadcrumb","itemListElement":[{"@type":"ListItem","position":1,"name":"In\u00edcio","item":"https:\/\/www.mundocosplayer.com.br\/festival\/"},{"@type":"ListItem","position":2,"name":"Atra\u00e7\u00f5es","item":"https:\/\/www.mundocosplayer.com.br\/festival\/atracoes\/"},{"@type":"ListItem","position":3,"name":"Show da Banda Triscore"}]},{"@type":"WebSite","@id":"https:\/\/www.mundocosplayer.com.br\/festival\/#website","url":"https:\/\/www.mundocosplayer.com.br\/festival\/","name":"Mundo Cosplayer Festival","description":"Venha se divertir com a gente!","potentialAction":[{"@type":"SearchAction","target":{"@type":"EntryPoint","urlTemplate":"https:\/\/www.mundocosplayer.com.br\/festival\/?s={search_term_string}"},"query-input":{"@type":"PropertyValueSpecification","valueRequired":true,"valueName":"search_term_string"}}],"inLanguage":"pt-BR"}]}},"_links":{"self":[{"href":"https:\/\/www.mundocosplayer.com.br\/festival\/wp-json\/wp\/v2\/pages\/568","targetHints":{"allow":["GET"]}}],"collection":[{"href":"https:\/\/www.mundocosplayer.com.br\/festival\/wp-json\/wp\/v2\/pages"}],"about":[{"href":"https:\/\/www.mundocosplayer.com.br\/festival\/wp-json\/wp\/v2\/types\/page"}],"author":[{"embeddable":true,"href":"https:\/\/www.mundocosplayer.com.br\/festival\/wp-json\/wp\/v2\/users\/1"}],"replies":[{"embeddable":true,"href":"https:\/\/www.mundocosplayer.com.br\/festival\/wp-json\/wp\/v2\/comments?post=568"}],"version-history":[{"count":3,"href":"https:\/\/www.mundocosplayer.com.br\/festival\/wp-json\/wp\/v2\/pages\/568\/revisions"}],"predecessor-version":[{"id":572,"href":"https:\/\/www.mundocosplayer.com.br\/festival\/wp-json\/wp\/v2\/pages\/568\/revisions\/572"}],"up":[{"embeddable":true,"href":"https:\/\/www.mundocosplayer.com.br\/festival\/wp-json\/wp\/v2\/pages\/223"}],"wp:featuredmedia":[{"embeddable":true,"href":"https:\/\/www.mundocosplayer.com.br\/festival\/wp-json\/wp\/v2\/media\/570"}],"wp:attachment":[{"href":"https:\/\/www.mundocosplayer.com.br\/festival\/wp-json\/wp\/v2\/media?parent=568"}],"curies":[{"name":"wp","href":"https:\/\/api.w.org\/{rel}","templated":true}]}}