{"id":494,"date":"2019-01-10T22:13:20","date_gmt":"2019-01-10T22:13:20","guid":{"rendered":"http:\/\/www.mundocosplayer.com.br\/festival\/?page_id=494"},"modified":"2019-01-10T22:17:51","modified_gmt":"2019-01-10T22:17:51","slug":"card-game-e-rpg-com-neowalkers","status":"publish","type":"page","link":"https:\/\/www.mundocosplayer.com.br\/festival\/atracoes\/card-game-e-rpg-com-neowalkers\/","title":{"rendered":"Card Game e RPG com NeoWalkers"},"content":{"rendered":"<p>&nbsp;<\/p>\n<p style=\"text-align: justify;\">O pessoal da <a href=\"https:\/\/walkersstore.com.br\/\" target=\"_blank\" rel=\"noopener\"><strong>NeoWalkers Geek Store<\/strong><\/a> oferecer\u00e1 ao p\u00fablico do <span style=\"color: #ff9900;\"><strong>Mundo Cosplayer Festival<\/strong><\/span> uma \u00e1rea com muito <em>Card Game<\/em> e <em>RPG<\/em>, com campeonatos e uma lojinha com tudo que voc\u00ea mais gosta!<\/p>\n<p>&nbsp;<\/p>\n<p><a href=\"http:\/\/www.mundocosplayer.com.br\/festival\/wp-content\/uploads\/2019\/01\/card-games-mundo-cosplayer-1.jpg\"><img loading=\"lazy\" decoding=\"async\" class=\"size-full wp-image-497 aligncenter\" src=\"http:\/\/www.mundocosplayer.com.br\/festival\/wp-content\/uploads\/2019\/01\/card-games-mundo-cosplayer-1.jpg\" alt=\"\" width=\"2000\" height=\"589\" \/><\/a><\/p>\n<p>&nbsp;<\/p>\n<p style=\"text-align: justify;\">Junte seus amigos e compare\u00e7a na \u00e1rea <strong>Neowalkers<\/strong> no <strong><span style=\"color: #ff9900;\">Mundo Cosplayer Festival<\/span><\/strong> e divirta-se!<\/p>\n<p>&nbsp;<\/p>\n<p><a href=\"http:\/\/www.mundocosplayer.com.br\/festival\/wp-content\/uploads\/2019\/01\/card-games-mundo-cosplayer-2.jpg\"><img loading=\"lazy\" decoding=\"async\" class=\"size-full wp-image-496 aligncenter\" src=\"http:\/\/www.mundocosplayer.com.br\/festival\/wp-content\/uploads\/2019\/01\/card-games-mundo-cosplayer-2.jpg\" alt=\"\" width=\"960\" height=\"720\" \/><\/a><\/p>\n<p>&nbsp;<\/p>\n<p><strong><a href=\"https:\/\/www.facebook.com\/neowalkers\/\" target=\"_blank\" rel=\"noopener\">Facebook<\/a> | <a href=\"https:\/\/www.instagram.com\/rafael.schettini91\/\" target=\"_blank\" rel=\"noopener\">Instagram<\/a><\/strong><\/p>\n<p>&nbsp;<\/p>\n<p>&nbsp;<\/p>\n","protected":false},"excerpt":{"rendered":"<p>&nbsp; O pessoal da NeoWalkers Geek Store oferecer\u00e1 ao p\u00fablico do Mundo Cosplayer Festival uma \u00e1rea com muito Card Game e RPG, com campeonatos e uma lojinha com tudo que voc\u00ea mais gosta! &nbsp; &nbsp; Junte seus amigos e compare\u00e7a na \u00e1rea Neowalkers no Mundo Cosplayer Festival e divirta-se! &nbsp;\u2026 <a class=\"continue-reading-link\" href=\"https:\/\/www.mundocosplayer.com.br\/festival\/atracoes\/card-game-e-rpg-com-neowalkers\/\">Continue reading<\/a><\/p>\n","protected":false},"author":1,"featured_media":500,"parent":223,"menu_order":0,"comment_status":"closed","ping_status":"closed","template":"","meta":{"footnotes":""},"class_list":["post-494","page","type-page","status-publish","has-post-thumbnail","hentry"],"yoast_head":"<!-- This site is optimized with the Yoast SEO plugin v27.5 - https:\/\/yoast.com\/product\/yoast-seo-wordpress\/ -->\n<title>Card Game e RPG com NeoWalkers - Mundo Cosplayer Festival<\/title>\n<meta name=\"description\" content=\"O pessoal da NeoWalkers Geek Store oferecer\u00e1 ao p\u00fablico do Mundo Cosplayer Festival uma \u00e1rea com muito Card Game e RPG, com campeonatos e uma lojinha com tudo que voc\u00ea mais gosta!\" \/>\n<meta name=\"robots\" content=\"index, follow, max-snippet:-1, max-image-preview:large, max-video-preview:-1\" \/>\n<link rel=\"canonical\" href=\"https:\/\/www.mundocosplayer.com.br\/festival\/atracoes\/card-game-e-rpg-com-neowalkers\/\" \/>\n<meta property=\"og:locale\" content=\"pt_BR\" \/>\n<meta property=\"og:type\" content=\"article\" \/>\n<meta property=\"og:title\" content=\"Card Game e RPG com NeoWalkers - Mundo Cosplayer Festival\" \/>\n<meta property=\"og:description\" content=\"O pessoal da NeoWalkers Geek Store oferecer\u00e1 ao p\u00fablico do Mundo Cosplayer Festival uma \u00e1rea com muito Card Game e RPG, com campeonatos e uma lojinha com tudo que voc\u00ea mais gosta!\" \/>\n<meta property=\"og:url\" content=\"https:\/\/www.mundocosplayer.com.br\/festival\/atracoes\/card-game-e-rpg-com-neowalkers\/\" \/>\n<meta property=\"og:site_name\" content=\"Mundo Cosplayer Festival\" \/>\n<meta property=\"article:modified_time\" content=\"2019-01-10T22:17:51+00:00\" \/>\n<meta property=\"og:image\" content=\"https:\/\/www.mundocosplayer.com.br\/festival\/wp-content\/uploads\/2019\/01\/card-games-mundo-cosplayer-2.jpg\" \/>\n\t<meta property=\"og:image:width\" content=\"900\" \/>\n\t<meta property=\"og:image:height\" content=\"675\" \/>\n\t<meta property=\"og:image:type\" content=\"image\/jpeg\" \/>\n<script type=\"application\/ld+json\" class=\"yoast-schema-graph\">{\"@context\":\"https:\\\/\\\/schema.org\",\"@graph\":[{\"@type\":\"WebPage\",\"@id\":\"https:\\\/\\\/www.mundocosplayer.com.br\\\/festival\\\/atracoes\\\/card-game-e-rpg-com-neowalkers\\\/\",\"url\":\"https:\\\/\\\/www.mundocosplayer.com.br\\\/festival\\\/atracoes\\\/card-game-e-rpg-com-neowalkers\\\/\",\"name\":\"Card Game e RPG com NeoWalkers - Mundo Cosplayer Festival\",\"isPartOf\":{\"@id\":\"https:\\\/\\\/www.mundocosplayer.com.br\\\/festival\\\/#website\"},\"primaryImageOfPage\":{\"@id\":\"https:\\\/\\\/www.mundocosplayer.com.br\\\/festival\\\/atracoes\\\/card-game-e-rpg-com-neowalkers\\\/#primaryimage\"},\"image\":{\"@id\":\"https:\\\/\\\/www.mundocosplayer.com.br\\\/festival\\\/atracoes\\\/card-game-e-rpg-com-neowalkers\\\/#primaryimage\"},\"thumbnailUrl\":\"https:\\\/\\\/www.mundocosplayer.com.br\\\/festival\\\/wp-content\\\/uploads\\\/2019\\\/01\\\/card-games-mundo-cosplayer-2.jpg\",\"datePublished\":\"2019-01-10T22:13:20+00:00\",\"dateModified\":\"2019-01-10T22:17:51+00:00\",\"description\":\"O pessoal da NeoWalkers Geek Store oferecer\u00e1 ao p\u00fablico do Mundo Cosplayer Festival uma \u00e1rea com muito Card Game e RPG, com campeonatos e uma lojinha com tudo que voc\u00ea mais gosta!\",\"breadcrumb\":{\"@id\":\"https:\\\/\\\/www.mundocosplayer.com.br\\\/festival\\\/atracoes\\\/card-game-e-rpg-com-neowalkers\\\/#breadcrumb\"},\"inLanguage\":\"pt-BR\",\"potentialAction\":[{\"@type\":\"ReadAction\",\"target\":[\"https:\\\/\\\/www.mundocosplayer.com.br\\\/festival\\\/atracoes\\\/card-game-e-rpg-com-neowalkers\\\/\"]}]},{\"@type\":\"ImageObject\",\"inLanguage\":\"pt-BR\",\"@id\":\"https:\\\/\\\/www.mundocosplayer.com.br\\\/festival\\\/atracoes\\\/card-game-e-rpg-com-neowalkers\\\/#primaryimage\",\"url\":\"https:\\\/\\\/www.mundocosplayer.com.br\\\/festival\\\/wp-content\\\/uploads\\\/2019\\\/01\\\/card-games-mundo-cosplayer-2.jpg\",\"contentUrl\":\"https:\\\/\\\/www.mundocosplayer.com.br\\\/festival\\\/wp-content\\\/uploads\\\/2019\\\/01\\\/card-games-mundo-cosplayer-2.jpg\",\"width\":900,\"height\":675},{\"@type\":\"BreadcrumbList\",\"@id\":\"https:\\\/\\\/www.mundocosplayer.com.br\\\/festival\\\/atracoes\\\/card-game-e-rpg-com-neowalkers\\\/#breadcrumb\",\"itemListElement\":[{\"@type\":\"ListItem\",\"position\":1,\"name\":\"In\u00edcio\",\"item\":\"https:\\\/\\\/www.mundocosplayer.com.br\\\/festival\\\/\"},{\"@type\":\"ListItem\",\"position\":2,\"name\":\"Atra\u00e7\u00f5es\",\"item\":\"https:\\\/\\\/www.mundocosplayer.com.br\\\/festival\\\/atracoes\\\/\"},{\"@type\":\"ListItem\",\"position\":3,\"name\":\"Card Game e RPG com NeoWalkers\"}]},{\"@type\":\"WebSite\",\"@id\":\"https:\\\/\\\/www.mundocosplayer.com.br\\\/festival\\\/#website\",\"url\":\"https:\\\/\\\/www.mundocosplayer.com.br\\\/festival\\\/\",\"name\":\"Mundo Cosplayer Festival\",\"description\":\"Venha se divertir com a gente!\",\"potentialAction\":[{\"@type\":\"SearchAction\",\"target\":{\"@type\":\"EntryPoint\",\"urlTemplate\":\"https:\\\/\\\/www.mundocosplayer.com.br\\\/festival\\\/?s={search_term_string}\"},\"query-input\":{\"@type\":\"PropertyValueSpecification\",\"valueRequired\":true,\"valueName\":\"search_term_string\"}}],\"inLanguage\":\"pt-BR\"}]}<\/script>\n<!-- \/ Yoast SEO plugin. -->","yoast_head_json":{"title":"Card Game e RPG com NeoWalkers - Mundo Cosplayer Festival","description":"O pessoal da NeoWalkers Geek Store oferecer\u00e1 ao p\u00fablico do Mundo Cosplayer Festival uma \u00e1rea com muito Card Game e RPG, com campeonatos e uma lojinha com tudo que voc\u00ea mais gosta!","robots":{"index":"index","follow":"follow","max-snippet":"max-snippet:-1","max-image-preview":"max-image-preview:large","max-video-preview":"max-video-preview:-1"},"canonical":"https:\/\/www.mundocosplayer.com.br\/festival\/atracoes\/card-game-e-rpg-com-neowalkers\/","og_locale":"pt_BR","og_type":"article","og_title":"Card Game e RPG com NeoWalkers - Mundo Cosplayer Festival","og_description":"O pessoal da NeoWalkers Geek Store oferecer\u00e1 ao p\u00fablico do Mundo Cosplayer Festival uma \u00e1rea com muito Card Game e RPG, com campeonatos e uma lojinha com tudo que voc\u00ea mais gosta!","og_url":"https:\/\/www.mundocosplayer.com.br\/festival\/atracoes\/card-game-e-rpg-com-neowalkers\/","og_site_name":"Mundo Cosplayer Festival","article_modified_time":"2019-01-10T22:17:51+00:00","og_image":[{"width":900,"height":675,"url":"https:\/\/www.mundocosplayer.com.br\/festival\/wp-content\/uploads\/2019\/01\/card-games-mundo-cosplayer-2.jpg","type":"image\/jpeg"}],"schema":{"@context":"https:\/\/schema.org","@graph":[{"@type":"WebPage","@id":"https:\/\/www.mundocosplayer.com.br\/festival\/atracoes\/card-game-e-rpg-com-neowalkers\/","url":"https:\/\/www.mundocosplayer.com.br\/festival\/atracoes\/card-game-e-rpg-com-neowalkers\/","name":"Card Game e RPG com NeoWalkers - Mundo Cosplayer Festival","isPartOf":{"@id":"https:\/\/www.mundocosplayer.com.br\/festival\/#website"},"primaryImageOfPage":{"@id":"https:\/\/www.mundocosplayer.com.br\/festival\/atracoes\/card-game-e-rpg-com-neowalkers\/#primaryimage"},"image":{"@id":"https:\/\/www.mundocosplayer.com.br\/festival\/atracoes\/card-game-e-rpg-com-neowalkers\/#primaryimage"},"thumbnailUrl":"https:\/\/www.mundocosplayer.com.br\/festival\/wp-content\/uploads\/2019\/01\/card-games-mundo-cosplayer-2.jpg","datePublished":"2019-01-10T22:13:20+00:00","dateModified":"2019-01-10T22:17:51+00:00","description":"O pessoal da NeoWalkers Geek Store oferecer\u00e1 ao p\u00fablico do Mundo Cosplayer Festival uma \u00e1rea com muito Card Game e RPG, com campeonatos e uma lojinha com tudo que voc\u00ea mais gosta!","breadcrumb":{"@id":"https:\/\/www.mundocosplayer.com.br\/festival\/atracoes\/card-game-e-rpg-com-neowalkers\/#breadcrumb"},"inLanguage":"pt-BR","potentialAction":[{"@type":"ReadAction","target":["https:\/\/www.mundocosplayer.com.br\/festival\/atracoes\/card-game-e-rpg-com-neowalkers\/"]}]},{"@type":"ImageObject","inLanguage":"pt-BR","@id":"https:\/\/www.mundocosplayer.com.br\/festival\/atracoes\/card-game-e-rpg-com-neowalkers\/#primaryimage","url":"https:\/\/www.mundocosplayer.com.br\/festival\/wp-content\/uploads\/2019\/01\/card-games-mundo-cosplayer-2.jpg","contentUrl":"https:\/\/www.mundocosplayer.com.br\/festival\/wp-content\/uploads\/2019\/01\/card-games-mundo-cosplayer-2.jpg","width":900,"height":675},{"@type":"BreadcrumbList","@id":"https:\/\/www.mundocosplayer.com.br\/festival\/atracoes\/card-game-e-rpg-com-neowalkers\/#breadcrumb","itemListElement":[{"@type":"ListItem","position":1,"name":"In\u00edcio","item":"https:\/\/www.mundocosplayer.com.br\/festival\/"},{"@type":"ListItem","position":2,"name":"Atra\u00e7\u00f5es","item":"https:\/\/www.mundocosplayer.com.br\/festival\/atracoes\/"},{"@type":"ListItem","position":3,"name":"Card Game e RPG com NeoWalkers"}]},{"@type":"WebSite","@id":"https:\/\/www.mundocosplayer.com.br\/festival\/#website","url":"https:\/\/www.mundocosplayer.com.br\/festival\/","name":"Mundo Cosplayer Festival","description":"Venha se divertir com a gente!","potentialAction":[{"@type":"SearchAction","target":{"@type":"EntryPoint","urlTemplate":"https:\/\/www.mundocosplayer.com.br\/festival\/?s={search_term_string}"},"query-input":{"@type":"PropertyValueSpecification","valueRequired":true,"valueName":"search_term_string"}}],"inLanguage":"pt-BR"}]}},"_links":{"self":[{"href":"https:\/\/www.mundocosplayer.com.br\/festival\/wp-json\/wp\/v2\/pages\/494","targetHints":{"allow":["GET"]}}],"collection":[{"href":"https:\/\/www.mundocosplayer.com.br\/festival\/wp-json\/wp\/v2\/pages"}],"about":[{"href":"https:\/\/www.mundocosplayer.com.br\/festival\/wp-json\/wp\/v2\/types\/page"}],"author":[{"embeddable":true,"href":"https:\/\/www.mundocosplayer.com.br\/festival\/wp-json\/wp\/v2\/users\/1"}],"replies":[{"embeddable":true,"href":"https:\/\/www.mundocosplayer.com.br\/festival\/wp-json\/wp\/v2\/comments?post=494"}],"version-history":[{"count":3,"href":"https:\/\/www.mundocosplayer.com.br\/festival\/wp-json\/wp\/v2\/pages\/494\/revisions"}],"predecessor-version":[{"id":502,"href":"https:\/\/www.mundocosplayer.com.br\/festival\/wp-json\/wp\/v2\/pages\/494\/revisions\/502"}],"up":[{"embeddable":true,"href":"https:\/\/www.mundocosplayer.com.br\/festival\/wp-json\/wp\/v2\/pages\/223"}],"wp:featuredmedia":[{"embeddable":true,"href":"https:\/\/www.mundocosplayer.com.br\/festival\/wp-json\/wp\/v2\/media\/500"}],"wp:attachment":[{"href":"https:\/\/www.mundocosplayer.com.br\/festival\/wp-json\/wp\/v2\/media?parent=494"}],"curies":[{"name":"wp","href":"https:\/\/api.w.org\/{rel}","templated":true}]}}