{"id":487,"date":"2019-01-10T21:29:22","date_gmt":"2019-01-10T21:29:22","guid":{"rendered":"http:\/\/www.mundocosplayer.com.br\/festival\/?page_id=487"},"modified":"2019-01-10T21:29:22","modified_gmt":"2019-01-10T21:29:22","slug":"painel-interativo-momo-club-tema-haikyuu","status":"publish","type":"page","link":"https:\/\/www.mundocosplayer.com.br\/festival\/atracoes\/painel-interativo-momo-club-tema-haikyuu\/","title":{"rendered":"Painel Interativo Momo Club &#8211; Tema: Haikyuu"},"content":{"rendered":"<p>&nbsp;<\/p>\n<p style=\"text-align: justify;\">Al\u00e9m de <a href=\"http:\/\/www.mundocosplayer.com.br\/festival\/atracoes\/salas-tematicas\/\"><strong>sala tem\u00e1tica<\/strong><\/a> no <span style=\"color: #ff9900;\"><strong>Mundo Cosplayer Festival<\/strong><\/span>, o grupo <strong>Momo Club<\/strong> far\u00e1 uma apresenta\u00e7\u00e3o super especial no palco. Fazendo cosplay de personagens de <strong><em>Haikyuu<\/em> <\/strong>v\u00e3o responder perguntas do p\u00fablico sobre o mang\u00e1.<\/p>\n<p>&nbsp;<\/p>\n<p><iframe loading=\"lazy\" title=\"Momo Club 1\u00aa edi\u00e7\u00e3o - Painel Interativo-Domingo: Qual a melhor escola e por que \u00e9 a Samezuka?\" width=\"510\" height=\"287\" src=\"https:\/\/www.youtube.com\/embed\/0XNs5E4s12I?list=PL6KClL4DLGFzpT13zVo6-jrC3YoC5ZsQi\" frameborder=\"0\" allow=\"accelerometer; autoplay; clipboard-write; encrypted-media; gyroscope; picture-in-picture; web-share\" referrerpolicy=\"strict-origin-when-cross-origin\" allowfullscreen><\/iframe><\/p>\n<p>&nbsp;<\/p>\n<p style=\"text-align: justify;\">Este painel consiste em fazer de conta que os f\u00e3s possam encontrar seus personagens favoritos e fazer perguntas a eles, entrevista-los, ou assistir \u00e0 pequenas atua\u00e7\u00f5es, como uma esp\u00e9cie de teatro atuado pelo pessoal do <strong>Momo Club<\/strong> para os f\u00e3s.<\/p>\n<p>&nbsp;<\/p>\n<p style=\"text-align: justify;\">Ent\u00e3o se voc\u00ea tem alguma d\u00favida sobre algo do mang\u00e1 ou algum personagem anote e leve para este painel interativo!<\/p>\n<p>&nbsp;<\/p>\n<p><strong><a href=\"https:\/\/www.facebook.com\/momooclub\" target=\"_blank\" rel=\"noopener\">Facebook<\/a> | <a href=\"https:\/\/www.instagram.com\/momooclub\/\" target=\"_blank\" rel=\"noopener\">Instagram<\/a><\/strong><\/p>\n","protected":false},"excerpt":{"rendered":"<p>&nbsp; Al\u00e9m de sala tem\u00e1tica no Mundo Cosplayer Festival, o grupo Momo Club far\u00e1 uma apresenta\u00e7\u00e3o super especial no palco. Fazendo cosplay de personagens de Haikyuu v\u00e3o responder perguntas do p\u00fablico sobre o mang\u00e1. &nbsp; &nbsp; Este painel consiste em fazer de conta que os f\u00e3s possam encontrar seus personagens\u2026 <a class=\"continue-reading-link\" href=\"https:\/\/www.mundocosplayer.com.br\/festival\/atracoes\/painel-interativo-momo-club-tema-haikyuu\/\">Continue reading<\/a><\/p>\n","protected":false},"author":1,"featured_media":409,"parent":223,"menu_order":0,"comment_status":"closed","ping_status":"closed","template":"","meta":{"footnotes":""},"class_list":["post-487","page","type-page","status-publish","has-post-thumbnail","hentry"],"yoast_head":"<!-- This site is optimized with the Yoast SEO plugin v27.5 - https:\/\/yoast.com\/product\/yoast-seo-wordpress\/ -->\n<title>Painel Interativo Momo Club - Tema: Haikyuu - Mundo Cosplayer Festival<\/title>\n<meta name=\"description\" content=\"Al\u00e9m de sala tem\u00e1tica no Mundo Cosplayer Festival, o grupo Momo Club far\u00e1 uma apresenta\u00e7\u00e3o super especial no palco. Fazendo cosplay de personagens de Haikyuu v\u00e3o responder perguntas do p\u00fablico sobre o mang\u00e1.\" \/>\n<meta name=\"robots\" content=\"index, follow, max-snippet:-1, max-image-preview:large, max-video-preview:-1\" \/>\n<link rel=\"canonical\" href=\"https:\/\/www.mundocosplayer.com.br\/festival\/atracoes\/painel-interativo-momo-club-tema-haikyuu\/\" \/>\n<meta property=\"og:locale\" content=\"pt_BR\" \/>\n<meta property=\"og:type\" content=\"article\" \/>\n<meta property=\"og:title\" content=\"Painel Interativo Momo Club - Tema: Haikyuu - Mundo Cosplayer Festival\" \/>\n<meta property=\"og:description\" content=\"Al\u00e9m de sala tem\u00e1tica no Mundo Cosplayer Festival, o grupo Momo Club far\u00e1 uma apresenta\u00e7\u00e3o super especial no palco. Fazendo cosplay de personagens de Haikyuu v\u00e3o responder perguntas do p\u00fablico sobre o mang\u00e1.\" \/>\n<meta property=\"og:url\" content=\"https:\/\/www.mundocosplayer.com.br\/festival\/atracoes\/painel-interativo-momo-club-tema-haikyuu\/\" \/>\n<meta property=\"og:site_name\" content=\"Mundo Cosplayer Festival\" \/>\n<meta property=\"og:image\" content=\"https:\/\/www.mundocosplayer.com.br\/festival\/wp-content\/uploads\/2019\/01\/momo-club.jpg\" \/>\n\t<meta property=\"og:image:width\" content=\"900\" \/>\n\t<meta property=\"og:image:height\" content=\"900\" \/>\n\t<meta property=\"og:image:type\" content=\"image\/jpeg\" \/>\n<meta name=\"twitter:label1\" content=\"Est. tempo de leitura\" \/>\n\t<meta name=\"twitter:data1\" content=\"1 minuto\" \/>\n<script type=\"application\/ld+json\" class=\"yoast-schema-graph\">{\"@context\":\"https:\\\/\\\/schema.org\",\"@graph\":[{\"@type\":\"WebPage\",\"@id\":\"https:\\\/\\\/www.mundocosplayer.com.br\\\/festival\\\/atracoes\\\/painel-interativo-momo-club-tema-haikyuu\\\/\",\"url\":\"https:\\\/\\\/www.mundocosplayer.com.br\\\/festival\\\/atracoes\\\/painel-interativo-momo-club-tema-haikyuu\\\/\",\"name\":\"Painel Interativo Momo Club - Tema: Haikyuu - Mundo Cosplayer Festival\",\"isPartOf\":{\"@id\":\"https:\\\/\\\/www.mundocosplayer.com.br\\\/festival\\\/#website\"},\"primaryImageOfPage\":{\"@id\":\"https:\\\/\\\/www.mundocosplayer.com.br\\\/festival\\\/atracoes\\\/painel-interativo-momo-club-tema-haikyuu\\\/#primaryimage\"},\"image\":{\"@id\":\"https:\\\/\\\/www.mundocosplayer.com.br\\\/festival\\\/atracoes\\\/painel-interativo-momo-club-tema-haikyuu\\\/#primaryimage\"},\"thumbnailUrl\":\"https:\\\/\\\/www.mundocosplayer.com.br\\\/festival\\\/wp-content\\\/uploads\\\/2019\\\/01\\\/momo-club.jpg\",\"datePublished\":\"2019-01-10T21:29:22+00:00\",\"description\":\"Al\u00e9m de sala tem\u00e1tica no Mundo Cosplayer Festival, o grupo Momo Club far\u00e1 uma apresenta\u00e7\u00e3o super especial no palco. Fazendo cosplay de personagens de Haikyuu v\u00e3o responder perguntas do p\u00fablico sobre o mang\u00e1.\",\"breadcrumb\":{\"@id\":\"https:\\\/\\\/www.mundocosplayer.com.br\\\/festival\\\/atracoes\\\/painel-interativo-momo-club-tema-haikyuu\\\/#breadcrumb\"},\"inLanguage\":\"pt-BR\",\"potentialAction\":[{\"@type\":\"ReadAction\",\"target\":[\"https:\\\/\\\/www.mundocosplayer.com.br\\\/festival\\\/atracoes\\\/painel-interativo-momo-club-tema-haikyuu\\\/\"]}]},{\"@type\":\"ImageObject\",\"inLanguage\":\"pt-BR\",\"@id\":\"https:\\\/\\\/www.mundocosplayer.com.br\\\/festival\\\/atracoes\\\/painel-interativo-momo-club-tema-haikyuu\\\/#primaryimage\",\"url\":\"https:\\\/\\\/www.mundocosplayer.com.br\\\/festival\\\/wp-content\\\/uploads\\\/2019\\\/01\\\/momo-club.jpg\",\"contentUrl\":\"https:\\\/\\\/www.mundocosplayer.com.br\\\/festival\\\/wp-content\\\/uploads\\\/2019\\\/01\\\/momo-club.jpg\",\"width\":900,\"height\":900},{\"@type\":\"BreadcrumbList\",\"@id\":\"https:\\\/\\\/www.mundocosplayer.com.br\\\/festival\\\/atracoes\\\/painel-interativo-momo-club-tema-haikyuu\\\/#breadcrumb\",\"itemListElement\":[{\"@type\":\"ListItem\",\"position\":1,\"name\":\"In\u00edcio\",\"item\":\"https:\\\/\\\/www.mundocosplayer.com.br\\\/festival\\\/\"},{\"@type\":\"ListItem\",\"position\":2,\"name\":\"Atra\u00e7\u00f5es\",\"item\":\"https:\\\/\\\/www.mundocosplayer.com.br\\\/festival\\\/atracoes\\\/\"},{\"@type\":\"ListItem\",\"position\":3,\"name\":\"Painel Interativo Momo Club &#8211; Tema: Haikyuu\"}]},{\"@type\":\"WebSite\",\"@id\":\"https:\\\/\\\/www.mundocosplayer.com.br\\\/festival\\\/#website\",\"url\":\"https:\\\/\\\/www.mundocosplayer.com.br\\\/festival\\\/\",\"name\":\"Mundo Cosplayer Festival\",\"description\":\"Venha se divertir com a gente!\",\"potentialAction\":[{\"@type\":\"SearchAction\",\"target\":{\"@type\":\"EntryPoint\",\"urlTemplate\":\"https:\\\/\\\/www.mundocosplayer.com.br\\\/festival\\\/?s={search_term_string}\"},\"query-input\":{\"@type\":\"PropertyValueSpecification\",\"valueRequired\":true,\"valueName\":\"search_term_string\"}}],\"inLanguage\":\"pt-BR\"}]}<\/script>\n<!-- \/ Yoast SEO plugin. -->","yoast_head_json":{"title":"Painel Interativo Momo Club - Tema: Haikyuu - Mundo Cosplayer Festival","description":"Al\u00e9m de sala tem\u00e1tica no Mundo Cosplayer Festival, o grupo Momo Club far\u00e1 uma apresenta\u00e7\u00e3o super especial no palco. Fazendo cosplay de personagens de Haikyuu v\u00e3o responder perguntas do p\u00fablico sobre o mang\u00e1.","robots":{"index":"index","follow":"follow","max-snippet":"max-snippet:-1","max-image-preview":"max-image-preview:large","max-video-preview":"max-video-preview:-1"},"canonical":"https:\/\/www.mundocosplayer.com.br\/festival\/atracoes\/painel-interativo-momo-club-tema-haikyuu\/","og_locale":"pt_BR","og_type":"article","og_title":"Painel Interativo Momo Club - Tema: Haikyuu - Mundo Cosplayer Festival","og_description":"Al\u00e9m de sala tem\u00e1tica no Mundo Cosplayer Festival, o grupo Momo Club far\u00e1 uma apresenta\u00e7\u00e3o super especial no palco. Fazendo cosplay de personagens de Haikyuu v\u00e3o responder perguntas do p\u00fablico sobre o mang\u00e1.","og_url":"https:\/\/www.mundocosplayer.com.br\/festival\/atracoes\/painel-interativo-momo-club-tema-haikyuu\/","og_site_name":"Mundo Cosplayer Festival","og_image":[{"width":900,"height":900,"url":"https:\/\/www.mundocosplayer.com.br\/festival\/wp-content\/uploads\/2019\/01\/momo-club.jpg","type":"image\/jpeg"}],"twitter_misc":{"Est. tempo de leitura":"1 minuto"},"schema":{"@context":"https:\/\/schema.org","@graph":[{"@type":"WebPage","@id":"https:\/\/www.mundocosplayer.com.br\/festival\/atracoes\/painel-interativo-momo-club-tema-haikyuu\/","url":"https:\/\/www.mundocosplayer.com.br\/festival\/atracoes\/painel-interativo-momo-club-tema-haikyuu\/","name":"Painel Interativo Momo Club - Tema: Haikyuu - Mundo Cosplayer Festival","isPartOf":{"@id":"https:\/\/www.mundocosplayer.com.br\/festival\/#website"},"primaryImageOfPage":{"@id":"https:\/\/www.mundocosplayer.com.br\/festival\/atracoes\/painel-interativo-momo-club-tema-haikyuu\/#primaryimage"},"image":{"@id":"https:\/\/www.mundocosplayer.com.br\/festival\/atracoes\/painel-interativo-momo-club-tema-haikyuu\/#primaryimage"},"thumbnailUrl":"https:\/\/www.mundocosplayer.com.br\/festival\/wp-content\/uploads\/2019\/01\/momo-club.jpg","datePublished":"2019-01-10T21:29:22+00:00","description":"Al\u00e9m de sala tem\u00e1tica no Mundo Cosplayer Festival, o grupo Momo Club far\u00e1 uma apresenta\u00e7\u00e3o super especial no palco. Fazendo cosplay de personagens de Haikyuu v\u00e3o responder perguntas do p\u00fablico sobre o mang\u00e1.","breadcrumb":{"@id":"https:\/\/www.mundocosplayer.com.br\/festival\/atracoes\/painel-interativo-momo-club-tema-haikyuu\/#breadcrumb"},"inLanguage":"pt-BR","potentialAction":[{"@type":"ReadAction","target":["https:\/\/www.mundocosplayer.com.br\/festival\/atracoes\/painel-interativo-momo-club-tema-haikyuu\/"]}]},{"@type":"ImageObject","inLanguage":"pt-BR","@id":"https:\/\/www.mundocosplayer.com.br\/festival\/atracoes\/painel-interativo-momo-club-tema-haikyuu\/#primaryimage","url":"https:\/\/www.mundocosplayer.com.br\/festival\/wp-content\/uploads\/2019\/01\/momo-club.jpg","contentUrl":"https:\/\/www.mundocosplayer.com.br\/festival\/wp-content\/uploads\/2019\/01\/momo-club.jpg","width":900,"height":900},{"@type":"BreadcrumbList","@id":"https:\/\/www.mundocosplayer.com.br\/festival\/atracoes\/painel-interativo-momo-club-tema-haikyuu\/#breadcrumb","itemListElement":[{"@type":"ListItem","position":1,"name":"In\u00edcio","item":"https:\/\/www.mundocosplayer.com.br\/festival\/"},{"@type":"ListItem","position":2,"name":"Atra\u00e7\u00f5es","item":"https:\/\/www.mundocosplayer.com.br\/festival\/atracoes\/"},{"@type":"ListItem","position":3,"name":"Painel Interativo Momo Club &#8211; Tema: Haikyuu"}]},{"@type":"WebSite","@id":"https:\/\/www.mundocosplayer.com.br\/festival\/#website","url":"https:\/\/www.mundocosplayer.com.br\/festival\/","name":"Mundo Cosplayer Festival","description":"Venha se divertir com a gente!","potentialAction":[{"@type":"SearchAction","target":{"@type":"EntryPoint","urlTemplate":"https:\/\/www.mundocosplayer.com.br\/festival\/?s={search_term_string}"},"query-input":{"@type":"PropertyValueSpecification","valueRequired":true,"valueName":"search_term_string"}}],"inLanguage":"pt-BR"}]}},"_links":{"self":[{"href":"https:\/\/www.mundocosplayer.com.br\/festival\/wp-json\/wp\/v2\/pages\/487","targetHints":{"allow":["GET"]}}],"collection":[{"href":"https:\/\/www.mundocosplayer.com.br\/festival\/wp-json\/wp\/v2\/pages"}],"about":[{"href":"https:\/\/www.mundocosplayer.com.br\/festival\/wp-json\/wp\/v2\/types\/page"}],"author":[{"embeddable":true,"href":"https:\/\/www.mundocosplayer.com.br\/festival\/wp-json\/wp\/v2\/users\/1"}],"replies":[{"embeddable":true,"href":"https:\/\/www.mundocosplayer.com.br\/festival\/wp-json\/wp\/v2\/comments?post=487"}],"version-history":[{"count":3,"href":"https:\/\/www.mundocosplayer.com.br\/festival\/wp-json\/wp\/v2\/pages\/487\/revisions"}],"predecessor-version":[{"id":491,"href":"https:\/\/www.mundocosplayer.com.br\/festival\/wp-json\/wp\/v2\/pages\/487\/revisions\/491"}],"up":[{"embeddable":true,"href":"https:\/\/www.mundocosplayer.com.br\/festival\/wp-json\/wp\/v2\/pages\/223"}],"wp:featuredmedia":[{"embeddable":true,"href":"https:\/\/www.mundocosplayer.com.br\/festival\/wp-json\/wp\/v2\/media\/409"}],"wp:attachment":[{"href":"https:\/\/www.mundocosplayer.com.br\/festival\/wp-json\/wp\/v2\/media?parent=487"}],"curies":[{"name":"wp","href":"https:\/\/api.w.org\/{rel}","templated":true}]}}