{"id":479,"date":"2019-01-10T19:48:06","date_gmt":"2019-01-10T19:48:06","guid":{"rendered":"http:\/\/www.mundocosplayer.com.br\/festival\/?page_id=479"},"modified":"2019-01-10T19:48:45","modified_gmt":"2019-01-10T19:48:45","slug":"stand-up-otaku","status":"publish","type":"page","link":"https:\/\/www.mundocosplayer.com.br\/festival\/atracoes\/stand-up-otaku\/","title":{"rendered":"Stand up Otaku"},"content":{"rendered":"<p>&nbsp;<\/p>\n<p style=\"text-align: justify;\">Se voc\u00ea \u00e9 <strong>otaku<\/strong> de verdade vai se rachar de rir do<em><strong> stand up<\/strong> <\/em>do <em>Youtuber <\/em><strong>Abner Vieira<\/strong>, do <a href=\"https:\/\/www.youtube.com\/channel\/UCJwGPhlG6O4PmF5HoCT6zTw\/feed\" target=\"_blank\" rel=\"noopener\"><strong>Canal do Bine<\/strong><\/a>.<\/p>\n<p style=\"text-align: justify;\">Ele que al\u00e9m de <em>youtuber<\/em> e comediante e otaku assumido, \u00e9 <em>cosplayer<\/em> e ser\u00e1 um dos apresentadores do <span style=\"color: #ff9900;\"><strong>Mundo Cosplayer Festival<\/strong><\/span>.<\/p>\n<p>&nbsp;<\/p>\n<p><a href=\"http:\/\/www.mundocosplayer.com.br\/festival\/wp-content\/uploads\/2019\/01\/stand-up.jpg\"><img loading=\"lazy\" decoding=\"async\" class=\"size-full wp-image-481 aligncenter\" src=\"http:\/\/www.mundocosplayer.com.br\/festival\/wp-content\/uploads\/2019\/01\/stand-up.jpg\" alt=\"\" width=\"900\" height=\"900\" \/><\/a><\/p>\n<p>&nbsp;<\/p>\n<p style=\"text-align: justify;\">Ent\u00e3o n\u00e3o perca o <strong>Stand up Otaku<\/strong> e prepare-se para hist\u00f3rias inusitadas e engra\u00e7adas do dia a dia de um <strong>otaku<\/strong>, trocadilhos e piadas nerds infames!<\/p>\n<p>&nbsp;<\/p>\n<p><a href=\"https:\/\/www.instagram.com\/bine_cosplay_zueiro\/\" target=\"_blank\" rel=\"noopener\"><strong>Instagram<\/strong><\/a><\/p>\n","protected":false},"excerpt":{"rendered":"<p>&nbsp; Se voc\u00ea \u00e9 otaku de verdade vai se rachar de rir do stand up do Youtuber Abner Vieira, do Canal do Bine. Ele que al\u00e9m de youtuber e comediante e otaku assumido, \u00e9 cosplayer e ser\u00e1 um dos apresentadores do Mundo Cosplayer Festival. &nbsp; &nbsp; Ent\u00e3o n\u00e3o perca o\u2026 <a class=\"continue-reading-link\" href=\"https:\/\/www.mundocosplayer.com.br\/festival\/atracoes\/stand-up-otaku\/\">Continue reading<\/a><\/p>\n","protected":false},"author":1,"featured_media":0,"parent":223,"menu_order":0,"comment_status":"closed","ping_status":"closed","template":"","meta":{"footnotes":""},"class_list":["post-479","page","type-page","status-publish","hentry"],"yoast_head":"<!-- This site is optimized with the Yoast SEO plugin v27.5 - https:\/\/yoast.com\/product\/yoast-seo-wordpress\/ -->\n<title>Stand up Otaku - Mundo Cosplayer Festival<\/title>\n<meta name=\"description\" content=\"Se voc\u00ea \u00e9 otaku de verdade vai se rachar de rir do stand up do Youtuber Abner Vieira, do Canal do Bine.Ele que al\u00e9m de youtuber e comediante e otaku assumido, \u00e9 cosplayer e ser\u00e1 um dos apresentadores do Mundo Cosplayer Festival.\" \/>\n<meta name=\"robots\" content=\"index, follow, max-snippet:-1, max-image-preview:large, max-video-preview:-1\" \/>\n<link rel=\"canonical\" href=\"https:\/\/www.mundocosplayer.com.br\/festival\/atracoes\/stand-up-otaku\/\" \/>\n<meta property=\"og:locale\" content=\"pt_BR\" \/>\n<meta property=\"og:type\" content=\"article\" \/>\n<meta property=\"og:title\" content=\"Stand up Otaku - Mundo Cosplayer Festival\" \/>\n<meta property=\"og:description\" content=\"Se voc\u00ea \u00e9 otaku de verdade vai se rachar de rir do stand up do Youtuber Abner Vieira, do Canal do Bine.Ele que al\u00e9m de youtuber e comediante e otaku assumido, \u00e9 cosplayer e ser\u00e1 um dos apresentadores do Mundo Cosplayer Festival.\" \/>\n<meta property=\"og:url\" content=\"https:\/\/www.mundocosplayer.com.br\/festival\/atracoes\/stand-up-otaku\/\" \/>\n<meta property=\"og:site_name\" content=\"Mundo Cosplayer Festival\" \/>\n<meta property=\"article:modified_time\" content=\"2019-01-10T19:48:45+00:00\" \/>\n<meta property=\"og:image\" content=\"http:\/\/www.mundocosplayer.com.br\/festival\/wp-content\/uploads\/2019\/01\/stand-up.jpg\" \/>\n<script type=\"application\/ld+json\" class=\"yoast-schema-graph\">{\"@context\":\"https:\\\/\\\/schema.org\",\"@graph\":[{\"@type\":\"WebPage\",\"@id\":\"https:\\\/\\\/www.mundocosplayer.com.br\\\/festival\\\/atracoes\\\/stand-up-otaku\\\/\",\"url\":\"https:\\\/\\\/www.mundocosplayer.com.br\\\/festival\\\/atracoes\\\/stand-up-otaku\\\/\",\"name\":\"Stand up Otaku - Mundo Cosplayer Festival\",\"isPartOf\":{\"@id\":\"https:\\\/\\\/www.mundocosplayer.com.br\\\/festival\\\/#website\"},\"primaryImageOfPage\":{\"@id\":\"https:\\\/\\\/www.mundocosplayer.com.br\\\/festival\\\/atracoes\\\/stand-up-otaku\\\/#primaryimage\"},\"image\":{\"@id\":\"https:\\\/\\\/www.mundocosplayer.com.br\\\/festival\\\/atracoes\\\/stand-up-otaku\\\/#primaryimage\"},\"thumbnailUrl\":\"http:\\\/\\\/www.mundocosplayer.com.br\\\/festival\\\/wp-content\\\/uploads\\\/2019\\\/01\\\/stand-up.jpg\",\"datePublished\":\"2019-01-10T19:48:06+00:00\",\"dateModified\":\"2019-01-10T19:48:45+00:00\",\"description\":\"Se voc\u00ea \u00e9 otaku de verdade vai se rachar de rir do stand up do Youtuber Abner Vieira, do Canal do Bine.Ele que al\u00e9m de youtuber e comediante e otaku assumido, \u00e9 cosplayer e ser\u00e1 um dos apresentadores do Mundo Cosplayer Festival.\",\"breadcrumb\":{\"@id\":\"https:\\\/\\\/www.mundocosplayer.com.br\\\/festival\\\/atracoes\\\/stand-up-otaku\\\/#breadcrumb\"},\"inLanguage\":\"pt-BR\",\"potentialAction\":[{\"@type\":\"ReadAction\",\"target\":[\"https:\\\/\\\/www.mundocosplayer.com.br\\\/festival\\\/atracoes\\\/stand-up-otaku\\\/\"]}]},{\"@type\":\"ImageObject\",\"inLanguage\":\"pt-BR\",\"@id\":\"https:\\\/\\\/www.mundocosplayer.com.br\\\/festival\\\/atracoes\\\/stand-up-otaku\\\/#primaryimage\",\"url\":\"https:\\\/\\\/www.mundocosplayer.com.br\\\/festival\\\/wp-content\\\/uploads\\\/2019\\\/01\\\/stand-up.jpg\",\"contentUrl\":\"https:\\\/\\\/www.mundocosplayer.com.br\\\/festival\\\/wp-content\\\/uploads\\\/2019\\\/01\\\/stand-up.jpg\",\"width\":900,\"height\":900},{\"@type\":\"BreadcrumbList\",\"@id\":\"https:\\\/\\\/www.mundocosplayer.com.br\\\/festival\\\/atracoes\\\/stand-up-otaku\\\/#breadcrumb\",\"itemListElement\":[{\"@type\":\"ListItem\",\"position\":1,\"name\":\"In\u00edcio\",\"item\":\"https:\\\/\\\/www.mundocosplayer.com.br\\\/festival\\\/\"},{\"@type\":\"ListItem\",\"position\":2,\"name\":\"Atra\u00e7\u00f5es\",\"item\":\"https:\\\/\\\/www.mundocosplayer.com.br\\\/festival\\\/atracoes\\\/\"},{\"@type\":\"ListItem\",\"position\":3,\"name\":\"Stand up Otaku\"}]},{\"@type\":\"WebSite\",\"@id\":\"https:\\\/\\\/www.mundocosplayer.com.br\\\/festival\\\/#website\",\"url\":\"https:\\\/\\\/www.mundocosplayer.com.br\\\/festival\\\/\",\"name\":\"Mundo Cosplayer Festival\",\"description\":\"Venha se divertir com a gente!\",\"potentialAction\":[{\"@type\":\"SearchAction\",\"target\":{\"@type\":\"EntryPoint\",\"urlTemplate\":\"https:\\\/\\\/www.mundocosplayer.com.br\\\/festival\\\/?s={search_term_string}\"},\"query-input\":{\"@type\":\"PropertyValueSpecification\",\"valueRequired\":true,\"valueName\":\"search_term_string\"}}],\"inLanguage\":\"pt-BR\"}]}<\/script>\n<!-- \/ Yoast SEO plugin. -->","yoast_head_json":{"title":"Stand up Otaku - Mundo Cosplayer Festival","description":"Se voc\u00ea \u00e9 otaku de verdade vai se rachar de rir do stand up do Youtuber Abner Vieira, do Canal do Bine.Ele que al\u00e9m de youtuber e comediante e otaku assumido, \u00e9 cosplayer e ser\u00e1 um dos apresentadores do Mundo Cosplayer Festival.","robots":{"index":"index","follow":"follow","max-snippet":"max-snippet:-1","max-image-preview":"max-image-preview:large","max-video-preview":"max-video-preview:-1"},"canonical":"https:\/\/www.mundocosplayer.com.br\/festival\/atracoes\/stand-up-otaku\/","og_locale":"pt_BR","og_type":"article","og_title":"Stand up Otaku - Mundo Cosplayer Festival","og_description":"Se voc\u00ea \u00e9 otaku de verdade vai se rachar de rir do stand up do Youtuber Abner Vieira, do Canal do Bine.Ele que al\u00e9m de youtuber e comediante e otaku assumido, \u00e9 cosplayer e ser\u00e1 um dos apresentadores do Mundo Cosplayer Festival.","og_url":"https:\/\/www.mundocosplayer.com.br\/festival\/atracoes\/stand-up-otaku\/","og_site_name":"Mundo Cosplayer Festival","article_modified_time":"2019-01-10T19:48:45+00:00","og_image":[{"url":"http:\/\/www.mundocosplayer.com.br\/festival\/wp-content\/uploads\/2019\/01\/stand-up.jpg","type":"","width":"","height":""}],"schema":{"@context":"https:\/\/schema.org","@graph":[{"@type":"WebPage","@id":"https:\/\/www.mundocosplayer.com.br\/festival\/atracoes\/stand-up-otaku\/","url":"https:\/\/www.mundocosplayer.com.br\/festival\/atracoes\/stand-up-otaku\/","name":"Stand up Otaku - Mundo Cosplayer Festival","isPartOf":{"@id":"https:\/\/www.mundocosplayer.com.br\/festival\/#website"},"primaryImageOfPage":{"@id":"https:\/\/www.mundocosplayer.com.br\/festival\/atracoes\/stand-up-otaku\/#primaryimage"},"image":{"@id":"https:\/\/www.mundocosplayer.com.br\/festival\/atracoes\/stand-up-otaku\/#primaryimage"},"thumbnailUrl":"http:\/\/www.mundocosplayer.com.br\/festival\/wp-content\/uploads\/2019\/01\/stand-up.jpg","datePublished":"2019-01-10T19:48:06+00:00","dateModified":"2019-01-10T19:48:45+00:00","description":"Se voc\u00ea \u00e9 otaku de verdade vai se rachar de rir do stand up do Youtuber Abner Vieira, do Canal do Bine.Ele que al\u00e9m de youtuber e comediante e otaku assumido, \u00e9 cosplayer e ser\u00e1 um dos apresentadores do Mundo Cosplayer Festival.","breadcrumb":{"@id":"https:\/\/www.mundocosplayer.com.br\/festival\/atracoes\/stand-up-otaku\/#breadcrumb"},"inLanguage":"pt-BR","potentialAction":[{"@type":"ReadAction","target":["https:\/\/www.mundocosplayer.com.br\/festival\/atracoes\/stand-up-otaku\/"]}]},{"@type":"ImageObject","inLanguage":"pt-BR","@id":"https:\/\/www.mundocosplayer.com.br\/festival\/atracoes\/stand-up-otaku\/#primaryimage","url":"https:\/\/www.mundocosplayer.com.br\/festival\/wp-content\/uploads\/2019\/01\/stand-up.jpg","contentUrl":"https:\/\/www.mundocosplayer.com.br\/festival\/wp-content\/uploads\/2019\/01\/stand-up.jpg","width":900,"height":900},{"@type":"BreadcrumbList","@id":"https:\/\/www.mundocosplayer.com.br\/festival\/atracoes\/stand-up-otaku\/#breadcrumb","itemListElement":[{"@type":"ListItem","position":1,"name":"In\u00edcio","item":"https:\/\/www.mundocosplayer.com.br\/festival\/"},{"@type":"ListItem","position":2,"name":"Atra\u00e7\u00f5es","item":"https:\/\/www.mundocosplayer.com.br\/festival\/atracoes\/"},{"@type":"ListItem","position":3,"name":"Stand up Otaku"}]},{"@type":"WebSite","@id":"https:\/\/www.mundocosplayer.com.br\/festival\/#website","url":"https:\/\/www.mundocosplayer.com.br\/festival\/","name":"Mundo Cosplayer Festival","description":"Venha se divertir com a gente!","potentialAction":[{"@type":"SearchAction","target":{"@type":"EntryPoint","urlTemplate":"https:\/\/www.mundocosplayer.com.br\/festival\/?s={search_term_string}"},"query-input":{"@type":"PropertyValueSpecification","valueRequired":true,"valueName":"search_term_string"}}],"inLanguage":"pt-BR"}]}},"_links":{"self":[{"href":"https:\/\/www.mundocosplayer.com.br\/festival\/wp-json\/wp\/v2\/pages\/479","targetHints":{"allow":["GET"]}}],"collection":[{"href":"https:\/\/www.mundocosplayer.com.br\/festival\/wp-json\/wp\/v2\/pages"}],"about":[{"href":"https:\/\/www.mundocosplayer.com.br\/festival\/wp-json\/wp\/v2\/types\/page"}],"author":[{"embeddable":true,"href":"https:\/\/www.mundocosplayer.com.br\/festival\/wp-json\/wp\/v2\/users\/1"}],"replies":[{"embeddable":true,"href":"https:\/\/www.mundocosplayer.com.br\/festival\/wp-json\/wp\/v2\/comments?post=479"}],"version-history":[{"count":3,"href":"https:\/\/www.mundocosplayer.com.br\/festival\/wp-json\/wp\/v2\/pages\/479\/revisions"}],"predecessor-version":[{"id":484,"href":"https:\/\/www.mundocosplayer.com.br\/festival\/wp-json\/wp\/v2\/pages\/479\/revisions\/484"}],"up":[{"embeddable":true,"href":"https:\/\/www.mundocosplayer.com.br\/festival\/wp-json\/wp\/v2\/pages\/223"}],"wp:attachment":[{"href":"https:\/\/www.mundocosplayer.com.br\/festival\/wp-json\/wp\/v2\/media?parent=479"}],"curies":[{"name":"wp","href":"https:\/\/api.w.org\/{rel}","templated":true}]}}