{"id":360,"date":"2019-01-08T20:46:21","date_gmt":"2019-01-08T20:46:21","guid":{"rendered":"http:\/\/www.mundocosplayer.com.br\/festival\/?page_id=360"},"modified":"2019-02-10T15:40:44","modified_gmt":"2019-02-10T15:40:44","slug":"area-de-artistas","status":"publish","type":"page","link":"https:\/\/www.mundocosplayer.com.br\/festival\/atracoes\/area-de-artistas\/","title":{"rendered":"\u00c1rea de Artistas"},"content":{"rendered":"<p>&nbsp;<\/p>\n<p style=\"text-align: justify;\">No <span style=\"color: #ff9900;\"><strong>1\u00ba Mundo Cosplayer Festival<\/strong> <\/span>teremos uma grande <span style=\"color: #ff0000;\"><strong>\u00c1rea de Artistas<\/strong><\/span> com ilustradores, redatores e quadrinistas super legais!<\/p>\n<p>&nbsp;<\/p>\n<h5 style=\"text-align: justify;\"><strong>Confira quem estar\u00e1 conosco na <span style=\"color: #ff0000;\">\u00c1rea de Artistas<\/span>:<\/strong><\/h5>\n<p>&nbsp;<\/p>\n<p><strong>GILBERTO QUEIROZ<\/strong><\/p>\n<p>&nbsp;<\/p>\n<p>Gilberto Queiroz \u00e9 ilustrador e caricaturista que apresentar\u00e1 no evento alguns de seus quadrinhos mais famosos.<\/p>\n<p>&nbsp;<\/p>\n<p><strong><a href=\"https:\/\/www.facebook.com\/gilberto.queiroz.3?ref=br_rs\" target=\"_blank\" rel=\"noopener\">Facebook<\/a> | <a href=\"https:\/\/www.instagram.com\/queirozestudio\/\" target=\"_blank\" rel=\"noopener\">Instagram<\/a><\/strong><\/p>\n<p>&nbsp;<\/p>\n<p><a href=\"http:\/\/www.mundocosplayer.com.br\/festival\/wp-content\/uploads\/2019\/02\/gilberto-queiroz.png\"><img loading=\"lazy\" decoding=\"async\" class=\"alignnone size-full wp-image-605\" src=\"http:\/\/www.mundocosplayer.com.br\/festival\/wp-content\/uploads\/2019\/02\/gilberto-queiroz.png\" alt=\"\" width=\"968\" height=\"1143\" \/><\/a><\/p>\n<p style=\"text-align: justify;\"><strong>CAU\u00ca CASSORLA<\/strong><\/p>\n<p>&nbsp;<\/p>\n<p>Cau\u00ea \u00e9 dono da<em> Contabilid&#8217;Arte <\/em>que oferecer\u00e1 em sua mesa artesanatos personalizados 3D, inspirados na cultura pop, filmes e animes.<\/p>\n<p>&nbsp;<\/p>\n<p><strong><a href=\"https:\/\/www.facebook.com\/contabilidarte\" target=\"_blank\" rel=\"noopener\">Facebook<\/a> | <a href=\"https:\/\/www.instagram.com\/contabilidarte\/\" target=\"_blank\" rel=\"noopener\">Instagram<\/a><\/strong><\/p>\n<p>&nbsp;<\/p>\n<p><a href=\"http:\/\/www.mundocosplayer.com.br\/festival\/wp-content\/uploads\/2019\/01\/caue-cassorla.jpg\"><img loading=\"lazy\" decoding=\"async\" class=\"size-full wp-image-366 aligncenter\" src=\"http:\/\/www.mundocosplayer.com.br\/festival\/wp-content\/uploads\/2019\/01\/caue-cassorla.jpg\" alt=\"\" width=\"900\" height=\"900\" \/><\/a><\/p>\n<p>&nbsp;<\/p>\n<p><strong>DEBORAH RODRIGUEZ<\/strong><\/p>\n<p>&nbsp;<\/p>\n<p style=\"text-align: justify;\">Ilustradora\/Designer de S\u00e3o Paulo apaixonada por desenho animado e cultura nerd. Minhas ilustra\u00e7\u00f5es s\u00e3o desenvolvidas na maioria das vezes em nanquim e pairam em um universo dark fofinho <em>(como gosto de chamar hahaha)<\/em> onde brinco com valores e composi\u00e7\u00f5es, misturando diversos elementos entre fanarts e desenhos autorais.<\/p>\n<p>&nbsp;<\/p>\n<p><strong><a href=\"https:\/\/www.facebook.com\/rdzdebs\/\" target=\"_blank\" rel=\"noopener\">Facebook<\/a> | <a href=\"https:\/\/www.instagram.com\/rdzdebs\/\" target=\"_blank\" rel=\"noopener\">Instagram<\/a><\/strong><\/p>\n<p>&nbsp;<\/p>\n<p><a href=\"http:\/\/www.mundocosplayer.com.br\/festival\/wp-content\/uploads\/2019\/01\/deborah-rodriguez.jpg\"><img loading=\"lazy\" decoding=\"async\" class=\"size-full wp-image-367 aligncenter\" src=\"http:\/\/www.mundocosplayer.com.br\/festival\/wp-content\/uploads\/2019\/01\/deborah-rodriguez.jpg\" alt=\"\" width=\"900\" height=\"900\" \/><\/a><\/p>\n<p>&nbsp;<\/p>\n<p><strong>AYRA<\/strong><\/p>\n<p>&nbsp;<\/p>\n<p style=\"text-align: justify;\">Oie! Sou a Ayra, 22 anos, estudante de Design e Anima\u00e7\u00e3o 2D. Ilustrar para mim sempre foi uma grande paix\u00e3o. Vendo prints, sketchbooks artesanais, adesivos, bot\u00f3ns, ecobags e minha m\u00e3e faz gatinhos fofinhos de pel\u00facia!<\/p>\n<p>&nbsp;<\/p>\n<p><strong><a href=\"https:\/\/www.facebook.com\/ayraillustrations\/\" target=\"_blank\" rel=\"noopener\">Facebook<\/a> | <a href=\"https:\/\/www.instagram.com\/ayraillustrations\/\" target=\"_blank\" rel=\"noopener\">Instagram<\/a><\/strong><\/p>\n<p>&nbsp;<\/p>\n<p><a href=\"http:\/\/www.mundocosplayer.com.br\/festival\/wp-content\/uploads\/2019\/01\/fabiane-sanda.jpg\"><img loading=\"lazy\" decoding=\"async\" class=\"size-full wp-image-368 aligncenter\" src=\"http:\/\/www.mundocosplayer.com.br\/festival\/wp-content\/uploads\/2019\/01\/fabiane-sanda.jpg\" alt=\"\" width=\"900\" height=\"900\" \/><\/a><\/p>\n<p>&nbsp;<\/p>\n<p><strong>CAYLA ORTEGA<\/strong><\/p>\n<p>&nbsp;<\/p>\n<p style=\"text-align: justify;\">Nascida e criada em S\u00e3o Paulo, trabalha como ilustradora freelancer desde 2012 e passou a integrar a equipe da Cr\u00e1s Est\u00fadio e Editora em 2017, onde participou de uma publica\u00e7\u00e3o pela primeira vez, como arte finalista, no ano seguinte participou de outra publica\u00e7\u00e3o como um dos 8 desenhistas que fizeram parte do projeto lan\u00e7ado na CCXP de 2018, tamb\u00e9m pela Cr\u00e1s.<\/p>\n<p>&nbsp;<\/p>\n<p><strong><a href=\"https:\/\/www.facebook.com\/caylaortegaart\/\" target=\"_blank\" rel=\"noopener\">Facebook<\/a> | <a href=\"https:\/\/www.instagram.com\/caylaortega\/\" target=\"_blank\" rel=\"noopener\">Instagram<\/a><\/strong><\/p>\n<p>&nbsp;<\/p>\n<p><a href=\"http:\/\/www.mundocosplayer.com.br\/festival\/wp-content\/uploads\/2019\/01\/Cayla-ortega.jpg\"><img loading=\"lazy\" decoding=\"async\" class=\"size-full wp-image-369 aligncenter\" src=\"http:\/\/www.mundocosplayer.com.br\/festival\/wp-content\/uploads\/2019\/01\/Cayla-ortega.jpg\" alt=\"\" width=\"900\" height=\"900\" \/><\/a><\/p>\n<p>&nbsp;<\/p>\n<p><strong>WUTA-TUMAKI<\/strong><\/p>\n<p>&nbsp;<\/p>\n<p><strong><a href=\"https:\/\/www.facebook.com\/WutaTumaki\/\" target=\"_blank\" rel=\"noopener\">Facebook<\/a> | <a href=\"https:\/\/www.instagram.com\/wutatumaki\/\" target=\"_blank\" rel=\"noopener\">Instagram<\/a><\/strong><\/p>\n<p>&nbsp;<\/p>\n<p><a href=\"http:\/\/www.mundocosplayer.com.br\/festival\/wp-content\/uploads\/2019\/01\/wuta-tumaki.jpg\"><img loading=\"lazy\" decoding=\"async\" class=\"size-full wp-image-370 aligncenter\" src=\"http:\/\/www.mundocosplayer.com.br\/festival\/wp-content\/uploads\/2019\/01\/wuta-tumaki.jpg\" alt=\"\" width=\"900\" height=\"900\" \/><\/a><\/p>\n<p>&nbsp;<\/p>\n<p><strong>LARRYSAH<\/strong><\/p>\n<p>&nbsp;<\/p>\n<p style=\"text-align: justify;\">LarrySah \u00e9 uma artista e ilustradora, tendo participado na produ\u00e7\u00e3o da HQ Curumim, um quadrinho baseado na mitologia e nas lendas brasileiras. F\u00e3 de hist\u00f3rias de terror e jogos com gr\u00e1ficos em Pixel Art, estudou desenho e ilustra\u00e7\u00e3o por dois anos e \u00e9 formada em t\u00e9cnico de Design de Interiores, atualmente cursa uma faculdade de jogos digitais.<\/p>\n<p>&nbsp;<\/p>\n<p><strong><a href=\"https:\/\/www.facebook.com\/LarrySahArt\" target=\"_blank\" rel=\"noopener\">Facebook<\/a> | <a href=\"https:\/\/www.instagram.com\/LarrySahArt\/\" target=\"_blank\" rel=\"noopener\">Instagram<\/a><\/strong><\/p>\n<p>&nbsp;<\/p>\n<p><a href=\"http:\/\/www.mundocosplayer.com.br\/festival\/wp-content\/uploads\/2019\/01\/larry-sah.jpg\"><img loading=\"lazy\" decoding=\"async\" class=\"size-full wp-image-371 aligncenter\" src=\"http:\/\/www.mundocosplayer.com.br\/festival\/wp-content\/uploads\/2019\/01\/larry-sah.jpg\" alt=\"\" width=\"900\" height=\"900\" \/><\/a><\/p>\n<p>&nbsp;<\/p>\n<p><strong>CHIBINES<\/strong><\/p>\n<p>&nbsp;<\/p>\n<p style=\"text-align: justify;\">In\u00eas Lobato \u00e9 ilustradora freelancer e estudante de Design Gr\u00e1fico nascida em Cascais.\u00a0Hoje produz artes autorais e fanarts, atrav\u00e9s de t\u00e9cnica digital e manual.\u00a0J\u00e1 participou de alguns eventos no Brasil e em Portugal, e esse ano teve a chance de participar do Mundo Cosplayer Festival pela primeira vez. \u00c9 apaixonada por desenhar e por coisas fofas e coloridas desde pequena e seu estilo tira inspira\u00e7\u00e3o de uma jun\u00e7\u00e3o de caracter\u00edsticas da cultura pop em geral, shoujos (mang\u00e1s japoneses para garotas), animes e Disney.<\/p>\n<p>&nbsp;<\/p>\n<p><strong><a href=\"https:\/\/www.instagram.com\/chibines\/\" target=\"_blank\" rel=\"noopener\">Instagram<\/a><\/strong><\/p>\n<p>&nbsp;<\/p>\n<p><a href=\"http:\/\/www.mundocosplayer.com.br\/festival\/wp-content\/uploads\/2019\/01\/chibines.jpg\"><img loading=\"lazy\" decoding=\"async\" class=\"size-full wp-image-372 aligncenter\" src=\"http:\/\/www.mundocosplayer.com.br\/festival\/wp-content\/uploads\/2019\/01\/chibines.jpg\" alt=\"\" width=\"900\" height=\"900\" \/><\/a><\/p>\n<p>&nbsp;<\/p>\n<p><strong>TIZY IZUMY<\/strong><\/p>\n<p>&nbsp;<\/p>\n<p>Artista independente com foco em ilustra\u00e7\u00e3o e mang\u00e1, que adora desenhar coisas fofas. Influenciada pelos mang\u00e1s e animes mas que troca um final de semana pra maratonar aquela s\u00e9rie.<\/p>\n<p>&nbsp;<\/p>\n<p><strong><a href=\"https:\/\/www.facebook.com\/tizyizumyart\" target=\"_blank\" rel=\"noopener\">Facebook<\/a> | <a href=\"https:\/\/www.instagram.com\/tizyizumyart\/\" target=\"_blank\" rel=\"noopener\">Instagram<\/a><\/strong><\/p>\n<p>&nbsp;<\/p>\n<p><a href=\"http:\/\/www.mundocosplayer.com.br\/festival\/wp-content\/uploads\/2019\/01\/tizy-izumy.jpg\"><img loading=\"lazy\" decoding=\"async\" class=\"size-full wp-image-373 aligncenter\" src=\"http:\/\/www.mundocosplayer.com.br\/festival\/wp-content\/uploads\/2019\/01\/tizy-izumy.jpg\" alt=\"\" width=\"900\" height=\"900\" \/><\/a><\/p>\n<p>&nbsp;<\/p>\n<p><strong>JULIOART<\/strong><\/p>\n<p>&nbsp;<\/p>\n<p style=\"text-align: justify;\">Eu dou aulas de desenho art\u00edstico e pintura com l\u00e1pis de cor, fa\u00e7o caricaturas e fa\u00e7o trabalhos com pinturas.<\/p>\n<p>&nbsp;<\/p>\n<p><a href=\"https:\/\/www.instagram.com\/julioart2018\/\" target=\"_blank\" rel=\"noopener\"><strong>Instagram<\/strong><\/a><\/p>\n<p>&nbsp;<\/p>\n<p><a href=\"http:\/\/www.mundocosplayer.com.br\/festival\/wp-content\/uploads\/2019\/01\/julio-cesar.jpg\"><img loading=\"lazy\" decoding=\"async\" class=\"size-full wp-image-374 aligncenter\" src=\"http:\/\/www.mundocosplayer.com.br\/festival\/wp-content\/uploads\/2019\/01\/julio-cesar.jpg\" alt=\"\" width=\"900\" height=\"900\" \/><\/a><\/p>\n<p>&nbsp;<\/p>\n<p><strong>VAGNER LIRA<\/strong><\/p>\n<p>&nbsp;<\/p>\n<p style=\"text-align: justify;\">Desenhista e ilustrador. Freq\u00fcento hoje feiras e eventos levando minha arte, fanarts de personagens e ilustra\u00e7\u00f5es diversas de temas Geek, nerd e otaku; impressas em p\u00f4ster, adesivos, chaveiros, etc. Estudei Artes visuais na Unicsul , Desenho na Quanta academia de Artes. Atualmente me dedico ao oficio de ilustrador freelancer, professor de desenho, e a fazer artes de caricaturas personalizadas, fanarts, etc. Um dos projetos o mais recente VERAGICA, \u00e9 o filho que estou levando aos eventos para mostrar e divulgar aos que me acompanham.<\/p>\n<p>&nbsp;<\/p>\n<p><a href=\"https:\/\/www.instagram.com\/vag.lira\/\" target=\"_blank\" rel=\"noopener\"><strong>Instagram<\/strong><\/a><\/p>\n<p>&nbsp;<\/p>\n<p><a href=\"http:\/\/www.mundocosplayer.com.br\/festival\/wp-content\/uploads\/2019\/01\/lira-art.jpg\"><img loading=\"lazy\" decoding=\"async\" class=\"size-full wp-image-375 aligncenter\" src=\"http:\/\/www.mundocosplayer.com.br\/festival\/wp-content\/uploads\/2019\/01\/lira-art.jpg\" alt=\"\" width=\"900\" height=\"900\" \/><\/a><\/p>\n<p>&nbsp;<\/p>\n<p><strong>PANDA`S ART<\/strong><\/p>\n<p>&nbsp;<\/p>\n<p style=\"text-align: justify;\">Artista Freelancer e Ilustrador. Fui influenciado desde pequeno por animes e foi a\u00ed que desenvolvi meu gosto por desenhar, fui crescendo e me desenvolvendo, pegando influ\u00eancias de outras \u00e1reas, como HQs, ilustra\u00e7\u00f5es de games e anima\u00e7\u00f5es. Hoje estou criando meus pr\u00f3prios personagens e hist\u00f3rias que lan\u00e7arei em breve.<\/p>\n<p>&nbsp;<\/p>\n<p><strong><a href=\"https:\/\/www.facebook.com\/caiopandasart\/\" target=\"_blank\" rel=\"noopener\">Facebook<\/a> | <a href=\"https:\/\/www.instagram.com\/caiopandasart\/\" target=\"_blank\" rel=\"noopener\">Instagram<\/a><\/strong><\/p>\n<p>&nbsp;<\/p>\n<p><a href=\"http:\/\/www.mundocosplayer.com.br\/festival\/wp-content\/uploads\/2019\/01\/caio-panda.jpg\"><img loading=\"lazy\" decoding=\"async\" class=\"size-full wp-image-376 aligncenter\" src=\"http:\/\/www.mundocosplayer.com.br\/festival\/wp-content\/uploads\/2019\/01\/caio-panda.jpg\" alt=\"\" width=\"900\" height=\"900\" \/><\/a><\/p>\n<p>&nbsp;<\/p>\n<p><strong>NINA ACCIARI<\/strong><\/p>\n<p>&nbsp;<\/p>\n<p><a href=\"https:\/\/www.instagram.com\/acciarinina.art\/\" target=\"_blank\" rel=\"noopener\"><strong>Instagram<\/strong><\/a><\/p>\n<p>&nbsp;<\/p>\n<p><a href=\"http:\/\/www.mundocosplayer.com.br\/festival\/wp-content\/uploads\/2019\/01\/nina-acciari.jpg\"><img loading=\"lazy\" decoding=\"async\" class=\"size-full wp-image-377 aligncenter\" src=\"http:\/\/www.mundocosplayer.com.br\/festival\/wp-content\/uploads\/2019\/01\/nina-acciari.jpg\" alt=\"\" width=\"900\" height=\"900\" \/><\/a><\/p>\n<p>&nbsp;<\/p>\n<p><strong>VANILLOLA<\/strong><\/p>\n<p>&nbsp;<\/p>\n<p style=\"text-align: justify;\">Lola Bel \u00e9 estudante de moda que ama cores past\u00e9is e a sobriedade das cores neutras. Atualmente est\u00e1 se esfor\u00e7ando para ganhar espa\u00e7o nesse meio.<\/p>\n<p>&nbsp;<\/p>\n<p><a href=\"https:\/\/www.instagram.com\/vanillola\/\" target=\"_blank\" rel=\"noopener\"><strong>Instagram<\/strong><\/a><\/p>\n<p>&nbsp;<\/p>\n<p><a href=\"http:\/\/www.mundocosplayer.com.br\/festival\/wp-content\/uploads\/2019\/01\/vanillola.jpg\"><img loading=\"lazy\" decoding=\"async\" class=\"size-full wp-image-378 aligncenter\" src=\"http:\/\/www.mundocosplayer.com.br\/festival\/wp-content\/uploads\/2019\/01\/vanillola.jpg\" alt=\"\" width=\"900\" height=\"900\" \/><\/a><\/p>\n<p>&nbsp;<\/p>\n<p><strong>JULIA STILIANO<\/strong><\/p>\n<p>&nbsp;<\/p>\n<p style=\"text-align: justify;\">Meu nome \u00e9 Julia Stiliano Von Stein, nasci em Mogi das Cruzes, tenho 23 anos e desenho desde crian\u00e7a.<\/p>\n<p style=\"text-align: justify;\">Sou uma ilustradora freelancer e atualmente moro em Guarulhos. Trabalho desenhando os mais diversos tipos de ilustra\u00e7\u00f5es para pessoas do mundo inteiro. Meu estilo tem influ\u00eancias de mang\u00e1s, animes e desenhos americanos e adoro desenhar principalmente personagens e coisas graciosas e \u2018fofinhas\u2019 com cores quentes. Gostaria que todos viessem visitar a minha mesa e ver os meus melhores trabalhos que selecionei!<\/p>\n<p>&nbsp;<\/p>\n<p><a href=\"https:\/\/www.instagram.com\/juliastiliano\/\" target=\"_blank\" rel=\"noopener\"><strong>Instagram<\/strong><\/a><\/p>\n<p>&nbsp;<\/p>\n<p><a href=\"http:\/\/www.mundocosplayer.com.br\/festival\/wp-content\/uploads\/2019\/01\/julia-stiliano.jpg\"><img loading=\"lazy\" decoding=\"async\" class=\"size-full wp-image-379 aligncenter\" src=\"http:\/\/www.mundocosplayer.com.br\/festival\/wp-content\/uploads\/2019\/01\/julia-stiliano.jpg\" alt=\"\" width=\"900\" height=\"900\" \/><\/a><\/p>\n<p>&nbsp;<\/p>\n<p><strong>GIOVANA STILIANO<\/strong><\/p>\n<p>&nbsp;<\/p>\n<p>Adoro desenhar fanarts de desenhos e jogos, personagens e criaturas m\u00edsticas ?<\/p>\n<p>&nbsp;<\/p>\n<p><a href=\"https:\/\/www.instagram.com\/sintastein\/\" target=\"_blank\" rel=\"noopener\"><strong>Instagram<\/strong><\/a><\/p>\n<p>&nbsp;<\/p>\n<p><a href=\"http:\/\/www.mundocosplayer.com.br\/festival\/wp-content\/uploads\/2019\/01\/sinta-stein.jpg\"><img loading=\"lazy\" decoding=\"async\" class=\"size-full wp-image-380 aligncenter\" src=\"http:\/\/www.mundocosplayer.com.br\/festival\/wp-content\/uploads\/2019\/01\/sinta-stein.jpg\" alt=\"\" width=\"900\" height=\"900\" \/><\/a><\/p>\n<p>&nbsp;<\/p>\n<p>&nbsp;<\/p>\n","protected":false},"excerpt":{"rendered":"<p>&nbsp; No 1\u00ba Mundo Cosplayer Festival teremos uma grande \u00c1rea de Artistas com ilustradores, redatores e quadrinistas super legais! &nbsp; Confira quem estar\u00e1 conosco na \u00c1rea de Artistas: &nbsp; GILBERTO QUEIROZ &nbsp; Gilberto Queiroz \u00e9 ilustrador e caricaturista que apresentar\u00e1 no evento alguns de seus quadrinhos mais famosos. &nbsp; Facebook\u2026 <a class=\"continue-reading-link\" href=\"https:\/\/www.mundocosplayer.com.br\/festival\/atracoes\/area-de-artistas\/\">Continue reading<\/a><\/p>\n","protected":false},"author":1,"featured_media":216,"parent":223,"menu_order":0,"comment_status":"closed","ping_status":"closed","template":"","meta":{"footnotes":""},"class_list":["post-360","page","type-page","status-publish","has-post-thumbnail","hentry"],"yoast_head":"<!-- This site is optimized with the Yoast SEO plugin v27.5 - https:\/\/yoast.com\/product\/yoast-seo-wordpress\/ -->\n<title>\u00c1rea de Artistas - Mundo Cosplayer Festival<\/title>\n<meta name=\"description\" content=\"No 1\u00ba Mundo Cosplayer Festival teremos uma grande \u00c1rea de Artistas com ilustradores, redatores e quadrinistas super legais!\" \/>\n<meta name=\"robots\" content=\"index, follow, max-snippet:-1, max-image-preview:large, max-video-preview:-1\" \/>\n<link rel=\"canonical\" href=\"https:\/\/www.mundocosplayer.com.br\/festival\/atracoes\/area-de-artistas\/\" \/>\n<meta property=\"og:locale\" content=\"pt_BR\" \/>\n<meta property=\"og:type\" content=\"article\" \/>\n<meta property=\"og:title\" content=\"\u00c1rea de Artistas - Mundo Cosplayer Festival\" \/>\n<meta property=\"og:description\" content=\"No 1\u00ba Mundo Cosplayer Festival teremos uma grande \u00c1rea de Artistas com ilustradores, redatores e quadrinistas super legais!\" \/>\n<meta property=\"og:url\" content=\"https:\/\/www.mundocosplayer.com.br\/festival\/atracoes\/area-de-artistas\/\" \/>\n<meta property=\"og:site_name\" content=\"Mundo Cosplayer Festival\" \/>\n<meta property=\"article:modified_time\" content=\"2019-02-10T15:40:44+00:00\" \/>\n<meta property=\"og:image\" content=\"https:\/\/www.mundocosplayer.com.br\/festival\/wp-content\/uploads\/2018\/11\/logo-top.png\" \/>\n\t<meta property=\"og:image:width\" content=\"1080\" \/>\n\t<meta property=\"og:image:height\" content=\"300\" \/>\n\t<meta property=\"og:image:type\" content=\"image\/png\" \/>\n<meta name=\"twitter:label1\" content=\"Est. tempo de leitura\" \/>\n\t<meta name=\"twitter:data1\" content=\"4 minutos\" \/>\n<script type=\"application\/ld+json\" class=\"yoast-schema-graph\">{\"@context\":\"https:\\\/\\\/schema.org\",\"@graph\":[{\"@type\":\"WebPage\",\"@id\":\"https:\\\/\\\/www.mundocosplayer.com.br\\\/festival\\\/atracoes\\\/area-de-artistas\\\/\",\"url\":\"https:\\\/\\\/www.mundocosplayer.com.br\\\/festival\\\/atracoes\\\/area-de-artistas\\\/\",\"name\":\"\u00c1rea de Artistas - Mundo Cosplayer Festival\",\"isPartOf\":{\"@id\":\"https:\\\/\\\/www.mundocosplayer.com.br\\\/festival\\\/#website\"},\"primaryImageOfPage\":{\"@id\":\"https:\\\/\\\/www.mundocosplayer.com.br\\\/festival\\\/atracoes\\\/area-de-artistas\\\/#primaryimage\"},\"image\":{\"@id\":\"https:\\\/\\\/www.mundocosplayer.com.br\\\/festival\\\/atracoes\\\/area-de-artistas\\\/#primaryimage\"},\"thumbnailUrl\":\"https:\\\/\\\/www.mundocosplayer.com.br\\\/festival\\\/wp-content\\\/uploads\\\/2018\\\/11\\\/logo-top.png\",\"datePublished\":\"2019-01-08T20:46:21+00:00\",\"dateModified\":\"2019-02-10T15:40:44+00:00\",\"description\":\"No 1\u00ba Mundo Cosplayer Festival teremos uma grande \u00c1rea de Artistas com ilustradores, redatores e quadrinistas super legais!\",\"breadcrumb\":{\"@id\":\"https:\\\/\\\/www.mundocosplayer.com.br\\\/festival\\\/atracoes\\\/area-de-artistas\\\/#breadcrumb\"},\"inLanguage\":\"pt-BR\",\"potentialAction\":[{\"@type\":\"ReadAction\",\"target\":[\"https:\\\/\\\/www.mundocosplayer.com.br\\\/festival\\\/atracoes\\\/area-de-artistas\\\/\"]}]},{\"@type\":\"ImageObject\",\"inLanguage\":\"pt-BR\",\"@id\":\"https:\\\/\\\/www.mundocosplayer.com.br\\\/festival\\\/atracoes\\\/area-de-artistas\\\/#primaryimage\",\"url\":\"https:\\\/\\\/www.mundocosplayer.com.br\\\/festival\\\/wp-content\\\/uploads\\\/2018\\\/11\\\/logo-top.png\",\"contentUrl\":\"https:\\\/\\\/www.mundocosplayer.com.br\\\/festival\\\/wp-content\\\/uploads\\\/2018\\\/11\\\/logo-top.png\",\"width\":1080,\"height\":300},{\"@type\":\"BreadcrumbList\",\"@id\":\"https:\\\/\\\/www.mundocosplayer.com.br\\\/festival\\\/atracoes\\\/area-de-artistas\\\/#breadcrumb\",\"itemListElement\":[{\"@type\":\"ListItem\",\"position\":1,\"name\":\"In\u00edcio\",\"item\":\"https:\\\/\\\/www.mundocosplayer.com.br\\\/festival\\\/\"},{\"@type\":\"ListItem\",\"position\":2,\"name\":\"Atra\u00e7\u00f5es\",\"item\":\"https:\\\/\\\/www.mundocosplayer.com.br\\\/festival\\\/atracoes\\\/\"},{\"@type\":\"ListItem\",\"position\":3,\"name\":\"\u00c1rea de Artistas\"}]},{\"@type\":\"WebSite\",\"@id\":\"https:\\\/\\\/www.mundocosplayer.com.br\\\/festival\\\/#website\",\"url\":\"https:\\\/\\\/www.mundocosplayer.com.br\\\/festival\\\/\",\"name\":\"Mundo Cosplayer Festival\",\"description\":\"Venha se divertir com a gente!\",\"potentialAction\":[{\"@type\":\"SearchAction\",\"target\":{\"@type\":\"EntryPoint\",\"urlTemplate\":\"https:\\\/\\\/www.mundocosplayer.com.br\\\/festival\\\/?s={search_term_string}\"},\"query-input\":{\"@type\":\"PropertyValueSpecification\",\"valueRequired\":true,\"valueName\":\"search_term_string\"}}],\"inLanguage\":\"pt-BR\"}]}<\/script>\n<!-- \/ Yoast SEO plugin. -->","yoast_head_json":{"title":"\u00c1rea de Artistas - Mundo Cosplayer Festival","description":"No 1\u00ba Mundo Cosplayer Festival teremos uma grande \u00c1rea de Artistas com ilustradores, redatores e quadrinistas super legais!","robots":{"index":"index","follow":"follow","max-snippet":"max-snippet:-1","max-image-preview":"max-image-preview:large","max-video-preview":"max-video-preview:-1"},"canonical":"https:\/\/www.mundocosplayer.com.br\/festival\/atracoes\/area-de-artistas\/","og_locale":"pt_BR","og_type":"article","og_title":"\u00c1rea de Artistas - Mundo Cosplayer Festival","og_description":"No 1\u00ba Mundo Cosplayer Festival teremos uma grande \u00c1rea de Artistas com ilustradores, redatores e quadrinistas super legais!","og_url":"https:\/\/www.mundocosplayer.com.br\/festival\/atracoes\/area-de-artistas\/","og_site_name":"Mundo Cosplayer Festival","article_modified_time":"2019-02-10T15:40:44+00:00","og_image":[{"width":1080,"height":300,"url":"https:\/\/www.mundocosplayer.com.br\/festival\/wp-content\/uploads\/2018\/11\/logo-top.png","type":"image\/png"}],"twitter_misc":{"Est. tempo de leitura":"4 minutos"},"schema":{"@context":"https:\/\/schema.org","@graph":[{"@type":"WebPage","@id":"https:\/\/www.mundocosplayer.com.br\/festival\/atracoes\/area-de-artistas\/","url":"https:\/\/www.mundocosplayer.com.br\/festival\/atracoes\/area-de-artistas\/","name":"\u00c1rea de Artistas - Mundo Cosplayer Festival","isPartOf":{"@id":"https:\/\/www.mundocosplayer.com.br\/festival\/#website"},"primaryImageOfPage":{"@id":"https:\/\/www.mundocosplayer.com.br\/festival\/atracoes\/area-de-artistas\/#primaryimage"},"image":{"@id":"https:\/\/www.mundocosplayer.com.br\/festival\/atracoes\/area-de-artistas\/#primaryimage"},"thumbnailUrl":"https:\/\/www.mundocosplayer.com.br\/festival\/wp-content\/uploads\/2018\/11\/logo-top.png","datePublished":"2019-01-08T20:46:21+00:00","dateModified":"2019-02-10T15:40:44+00:00","description":"No 1\u00ba Mundo Cosplayer Festival teremos uma grande \u00c1rea de Artistas com ilustradores, redatores e quadrinistas super legais!","breadcrumb":{"@id":"https:\/\/www.mundocosplayer.com.br\/festival\/atracoes\/area-de-artistas\/#breadcrumb"},"inLanguage":"pt-BR","potentialAction":[{"@type":"ReadAction","target":["https:\/\/www.mundocosplayer.com.br\/festival\/atracoes\/area-de-artistas\/"]}]},{"@type":"ImageObject","inLanguage":"pt-BR","@id":"https:\/\/www.mundocosplayer.com.br\/festival\/atracoes\/area-de-artistas\/#primaryimage","url":"https:\/\/www.mundocosplayer.com.br\/festival\/wp-content\/uploads\/2018\/11\/logo-top.png","contentUrl":"https:\/\/www.mundocosplayer.com.br\/festival\/wp-content\/uploads\/2018\/11\/logo-top.png","width":1080,"height":300},{"@type":"BreadcrumbList","@id":"https:\/\/www.mundocosplayer.com.br\/festival\/atracoes\/area-de-artistas\/#breadcrumb","itemListElement":[{"@type":"ListItem","position":1,"name":"In\u00edcio","item":"https:\/\/www.mundocosplayer.com.br\/festival\/"},{"@type":"ListItem","position":2,"name":"Atra\u00e7\u00f5es","item":"https:\/\/www.mundocosplayer.com.br\/festival\/atracoes\/"},{"@type":"ListItem","position":3,"name":"\u00c1rea de Artistas"}]},{"@type":"WebSite","@id":"https:\/\/www.mundocosplayer.com.br\/festival\/#website","url":"https:\/\/www.mundocosplayer.com.br\/festival\/","name":"Mundo Cosplayer Festival","description":"Venha se divertir com a gente!","potentialAction":[{"@type":"SearchAction","target":{"@type":"EntryPoint","urlTemplate":"https:\/\/www.mundocosplayer.com.br\/festival\/?s={search_term_string}"},"query-input":{"@type":"PropertyValueSpecification","valueRequired":true,"valueName":"search_term_string"}}],"inLanguage":"pt-BR"}]}},"_links":{"self":[{"href":"https:\/\/www.mundocosplayer.com.br\/festival\/wp-json\/wp\/v2\/pages\/360","targetHints":{"allow":["GET"]}}],"collection":[{"href":"https:\/\/www.mundocosplayer.com.br\/festival\/wp-json\/wp\/v2\/pages"}],"about":[{"href":"https:\/\/www.mundocosplayer.com.br\/festival\/wp-json\/wp\/v2\/types\/page"}],"author":[{"embeddable":true,"href":"https:\/\/www.mundocosplayer.com.br\/festival\/wp-json\/wp\/v2\/users\/1"}],"replies":[{"embeddable":true,"href":"https:\/\/www.mundocosplayer.com.br\/festival\/wp-json\/wp\/v2\/comments?post=360"}],"version-history":[{"count":22,"href":"https:\/\/www.mundocosplayer.com.br\/festival\/wp-json\/wp\/v2\/pages\/360\/revisions"}],"predecessor-version":[{"id":618,"href":"https:\/\/www.mundocosplayer.com.br\/festival\/wp-json\/wp\/v2\/pages\/360\/revisions\/618"}],"up":[{"embeddable":true,"href":"https:\/\/www.mundocosplayer.com.br\/festival\/wp-json\/wp\/v2\/pages\/223"}],"wp:featuredmedia":[{"embeddable":true,"href":"https:\/\/www.mundocosplayer.com.br\/festival\/wp-json\/wp\/v2\/media\/216"}],"wp:attachment":[{"href":"https:\/\/www.mundocosplayer.com.br\/festival\/wp-json\/wp\/v2\/media?parent=360"}],"curies":[{"name":"wp","href":"https:\/\/api.w.org\/{rel}","templated":true}]}}