{"id":243,"date":"2018-11-15T18:12:08","date_gmt":"2018-11-15T18:12:08","guid":{"rendered":"http:\/\/www.mundocosplayer.com.br\/festival\/?page_id=243"},"modified":"2018-11-22T21:19:43","modified_gmt":"2018-11-22T21:19:43","slug":"patrocinio","status":"publish","type":"page","link":"https:\/\/www.mundocosplayer.com.br\/festival\/cadastros\/patrocinio\/","title":{"rendered":"Patroc\u00ednio"},"content":{"rendered":"<p>&nbsp;<\/p>\n<p style=\"text-align: justify;\">O <span style=\"color: #ff9900;\"><strong>Mundo Cosplayer Festival<\/strong><\/span> \u00e9 gratuito para visitantes, mas para isto precisamos do apoio de empresas, lojas e marcas voltadas ao p\u00fablico <em>nerd\/geek<\/em> para cobrir alguns gastos estruturais do evento.<\/p>\n<p>&nbsp;<\/p>\n<p style=\"text-align: justify;\">Voc\u00ea deseja ter sua marca exposta em nossas m\u00eddias <em>(sites e redes sociais)<\/em> por um valor bem baixinho? Entre em contato conosco e saiba mais!<\/p>\n<p>&nbsp;<\/p>\n<h4><strong>Preencha o formul\u00e1rio abaixo e aguarde nosso contato:<\/strong><\/h4>\n<p>&nbsp;<\/p>\n<p><iframe loading=\"lazy\" src=\"https:\/\/docs.google.com\/forms\/d\/e\/1FAIpQLSdAkQa30S18hrYVpj1uRCa38glanFWYT260vyw4_SPReUXiOA\/viewform?embedded=true\" width=\"640\" height=\"977\" frameborder=\"0\" marginheight=\"0\" marginwidth=\"0\">Carregando\u2026<\/iframe><\/p>\n","protected":false},"excerpt":{"rendered":"<p>&nbsp; O Mundo Cosplayer Festival \u00e9 gratuito para visitantes, mas para isto precisamos do apoio de empresas, lojas e marcas voltadas ao p\u00fablico nerd\/geek para cobrir alguns gastos estruturais do evento. &nbsp; Voc\u00ea deseja ter sua marca exposta em nossas m\u00eddias (sites e redes sociais) por um valor bem baixinho?\u2026 <a class=\"continue-reading-link\" href=\"https:\/\/www.mundocosplayer.com.br\/festival\/cadastros\/patrocinio\/\">Continue reading<\/a><\/p>\n","protected":false},"author":1,"featured_media":216,"parent":224,"menu_order":0,"comment_status":"closed","ping_status":"closed","template":"","meta":{"footnotes":""},"class_list":["post-243","page","type-page","status-publish","has-post-thumbnail","hentry"],"yoast_head":"<!-- This site is optimized with the Yoast SEO plugin v27.5 - https:\/\/yoast.com\/product\/yoast-seo-wordpress\/ -->\n<title>Patroc\u00ednio - Mundo Cosplayer Festival<\/title>\n<meta name=\"description\" content=\"Voc\u00ea deseja ter sua marca exposta em nossas m\u00eddias (sites e redes sociais) por um valor bem baixinho? Entre em contato conosco e saiba mais!\" \/>\n<meta name=\"robots\" content=\"index, follow, max-snippet:-1, max-image-preview:large, max-video-preview:-1\" \/>\n<link rel=\"canonical\" href=\"https:\/\/www.mundocosplayer.com.br\/festival\/cadastros\/patrocinio\/\" \/>\n<meta property=\"og:locale\" content=\"pt_BR\" \/>\n<meta property=\"og:type\" content=\"article\" \/>\n<meta property=\"og:title\" content=\"Patroc\u00ednio - Mundo Cosplayer Festival\" \/>\n<meta property=\"og:description\" content=\"Voc\u00ea deseja ter sua marca exposta em nossas m\u00eddias (sites e redes sociais) por um valor bem baixinho? Entre em contato conosco e saiba mais!\" \/>\n<meta property=\"og:url\" content=\"https:\/\/www.mundocosplayer.com.br\/festival\/cadastros\/patrocinio\/\" \/>\n<meta property=\"og:site_name\" content=\"Mundo Cosplayer Festival\" \/>\n<meta property=\"article:modified_time\" content=\"2018-11-22T21:19:43+00:00\" \/>\n<meta property=\"og:image\" content=\"https:\/\/www.mundocosplayer.com.br\/festival\/wp-content\/uploads\/2018\/11\/logo-top.png\" \/>\n\t<meta property=\"og:image:width\" content=\"1080\" \/>\n\t<meta property=\"og:image:height\" content=\"300\" \/>\n\t<meta property=\"og:image:type\" content=\"image\/png\" \/>\n<script type=\"application\/ld+json\" class=\"yoast-schema-graph\">{\"@context\":\"https:\\\/\\\/schema.org\",\"@graph\":[{\"@type\":\"WebPage\",\"@id\":\"https:\\\/\\\/www.mundocosplayer.com.br\\\/festival\\\/cadastros\\\/patrocinio\\\/\",\"url\":\"https:\\\/\\\/www.mundocosplayer.com.br\\\/festival\\\/cadastros\\\/patrocinio\\\/\",\"name\":\"Patroc\u00ednio - Mundo Cosplayer Festival\",\"isPartOf\":{\"@id\":\"https:\\\/\\\/www.mundocosplayer.com.br\\\/festival\\\/#website\"},\"primaryImageOfPage\":{\"@id\":\"https:\\\/\\\/www.mundocosplayer.com.br\\\/festival\\\/cadastros\\\/patrocinio\\\/#primaryimage\"},\"image\":{\"@id\":\"https:\\\/\\\/www.mundocosplayer.com.br\\\/festival\\\/cadastros\\\/patrocinio\\\/#primaryimage\"},\"thumbnailUrl\":\"https:\\\/\\\/www.mundocosplayer.com.br\\\/festival\\\/wp-content\\\/uploads\\\/2018\\\/11\\\/logo-top.png\",\"datePublished\":\"2018-11-15T18:12:08+00:00\",\"dateModified\":\"2018-11-22T21:19:43+00:00\",\"description\":\"Voc\u00ea deseja ter sua marca exposta em nossas m\u00eddias (sites e redes sociais) por um valor bem baixinho? Entre em contato conosco e saiba mais!\",\"breadcrumb\":{\"@id\":\"https:\\\/\\\/www.mundocosplayer.com.br\\\/festival\\\/cadastros\\\/patrocinio\\\/#breadcrumb\"},\"inLanguage\":\"pt-BR\",\"potentialAction\":[{\"@type\":\"ReadAction\",\"target\":[\"https:\\\/\\\/www.mundocosplayer.com.br\\\/festival\\\/cadastros\\\/patrocinio\\\/\"]}]},{\"@type\":\"ImageObject\",\"inLanguage\":\"pt-BR\",\"@id\":\"https:\\\/\\\/www.mundocosplayer.com.br\\\/festival\\\/cadastros\\\/patrocinio\\\/#primaryimage\",\"url\":\"https:\\\/\\\/www.mundocosplayer.com.br\\\/festival\\\/wp-content\\\/uploads\\\/2018\\\/11\\\/logo-top.png\",\"contentUrl\":\"https:\\\/\\\/www.mundocosplayer.com.br\\\/festival\\\/wp-content\\\/uploads\\\/2018\\\/11\\\/logo-top.png\",\"width\":1080,\"height\":300},{\"@type\":\"BreadcrumbList\",\"@id\":\"https:\\\/\\\/www.mundocosplayer.com.br\\\/festival\\\/cadastros\\\/patrocinio\\\/#breadcrumb\",\"itemListElement\":[{\"@type\":\"ListItem\",\"position\":1,\"name\":\"In\u00edcio\",\"item\":\"https:\\\/\\\/www.mundocosplayer.com.br\\\/festival\\\/\"},{\"@type\":\"ListItem\",\"position\":2,\"name\":\"Cadastros\",\"item\":\"https:\\\/\\\/www.mundocosplayer.com.br\\\/festival\\\/cadastros\\\/\"},{\"@type\":\"ListItem\",\"position\":3,\"name\":\"Patroc\u00ednio\"}]},{\"@type\":\"WebSite\",\"@id\":\"https:\\\/\\\/www.mundocosplayer.com.br\\\/festival\\\/#website\",\"url\":\"https:\\\/\\\/www.mundocosplayer.com.br\\\/festival\\\/\",\"name\":\"Mundo Cosplayer Festival\",\"description\":\"Venha se divertir com a gente!\",\"potentialAction\":[{\"@type\":\"SearchAction\",\"target\":{\"@type\":\"EntryPoint\",\"urlTemplate\":\"https:\\\/\\\/www.mundocosplayer.com.br\\\/festival\\\/?s={search_term_string}\"},\"query-input\":{\"@type\":\"PropertyValueSpecification\",\"valueRequired\":true,\"valueName\":\"search_term_string\"}}],\"inLanguage\":\"pt-BR\"}]}<\/script>\n<!-- \/ Yoast SEO plugin. -->","yoast_head_json":{"title":"Patroc\u00ednio - Mundo Cosplayer Festival","description":"Voc\u00ea deseja ter sua marca exposta em nossas m\u00eddias (sites e redes sociais) por um valor bem baixinho? Entre em contato conosco e saiba mais!","robots":{"index":"index","follow":"follow","max-snippet":"max-snippet:-1","max-image-preview":"max-image-preview:large","max-video-preview":"max-video-preview:-1"},"canonical":"https:\/\/www.mundocosplayer.com.br\/festival\/cadastros\/patrocinio\/","og_locale":"pt_BR","og_type":"article","og_title":"Patroc\u00ednio - Mundo Cosplayer Festival","og_description":"Voc\u00ea deseja ter sua marca exposta em nossas m\u00eddias (sites e redes sociais) por um valor bem baixinho? Entre em contato conosco e saiba mais!","og_url":"https:\/\/www.mundocosplayer.com.br\/festival\/cadastros\/patrocinio\/","og_site_name":"Mundo Cosplayer Festival","article_modified_time":"2018-11-22T21:19:43+00:00","og_image":[{"width":1080,"height":300,"url":"https:\/\/www.mundocosplayer.com.br\/festival\/wp-content\/uploads\/2018\/11\/logo-top.png","type":"image\/png"}],"schema":{"@context":"https:\/\/schema.org","@graph":[{"@type":"WebPage","@id":"https:\/\/www.mundocosplayer.com.br\/festival\/cadastros\/patrocinio\/","url":"https:\/\/www.mundocosplayer.com.br\/festival\/cadastros\/patrocinio\/","name":"Patroc\u00ednio - Mundo Cosplayer Festival","isPartOf":{"@id":"https:\/\/www.mundocosplayer.com.br\/festival\/#website"},"primaryImageOfPage":{"@id":"https:\/\/www.mundocosplayer.com.br\/festival\/cadastros\/patrocinio\/#primaryimage"},"image":{"@id":"https:\/\/www.mundocosplayer.com.br\/festival\/cadastros\/patrocinio\/#primaryimage"},"thumbnailUrl":"https:\/\/www.mundocosplayer.com.br\/festival\/wp-content\/uploads\/2018\/11\/logo-top.png","datePublished":"2018-11-15T18:12:08+00:00","dateModified":"2018-11-22T21:19:43+00:00","description":"Voc\u00ea deseja ter sua marca exposta em nossas m\u00eddias (sites e redes sociais) por um valor bem baixinho? Entre em contato conosco e saiba mais!","breadcrumb":{"@id":"https:\/\/www.mundocosplayer.com.br\/festival\/cadastros\/patrocinio\/#breadcrumb"},"inLanguage":"pt-BR","potentialAction":[{"@type":"ReadAction","target":["https:\/\/www.mundocosplayer.com.br\/festival\/cadastros\/patrocinio\/"]}]},{"@type":"ImageObject","inLanguage":"pt-BR","@id":"https:\/\/www.mundocosplayer.com.br\/festival\/cadastros\/patrocinio\/#primaryimage","url":"https:\/\/www.mundocosplayer.com.br\/festival\/wp-content\/uploads\/2018\/11\/logo-top.png","contentUrl":"https:\/\/www.mundocosplayer.com.br\/festival\/wp-content\/uploads\/2018\/11\/logo-top.png","width":1080,"height":300},{"@type":"BreadcrumbList","@id":"https:\/\/www.mundocosplayer.com.br\/festival\/cadastros\/patrocinio\/#breadcrumb","itemListElement":[{"@type":"ListItem","position":1,"name":"In\u00edcio","item":"https:\/\/www.mundocosplayer.com.br\/festival\/"},{"@type":"ListItem","position":2,"name":"Cadastros","item":"https:\/\/www.mundocosplayer.com.br\/festival\/cadastros\/"},{"@type":"ListItem","position":3,"name":"Patroc\u00ednio"}]},{"@type":"WebSite","@id":"https:\/\/www.mundocosplayer.com.br\/festival\/#website","url":"https:\/\/www.mundocosplayer.com.br\/festival\/","name":"Mundo Cosplayer Festival","description":"Venha se divertir com a gente!","potentialAction":[{"@type":"SearchAction","target":{"@type":"EntryPoint","urlTemplate":"https:\/\/www.mundocosplayer.com.br\/festival\/?s={search_term_string}"},"query-input":{"@type":"PropertyValueSpecification","valueRequired":true,"valueName":"search_term_string"}}],"inLanguage":"pt-BR"}]}},"_links":{"self":[{"href":"https:\/\/www.mundocosplayer.com.br\/festival\/wp-json\/wp\/v2\/pages\/243","targetHints":{"allow":["GET"]}}],"collection":[{"href":"https:\/\/www.mundocosplayer.com.br\/festival\/wp-json\/wp\/v2\/pages"}],"about":[{"href":"https:\/\/www.mundocosplayer.com.br\/festival\/wp-json\/wp\/v2\/types\/page"}],"author":[{"embeddable":true,"href":"https:\/\/www.mundocosplayer.com.br\/festival\/wp-json\/wp\/v2\/users\/1"}],"replies":[{"embeddable":true,"href":"https:\/\/www.mundocosplayer.com.br\/festival\/wp-json\/wp\/v2\/comments?post=243"}],"version-history":[{"count":5,"href":"https:\/\/www.mundocosplayer.com.br\/festival\/wp-json\/wp\/v2\/pages\/243\/revisions"}],"predecessor-version":[{"id":347,"href":"https:\/\/www.mundocosplayer.com.br\/festival\/wp-json\/wp\/v2\/pages\/243\/revisions\/347"}],"up":[{"embeddable":true,"href":"https:\/\/www.mundocosplayer.com.br\/festival\/wp-json\/wp\/v2\/pages\/224"}],"wp:featuredmedia":[{"embeddable":true,"href":"https:\/\/www.mundocosplayer.com.br\/festival\/wp-json\/wp\/v2\/media\/216"}],"wp:attachment":[{"href":"https:\/\/www.mundocosplayer.com.br\/festival\/wp-json\/wp\/v2\/media?parent=243"}],"curies":[{"name":"wp","href":"https:\/\/api.w.org\/{rel}","templated":true}]}}