{"id":242,"date":"2018-11-15T18:12:12","date_gmt":"2018-11-15T18:12:12","guid":{"rendered":"http:\/\/www.mundocosplayer.com.br\/festival\/?page_id=242"},"modified":"2018-11-22T21:15:38","modified_gmt":"2018-11-22T21:15:38","slug":"staffs","status":"publish","type":"page","link":"https:\/\/www.mundocosplayer.com.br\/festival\/cadastros\/staffs\/","title":{"rendered":"Staffs"},"content":{"rendered":"<p>&nbsp;<\/p>\n<p>O <span style=\"color: #ff9900;\"><strong>Mundo Cosplayer Festival<\/strong><\/span> est\u00e1 a procura de <em>staffs<\/em> volunt\u00e1rios para auxiliar na organiza\u00e7\u00e3o do p\u00fablico, tirar d\u00favidas dos visitantes, fornecedores e parceiros, al\u00e9m de ajuda no palco com as atra\u00e7\u00f5es.<\/p>\n<p>&nbsp;<\/p>\n<p>Este trabalho volunt\u00e1rio \u00e9 perfeito para quem deseja entender melhor como funciona a organiza\u00e7\u00e3o de um evento ou deseja utilizar as horas como atividades complementares de cursos.<\/p>\n<p>&nbsp;<\/p>\n<h4><strong>Preencha o formul\u00e1rio abaixo e saiba mais sobre como ser um <em>staff<\/em> do <span style=\"color: #ff9900;\">Mundo Cosplayer Festival<\/span>:<\/strong><\/h4>\n<p>&nbsp;<\/p>\n<p><iframe loading=\"lazy\" src=\"https:\/\/docs.google.com\/forms\/d\/e\/1FAIpQLSf006Z-wuxIxYLZYkRr0tNqx8BtqzPOE6ZUMOEwlj1ybMP0Bw\/viewform?embedded=true\" width=\"640\" height=\"931\" frameborder=\"0\" marginheight=\"0\" marginwidth=\"0\">Carregando\u2026<\/iframe><\/p>\n","protected":false},"excerpt":{"rendered":"<p>&nbsp; O Mundo Cosplayer Festival est\u00e1 a procura de staffs volunt\u00e1rios para auxiliar na organiza\u00e7\u00e3o do p\u00fablico, tirar d\u00favidas dos visitantes, fornecedores e parceiros, al\u00e9m de ajuda no palco com as atra\u00e7\u00f5es. &nbsp; Este trabalho volunt\u00e1rio \u00e9 perfeito para quem deseja entender melhor como funciona a organiza\u00e7\u00e3o de um evento\u2026 <a class=\"continue-reading-link\" href=\"https:\/\/www.mundocosplayer.com.br\/festival\/cadastros\/staffs\/\">Continue reading<\/a><\/p>\n","protected":false},"author":1,"featured_media":216,"parent":224,"menu_order":0,"comment_status":"closed","ping_status":"closed","template":"","meta":{"footnotes":""},"class_list":["post-242","page","type-page","status-publish","has-post-thumbnail","hentry"],"yoast_head":"<!-- This site is optimized with the Yoast SEO plugin v27.5 - https:\/\/yoast.com\/product\/yoast-seo-wordpress\/ -->\n<title>Staffs - Mundo Cosplayer Festival<\/title>\n<meta name=\"description\" content=\"O Mundo Cosplayer Festival est\u00e1 a procura de staffs volunt\u00e1rios para auxiliar na organiza\u00e7\u00e3o do p\u00fablico, tirar d\u00favidas dos visitantes, fornecedores e parceiros, al\u00e9m de ajuda no palco com as atra\u00e7\u00f5es.\" \/>\n<meta name=\"robots\" content=\"index, follow, max-snippet:-1, max-image-preview:large, max-video-preview:-1\" \/>\n<link rel=\"canonical\" href=\"https:\/\/www.mundocosplayer.com.br\/festival\/cadastros\/staffs\/\" \/>\n<meta property=\"og:locale\" content=\"pt_BR\" \/>\n<meta property=\"og:type\" content=\"article\" \/>\n<meta property=\"og:title\" content=\"Staffs - Mundo Cosplayer Festival\" \/>\n<meta property=\"og:description\" content=\"O Mundo Cosplayer Festival est\u00e1 a procura de staffs volunt\u00e1rios para auxiliar na organiza\u00e7\u00e3o do p\u00fablico, tirar d\u00favidas dos visitantes, fornecedores e parceiros, al\u00e9m de ajuda no palco com as atra\u00e7\u00f5es.\" \/>\n<meta property=\"og:url\" content=\"https:\/\/www.mundocosplayer.com.br\/festival\/cadastros\/staffs\/\" \/>\n<meta property=\"og:site_name\" content=\"Mundo Cosplayer Festival\" \/>\n<meta property=\"article:modified_time\" content=\"2018-11-22T21:15:38+00:00\" \/>\n<meta property=\"og:image\" content=\"https:\/\/www.mundocosplayer.com.br\/festival\/wp-content\/uploads\/2018\/11\/logo-top.png\" \/>\n\t<meta property=\"og:image:width\" content=\"1080\" \/>\n\t<meta property=\"og:image:height\" content=\"300\" \/>\n\t<meta property=\"og:image:type\" content=\"image\/png\" \/>\n<script type=\"application\/ld+json\" class=\"yoast-schema-graph\">{\"@context\":\"https:\\\/\\\/schema.org\",\"@graph\":[{\"@type\":\"WebPage\",\"@id\":\"https:\\\/\\\/www.mundocosplayer.com.br\\\/festival\\\/cadastros\\\/staffs\\\/\",\"url\":\"https:\\\/\\\/www.mundocosplayer.com.br\\\/festival\\\/cadastros\\\/staffs\\\/\",\"name\":\"Staffs - Mundo Cosplayer Festival\",\"isPartOf\":{\"@id\":\"https:\\\/\\\/www.mundocosplayer.com.br\\\/festival\\\/#website\"},\"primaryImageOfPage\":{\"@id\":\"https:\\\/\\\/www.mundocosplayer.com.br\\\/festival\\\/cadastros\\\/staffs\\\/#primaryimage\"},\"image\":{\"@id\":\"https:\\\/\\\/www.mundocosplayer.com.br\\\/festival\\\/cadastros\\\/staffs\\\/#primaryimage\"},\"thumbnailUrl\":\"https:\\\/\\\/www.mundocosplayer.com.br\\\/festival\\\/wp-content\\\/uploads\\\/2018\\\/11\\\/logo-top.png\",\"datePublished\":\"2018-11-15T18:12:12+00:00\",\"dateModified\":\"2018-11-22T21:15:38+00:00\",\"description\":\"O Mundo Cosplayer Festival est\u00e1 a procura de staffs volunt\u00e1rios para auxiliar na organiza\u00e7\u00e3o do p\u00fablico, tirar d\u00favidas dos visitantes, fornecedores e parceiros, al\u00e9m de ajuda no palco com as atra\u00e7\u00f5es.\",\"breadcrumb\":{\"@id\":\"https:\\\/\\\/www.mundocosplayer.com.br\\\/festival\\\/cadastros\\\/staffs\\\/#breadcrumb\"},\"inLanguage\":\"pt-BR\",\"potentialAction\":[{\"@type\":\"ReadAction\",\"target\":[\"https:\\\/\\\/www.mundocosplayer.com.br\\\/festival\\\/cadastros\\\/staffs\\\/\"]}]},{\"@type\":\"ImageObject\",\"inLanguage\":\"pt-BR\",\"@id\":\"https:\\\/\\\/www.mundocosplayer.com.br\\\/festival\\\/cadastros\\\/staffs\\\/#primaryimage\",\"url\":\"https:\\\/\\\/www.mundocosplayer.com.br\\\/festival\\\/wp-content\\\/uploads\\\/2018\\\/11\\\/logo-top.png\",\"contentUrl\":\"https:\\\/\\\/www.mundocosplayer.com.br\\\/festival\\\/wp-content\\\/uploads\\\/2018\\\/11\\\/logo-top.png\",\"width\":1080,\"height\":300},{\"@type\":\"BreadcrumbList\",\"@id\":\"https:\\\/\\\/www.mundocosplayer.com.br\\\/festival\\\/cadastros\\\/staffs\\\/#breadcrumb\",\"itemListElement\":[{\"@type\":\"ListItem\",\"position\":1,\"name\":\"In\u00edcio\",\"item\":\"https:\\\/\\\/www.mundocosplayer.com.br\\\/festival\\\/\"},{\"@type\":\"ListItem\",\"position\":2,\"name\":\"Cadastros\",\"item\":\"https:\\\/\\\/www.mundocosplayer.com.br\\\/festival\\\/cadastros\\\/\"},{\"@type\":\"ListItem\",\"position\":3,\"name\":\"Staffs\"}]},{\"@type\":\"WebSite\",\"@id\":\"https:\\\/\\\/www.mundocosplayer.com.br\\\/festival\\\/#website\",\"url\":\"https:\\\/\\\/www.mundocosplayer.com.br\\\/festival\\\/\",\"name\":\"Mundo Cosplayer Festival\",\"description\":\"Venha se divertir com a gente!\",\"potentialAction\":[{\"@type\":\"SearchAction\",\"target\":{\"@type\":\"EntryPoint\",\"urlTemplate\":\"https:\\\/\\\/www.mundocosplayer.com.br\\\/festival\\\/?s={search_term_string}\"},\"query-input\":{\"@type\":\"PropertyValueSpecification\",\"valueRequired\":true,\"valueName\":\"search_term_string\"}}],\"inLanguage\":\"pt-BR\"}]}<\/script>\n<!-- \/ Yoast SEO plugin. -->","yoast_head_json":{"title":"Staffs - Mundo Cosplayer Festival","description":"O Mundo Cosplayer Festival est\u00e1 a procura de staffs volunt\u00e1rios para auxiliar na organiza\u00e7\u00e3o do p\u00fablico, tirar d\u00favidas dos visitantes, fornecedores e parceiros, al\u00e9m de ajuda no palco com as atra\u00e7\u00f5es.","robots":{"index":"index","follow":"follow","max-snippet":"max-snippet:-1","max-image-preview":"max-image-preview:large","max-video-preview":"max-video-preview:-1"},"canonical":"https:\/\/www.mundocosplayer.com.br\/festival\/cadastros\/staffs\/","og_locale":"pt_BR","og_type":"article","og_title":"Staffs - Mundo Cosplayer Festival","og_description":"O Mundo Cosplayer Festival est\u00e1 a procura de staffs volunt\u00e1rios para auxiliar na organiza\u00e7\u00e3o do p\u00fablico, tirar d\u00favidas dos visitantes, fornecedores e parceiros, al\u00e9m de ajuda no palco com as atra\u00e7\u00f5es.","og_url":"https:\/\/www.mundocosplayer.com.br\/festival\/cadastros\/staffs\/","og_site_name":"Mundo Cosplayer Festival","article_modified_time":"2018-11-22T21:15:38+00:00","og_image":[{"width":1080,"height":300,"url":"https:\/\/www.mundocosplayer.com.br\/festival\/wp-content\/uploads\/2018\/11\/logo-top.png","type":"image\/png"}],"schema":{"@context":"https:\/\/schema.org","@graph":[{"@type":"WebPage","@id":"https:\/\/www.mundocosplayer.com.br\/festival\/cadastros\/staffs\/","url":"https:\/\/www.mundocosplayer.com.br\/festival\/cadastros\/staffs\/","name":"Staffs - Mundo Cosplayer Festival","isPartOf":{"@id":"https:\/\/www.mundocosplayer.com.br\/festival\/#website"},"primaryImageOfPage":{"@id":"https:\/\/www.mundocosplayer.com.br\/festival\/cadastros\/staffs\/#primaryimage"},"image":{"@id":"https:\/\/www.mundocosplayer.com.br\/festival\/cadastros\/staffs\/#primaryimage"},"thumbnailUrl":"https:\/\/www.mundocosplayer.com.br\/festival\/wp-content\/uploads\/2018\/11\/logo-top.png","datePublished":"2018-11-15T18:12:12+00:00","dateModified":"2018-11-22T21:15:38+00:00","description":"O Mundo Cosplayer Festival est\u00e1 a procura de staffs volunt\u00e1rios para auxiliar na organiza\u00e7\u00e3o do p\u00fablico, tirar d\u00favidas dos visitantes, fornecedores e parceiros, al\u00e9m de ajuda no palco com as atra\u00e7\u00f5es.","breadcrumb":{"@id":"https:\/\/www.mundocosplayer.com.br\/festival\/cadastros\/staffs\/#breadcrumb"},"inLanguage":"pt-BR","potentialAction":[{"@type":"ReadAction","target":["https:\/\/www.mundocosplayer.com.br\/festival\/cadastros\/staffs\/"]}]},{"@type":"ImageObject","inLanguage":"pt-BR","@id":"https:\/\/www.mundocosplayer.com.br\/festival\/cadastros\/staffs\/#primaryimage","url":"https:\/\/www.mundocosplayer.com.br\/festival\/wp-content\/uploads\/2018\/11\/logo-top.png","contentUrl":"https:\/\/www.mundocosplayer.com.br\/festival\/wp-content\/uploads\/2018\/11\/logo-top.png","width":1080,"height":300},{"@type":"BreadcrumbList","@id":"https:\/\/www.mundocosplayer.com.br\/festival\/cadastros\/staffs\/#breadcrumb","itemListElement":[{"@type":"ListItem","position":1,"name":"In\u00edcio","item":"https:\/\/www.mundocosplayer.com.br\/festival\/"},{"@type":"ListItem","position":2,"name":"Cadastros","item":"https:\/\/www.mundocosplayer.com.br\/festival\/cadastros\/"},{"@type":"ListItem","position":3,"name":"Staffs"}]},{"@type":"WebSite","@id":"https:\/\/www.mundocosplayer.com.br\/festival\/#website","url":"https:\/\/www.mundocosplayer.com.br\/festival\/","name":"Mundo Cosplayer Festival","description":"Venha se divertir com a gente!","potentialAction":[{"@type":"SearchAction","target":{"@type":"EntryPoint","urlTemplate":"https:\/\/www.mundocosplayer.com.br\/festival\/?s={search_term_string}"},"query-input":{"@type":"PropertyValueSpecification","valueRequired":true,"valueName":"search_term_string"}}],"inLanguage":"pt-BR"}]}},"_links":{"self":[{"href":"https:\/\/www.mundocosplayer.com.br\/festival\/wp-json\/wp\/v2\/pages\/242","targetHints":{"allow":["GET"]}}],"collection":[{"href":"https:\/\/www.mundocosplayer.com.br\/festival\/wp-json\/wp\/v2\/pages"}],"about":[{"href":"https:\/\/www.mundocosplayer.com.br\/festival\/wp-json\/wp\/v2\/types\/page"}],"author":[{"embeddable":true,"href":"https:\/\/www.mundocosplayer.com.br\/festival\/wp-json\/wp\/v2\/users\/1"}],"replies":[{"embeddable":true,"href":"https:\/\/www.mundocosplayer.com.br\/festival\/wp-json\/wp\/v2\/comments?post=242"}],"version-history":[{"count":5,"href":"https:\/\/www.mundocosplayer.com.br\/festival\/wp-json\/wp\/v2\/pages\/242\/revisions"}],"predecessor-version":[{"id":345,"href":"https:\/\/www.mundocosplayer.com.br\/festival\/wp-json\/wp\/v2\/pages\/242\/revisions\/345"}],"up":[{"embeddable":true,"href":"https:\/\/www.mundocosplayer.com.br\/festival\/wp-json\/wp\/v2\/pages\/224"}],"wp:featuredmedia":[{"embeddable":true,"href":"https:\/\/www.mundocosplayer.com.br\/festival\/wp-json\/wp\/v2\/media\/216"}],"wp:attachment":[{"href":"https:\/\/www.mundocosplayer.com.br\/festival\/wp-json\/wp\/v2\/media?parent=242"}],"curies":[{"name":"wp","href":"https:\/\/api.w.org\/{rel}","templated":true}]}}