{"id":226,"date":"2018-11-15T17:38:14","date_gmt":"2018-11-15T17:38:14","guid":{"rendered":"http:\/\/www.mundocosplayer.com.br\/festival\/?page_id=226"},"modified":"2018-12-27T01:37:44","modified_gmt":"2018-12-27T01:37:44","slug":"sobre","status":"publish","type":"page","link":"https:\/\/www.mundocosplayer.com.br\/festival\/sobre\/","title":{"rendered":"Sobre"},"content":{"rendered":"<p style=\"text-align: justify;\">O <em>site <\/em><a href=\"https:\/\/mundocosplayer.com.br\/\" target=\"_blank\" rel=\"noopener\"><span style=\"color: #ff9900;\"><strong>Mundo Cosplayer<\/strong><\/span><\/a> surgiu de uma brincadeira, um <em>hobby<\/em> dos autores pela cultura <em>cosplay<\/em>. No in\u00edcio eram posts simplesmente com fotos de <em>cosplayers<\/em> internacionais, desde ensaios elaborados at\u00e9 eventos que rolavam no exterior. Depois, aprendendo um pouco mais da cultura, conhecemos cosplayers nacionais e come\u00e7amos a fazer nossas primeiras coberturas de eventos na <strong>Grande S\u00e3o Paulo<\/strong>.<\/p>\n<p>&nbsp;<\/p>\n<p style=\"text-align: justify;\">O conte\u00fado aumentou a partir destes eventos regionais, trazendo fotos de <strong><em>cosplayers<\/em> brasileiros<\/strong> e v\u00eddeos de apresenta\u00e7\u00f5es e desfiles. O <em>site<\/em> come\u00e7ou a ficar conhecido no meio <em>cosplay<\/em> e em <strong>2018<\/strong> chegamos ao topo da cultura pop do pa\u00eds ganhando o <strong>Pr\u00eamio Cubo de Ouro<\/strong> como melhor <strong><em>Imprensa Geek<\/em> <\/strong>do <strong>Brasil<\/strong>.<\/p>\n<p>&nbsp;<\/p>\n<p style=\"text-align: justify;\">Ainda em 2018 produzimos eventos em parceria com a iniciativa privada, levando a cultura cosplay para escolas p\u00fablicas, particulares e at\u00e9 <em>shoppings<\/em>.<\/p>\n<p>&nbsp;<\/p>\n<p style=\"text-align: justify;\">Em parceria com a <span style=\"color: #0000ff;\"><a style=\"color: #0000ff;\" href=\"http:\/\/www.ung.br\/\" target=\"_blank\" rel=\"noopener\"><strong>Univeritas\/UNG<\/strong><\/a><\/span>, produziremos o primeiro evento que leva no nome nossa marca, o <span style=\"color: #ff9900;\"><strong>Mundo Cosplayer Festival<\/strong> <\/span>acontecer\u00e1 dentro do campus <strong>Centro de Guarulhos<\/strong> da universidade no dia<span style=\"color: #ff0000;\"><strong> 23\/02\/2019 (s\u00e1bado)<\/strong><\/span>,<span style=\"color: #ff0000;\"><strong> das 11hs \u00e0s 20hs<\/strong><\/span>, com v\u00e1rias atra\u00e7\u00f5es super legais e uma programa\u00e7\u00e3o repleta de conte\u00fado, <strong>tudo isso de gra\u00e7a para o p\u00fablico<\/strong>!<\/p>\n<p>&nbsp;<\/p>\n<p style=\"text-align: justify;\">Venha fazer parte deste momento \u00fanico conosco, traga seus amigos, familiares e divirta-se!<\/p>\n","protected":false},"excerpt":{"rendered":"<p>O site Mundo Cosplayer surgiu de uma brincadeira, um hobby dos autores pela cultura cosplay. No in\u00edcio eram posts simplesmente com fotos de cosplayers internacionais, desde ensaios elaborados at\u00e9 eventos que rolavam no exterior. Depois, aprendendo um pouco mais da cultura, conhecemos cosplayers nacionais e come\u00e7amos a fazer nossas primeiras\u2026 <a class=\"continue-reading-link\" href=\"https:\/\/www.mundocosplayer.com.br\/festival\/sobre\/\">Continue reading<\/a><\/p>\n","protected":false},"author":1,"featured_media":216,"parent":0,"menu_order":0,"comment_status":"closed","ping_status":"closed","template":"","meta":{"footnotes":""},"class_list":["post-226","page","type-page","status-publish","has-post-thumbnail","hentry"],"yoast_head":"<!-- This site is optimized with the Yoast SEO plugin v27.5 - https:\/\/yoast.com\/product\/yoast-seo-wordpress\/ -->\n<title>Sobre - Mundo Cosplayer Festival<\/title>\n<meta name=\"description\" content=\"Em parceria com a Univeritas\/UNG, produziremos o primeiro evento que leva no nome nossa marca, o Mundo Cosplayer Festival acontecer\u00e1 dentro do campus Centro de Guarulhos da universidade no dia 24\/02\/2019 (s\u00e1bado), das 11hs \u00e0s 20hs, com v\u00e1rias atra\u00e7\u00f5es super legais e uma programa\u00e7\u00e3o repleta de conte\u00fado, tudo isso de gra\u00e7a para o p\u00fablico!\" \/>\n<meta name=\"robots\" content=\"index, follow, max-snippet:-1, max-image-preview:large, max-video-preview:-1\" \/>\n<link rel=\"canonical\" href=\"https:\/\/www.mundocosplayer.com.br\/festival\/sobre\/\" \/>\n<meta property=\"og:locale\" content=\"pt_BR\" \/>\n<meta property=\"og:type\" content=\"article\" \/>\n<meta property=\"og:title\" content=\"Sobre - Mundo Cosplayer Festival\" \/>\n<meta property=\"og:description\" content=\"Em parceria com a Univeritas\/UNG, produziremos o primeiro evento que leva no nome nossa marca, o Mundo Cosplayer Festival acontecer\u00e1 dentro do campus Centro de Guarulhos da universidade no dia 24\/02\/2019 (s\u00e1bado), das 11hs \u00e0s 20hs, com v\u00e1rias atra\u00e7\u00f5es super legais e uma programa\u00e7\u00e3o repleta de conte\u00fado, tudo isso de gra\u00e7a para o p\u00fablico!\" \/>\n<meta property=\"og:url\" content=\"https:\/\/www.mundocosplayer.com.br\/festival\/sobre\/\" \/>\n<meta property=\"og:site_name\" content=\"Mundo Cosplayer Festival\" \/>\n<meta property=\"article:modified_time\" content=\"2018-12-27T01:37:44+00:00\" \/>\n<meta property=\"og:image\" content=\"https:\/\/www.mundocosplayer.com.br\/festival\/wp-content\/uploads\/2018\/11\/logo-top.png\" \/>\n\t<meta property=\"og:image:width\" content=\"1080\" \/>\n\t<meta property=\"og:image:height\" content=\"300\" \/>\n\t<meta property=\"og:image:type\" content=\"image\/png\" \/>\n<meta name=\"twitter:label1\" content=\"Est. tempo de leitura\" \/>\n\t<meta name=\"twitter:data1\" content=\"1 minuto\" \/>\n<script type=\"application\/ld+json\" class=\"yoast-schema-graph\">{\"@context\":\"https:\\\/\\\/schema.org\",\"@graph\":[{\"@type\":\"WebPage\",\"@id\":\"https:\\\/\\\/www.mundocosplayer.com.br\\\/festival\\\/sobre\\\/\",\"url\":\"https:\\\/\\\/www.mundocosplayer.com.br\\\/festival\\\/sobre\\\/\",\"name\":\"Sobre - Mundo Cosplayer Festival\",\"isPartOf\":{\"@id\":\"https:\\\/\\\/www.mundocosplayer.com.br\\\/festival\\\/#website\"},\"primaryImageOfPage\":{\"@id\":\"https:\\\/\\\/www.mundocosplayer.com.br\\\/festival\\\/sobre\\\/#primaryimage\"},\"image\":{\"@id\":\"https:\\\/\\\/www.mundocosplayer.com.br\\\/festival\\\/sobre\\\/#primaryimage\"},\"thumbnailUrl\":\"https:\\\/\\\/www.mundocosplayer.com.br\\\/festival\\\/wp-content\\\/uploads\\\/2018\\\/11\\\/logo-top.png\",\"datePublished\":\"2018-11-15T17:38:14+00:00\",\"dateModified\":\"2018-12-27T01:37:44+00:00\",\"description\":\"Em parceria com a Univeritas\\\/UNG, produziremos o primeiro evento que leva no nome nossa marca, o Mundo Cosplayer Festival acontecer\u00e1 dentro do campus Centro de Guarulhos da universidade no dia 24\\\/02\\\/2019 (s\u00e1bado), das 11hs \u00e0s 20hs, com v\u00e1rias atra\u00e7\u00f5es super legais e uma programa\u00e7\u00e3o repleta de conte\u00fado, tudo isso de gra\u00e7a para o p\u00fablico!\",\"breadcrumb\":{\"@id\":\"https:\\\/\\\/www.mundocosplayer.com.br\\\/festival\\\/sobre\\\/#breadcrumb\"},\"inLanguage\":\"pt-BR\",\"potentialAction\":[{\"@type\":\"ReadAction\",\"target\":[\"https:\\\/\\\/www.mundocosplayer.com.br\\\/festival\\\/sobre\\\/\"]}]},{\"@type\":\"ImageObject\",\"inLanguage\":\"pt-BR\",\"@id\":\"https:\\\/\\\/www.mundocosplayer.com.br\\\/festival\\\/sobre\\\/#primaryimage\",\"url\":\"https:\\\/\\\/www.mundocosplayer.com.br\\\/festival\\\/wp-content\\\/uploads\\\/2018\\\/11\\\/logo-top.png\",\"contentUrl\":\"https:\\\/\\\/www.mundocosplayer.com.br\\\/festival\\\/wp-content\\\/uploads\\\/2018\\\/11\\\/logo-top.png\",\"width\":1080,\"height\":300},{\"@type\":\"BreadcrumbList\",\"@id\":\"https:\\\/\\\/www.mundocosplayer.com.br\\\/festival\\\/sobre\\\/#breadcrumb\",\"itemListElement\":[{\"@type\":\"ListItem\",\"position\":1,\"name\":\"In\u00edcio\",\"item\":\"https:\\\/\\\/www.mundocosplayer.com.br\\\/festival\\\/\"},{\"@type\":\"ListItem\",\"position\":2,\"name\":\"Sobre\"}]},{\"@type\":\"WebSite\",\"@id\":\"https:\\\/\\\/www.mundocosplayer.com.br\\\/festival\\\/#website\",\"url\":\"https:\\\/\\\/www.mundocosplayer.com.br\\\/festival\\\/\",\"name\":\"Mundo Cosplayer Festival\",\"description\":\"Venha se divertir com a gente!\",\"potentialAction\":[{\"@type\":\"SearchAction\",\"target\":{\"@type\":\"EntryPoint\",\"urlTemplate\":\"https:\\\/\\\/www.mundocosplayer.com.br\\\/festival\\\/?s={search_term_string}\"},\"query-input\":{\"@type\":\"PropertyValueSpecification\",\"valueRequired\":true,\"valueName\":\"search_term_string\"}}],\"inLanguage\":\"pt-BR\"}]}<\/script>\n<!-- \/ Yoast SEO plugin. -->","yoast_head_json":{"title":"Sobre - Mundo Cosplayer Festival","description":"Em parceria com a Univeritas\/UNG, produziremos o primeiro evento que leva no nome nossa marca, o Mundo Cosplayer Festival acontecer\u00e1 dentro do campus Centro de Guarulhos da universidade no dia 24\/02\/2019 (s\u00e1bado), das 11hs \u00e0s 20hs, com v\u00e1rias atra\u00e7\u00f5es super legais e uma programa\u00e7\u00e3o repleta de conte\u00fado, tudo isso de gra\u00e7a para o p\u00fablico!","robots":{"index":"index","follow":"follow","max-snippet":"max-snippet:-1","max-image-preview":"max-image-preview:large","max-video-preview":"max-video-preview:-1"},"canonical":"https:\/\/www.mundocosplayer.com.br\/festival\/sobre\/","og_locale":"pt_BR","og_type":"article","og_title":"Sobre - Mundo Cosplayer Festival","og_description":"Em parceria com a Univeritas\/UNG, produziremos o primeiro evento que leva no nome nossa marca, o Mundo Cosplayer Festival acontecer\u00e1 dentro do campus Centro de Guarulhos da universidade no dia 24\/02\/2019 (s\u00e1bado), das 11hs \u00e0s 20hs, com v\u00e1rias atra\u00e7\u00f5es super legais e uma programa\u00e7\u00e3o repleta de conte\u00fado, tudo isso de gra\u00e7a para o p\u00fablico!","og_url":"https:\/\/www.mundocosplayer.com.br\/festival\/sobre\/","og_site_name":"Mundo Cosplayer Festival","article_modified_time":"2018-12-27T01:37:44+00:00","og_image":[{"width":1080,"height":300,"url":"https:\/\/www.mundocosplayer.com.br\/festival\/wp-content\/uploads\/2018\/11\/logo-top.png","type":"image\/png"}],"twitter_misc":{"Est. tempo de leitura":"1 minuto"},"schema":{"@context":"https:\/\/schema.org","@graph":[{"@type":"WebPage","@id":"https:\/\/www.mundocosplayer.com.br\/festival\/sobre\/","url":"https:\/\/www.mundocosplayer.com.br\/festival\/sobre\/","name":"Sobre - Mundo Cosplayer Festival","isPartOf":{"@id":"https:\/\/www.mundocosplayer.com.br\/festival\/#website"},"primaryImageOfPage":{"@id":"https:\/\/www.mundocosplayer.com.br\/festival\/sobre\/#primaryimage"},"image":{"@id":"https:\/\/www.mundocosplayer.com.br\/festival\/sobre\/#primaryimage"},"thumbnailUrl":"https:\/\/www.mundocosplayer.com.br\/festival\/wp-content\/uploads\/2018\/11\/logo-top.png","datePublished":"2018-11-15T17:38:14+00:00","dateModified":"2018-12-27T01:37:44+00:00","description":"Em parceria com a Univeritas\/UNG, produziremos o primeiro evento que leva no nome nossa marca, o Mundo Cosplayer Festival acontecer\u00e1 dentro do campus Centro de Guarulhos da universidade no dia 24\/02\/2019 (s\u00e1bado), das 11hs \u00e0s 20hs, com v\u00e1rias atra\u00e7\u00f5es super legais e uma programa\u00e7\u00e3o repleta de conte\u00fado, tudo isso de gra\u00e7a para o p\u00fablico!","breadcrumb":{"@id":"https:\/\/www.mundocosplayer.com.br\/festival\/sobre\/#breadcrumb"},"inLanguage":"pt-BR","potentialAction":[{"@type":"ReadAction","target":["https:\/\/www.mundocosplayer.com.br\/festival\/sobre\/"]}]},{"@type":"ImageObject","inLanguage":"pt-BR","@id":"https:\/\/www.mundocosplayer.com.br\/festival\/sobre\/#primaryimage","url":"https:\/\/www.mundocosplayer.com.br\/festival\/wp-content\/uploads\/2018\/11\/logo-top.png","contentUrl":"https:\/\/www.mundocosplayer.com.br\/festival\/wp-content\/uploads\/2018\/11\/logo-top.png","width":1080,"height":300},{"@type":"BreadcrumbList","@id":"https:\/\/www.mundocosplayer.com.br\/festival\/sobre\/#breadcrumb","itemListElement":[{"@type":"ListItem","position":1,"name":"In\u00edcio","item":"https:\/\/www.mundocosplayer.com.br\/festival\/"},{"@type":"ListItem","position":2,"name":"Sobre"}]},{"@type":"WebSite","@id":"https:\/\/www.mundocosplayer.com.br\/festival\/#website","url":"https:\/\/www.mundocosplayer.com.br\/festival\/","name":"Mundo Cosplayer Festival","description":"Venha se divertir com a gente!","potentialAction":[{"@type":"SearchAction","target":{"@type":"EntryPoint","urlTemplate":"https:\/\/www.mundocosplayer.com.br\/festival\/?s={search_term_string}"},"query-input":{"@type":"PropertyValueSpecification","valueRequired":true,"valueName":"search_term_string"}}],"inLanguage":"pt-BR"}]}},"_links":{"self":[{"href":"https:\/\/www.mundocosplayer.com.br\/festival\/wp-json\/wp\/v2\/pages\/226","targetHints":{"allow":["GET"]}}],"collection":[{"href":"https:\/\/www.mundocosplayer.com.br\/festival\/wp-json\/wp\/v2\/pages"}],"about":[{"href":"https:\/\/www.mundocosplayer.com.br\/festival\/wp-json\/wp\/v2\/types\/page"}],"author":[{"embeddable":true,"href":"https:\/\/www.mundocosplayer.com.br\/festival\/wp-json\/wp\/v2\/users\/1"}],"replies":[{"embeddable":true,"href":"https:\/\/www.mundocosplayer.com.br\/festival\/wp-json\/wp\/v2\/comments?post=226"}],"version-history":[{"count":6,"href":"https:\/\/www.mundocosplayer.com.br\/festival\/wp-json\/wp\/v2\/pages\/226\/revisions"}],"predecessor-version":[{"id":355,"href":"https:\/\/www.mundocosplayer.com.br\/festival\/wp-json\/wp\/v2\/pages\/226\/revisions\/355"}],"wp:featuredmedia":[{"embeddable":true,"href":"https:\/\/www.mundocosplayer.com.br\/festival\/wp-json\/wp\/v2\/media\/216"}],"wp:attachment":[{"href":"https:\/\/www.mundocosplayer.com.br\/festival\/wp-json\/wp\/v2\/media?parent=226"}],"curies":[{"name":"wp","href":"https:\/\/api.w.org\/{rel}","templated":true}]}}