{"id":225,"date":"2018-11-15T17:38:12","date_gmt":"2018-11-15T17:38:12","guid":{"rendered":"http:\/\/www.mundocosplayer.com.br\/festival\/?page_id=225"},"modified":"2018-11-22T21:11:45","modified_gmt":"2018-11-22T21:11:45","slug":"contato","status":"publish","type":"page","link":"https:\/\/www.mundocosplayer.com.br\/festival\/contato\/","title":{"rendered":"Contato"},"content":{"rendered":"<h4><\/h4>\n<h4><strong>Tem mais alguma d\u00favida sobre o <span style=\"color: #ff9900;\">Mundo Cosplayer Festival<\/span>? Entre em contato conosco atrav\u00e9s do formul\u00e1rio abaixo:<\/strong><\/h4>\n<p>&nbsp;<\/p>\n<p>&nbsp;<\/p>\n<p><iframe loading=\"lazy\" src=\"https:\/\/docs.google.com\/forms\/d\/e\/1FAIpQLSc6hwFdMbco90s3IzCoXlYIBZgX9rRGzFV0U_v5dF9bZpQjVw\/viewform?embedded=true\" width=\"640\" height=\"892\" frameborder=\"0\" marginheight=\"0\" marginwidth=\"0\">Carregando\u2026<\/iframe><\/p>\n","protected":false},"excerpt":{"rendered":"<p>Tem mais alguma d\u00favida sobre o Mundo Cosplayer Festival? Entre em contato conosco atrav\u00e9s do formul\u00e1rio abaixo: &nbsp; &nbsp; Carregando\u2026 <a class=\"continue-reading-link\" href=\"https:\/\/www.mundocosplayer.com.br\/festival\/contato\/\">Continue reading<\/a><\/p>\n","protected":false},"author":1,"featured_media":216,"parent":0,"menu_order":0,"comment_status":"closed","ping_status":"closed","template":"","meta":{"footnotes":""},"class_list":["post-225","page","type-page","status-publish","has-post-thumbnail","hentry"],"yoast_head":"<!-- This site is optimized with the Yoast SEO plugin v27.5 - https:\/\/yoast.com\/product\/yoast-seo-wordpress\/ -->\n<title>Contato - Mundo Cosplayer Festival<\/title>\n<meta name=\"description\" content=\"Tem mais alguma d\u00favida sobre o Mundo Cosplayer Festival? Entre em contato conosco atrav\u00e9s do formul\u00e1rio nesta p\u00e1gina.\" \/>\n<meta name=\"robots\" content=\"index, follow, max-snippet:-1, max-image-preview:large, max-video-preview:-1\" \/>\n<link rel=\"canonical\" href=\"https:\/\/www.mundocosplayer.com.br\/festival\/contato\/\" \/>\n<meta property=\"og:locale\" content=\"pt_BR\" \/>\n<meta property=\"og:type\" content=\"article\" \/>\n<meta property=\"og:title\" content=\"Contato - Mundo Cosplayer Festival\" \/>\n<meta property=\"og:description\" content=\"Tem mais alguma d\u00favida sobre o Mundo Cosplayer Festival? Entre em contato conosco atrav\u00e9s do formul\u00e1rio nesta p\u00e1gina.\" \/>\n<meta property=\"og:url\" content=\"https:\/\/www.mundocosplayer.com.br\/festival\/contato\/\" \/>\n<meta property=\"og:site_name\" content=\"Mundo Cosplayer Festival\" \/>\n<meta property=\"article:modified_time\" content=\"2018-11-22T21:11:45+00:00\" \/>\n<meta property=\"og:image\" content=\"https:\/\/www.mundocosplayer.com.br\/festival\/wp-content\/uploads\/2018\/11\/logo-top.png\" \/>\n\t<meta property=\"og:image:width\" content=\"1080\" \/>\n\t<meta property=\"og:image:height\" content=\"300\" \/>\n\t<meta property=\"og:image:type\" content=\"image\/png\" \/>\n<script type=\"application\/ld+json\" class=\"yoast-schema-graph\">{\"@context\":\"https:\\\/\\\/schema.org\",\"@graph\":[{\"@type\":\"WebPage\",\"@id\":\"https:\\\/\\\/www.mundocosplayer.com.br\\\/festival\\\/contato\\\/\",\"url\":\"https:\\\/\\\/www.mundocosplayer.com.br\\\/festival\\\/contato\\\/\",\"name\":\"Contato - Mundo Cosplayer Festival\",\"isPartOf\":{\"@id\":\"https:\\\/\\\/www.mundocosplayer.com.br\\\/festival\\\/#website\"},\"primaryImageOfPage\":{\"@id\":\"https:\\\/\\\/www.mundocosplayer.com.br\\\/festival\\\/contato\\\/#primaryimage\"},\"image\":{\"@id\":\"https:\\\/\\\/www.mundocosplayer.com.br\\\/festival\\\/contato\\\/#primaryimage\"},\"thumbnailUrl\":\"https:\\\/\\\/www.mundocosplayer.com.br\\\/festival\\\/wp-content\\\/uploads\\\/2018\\\/11\\\/logo-top.png\",\"datePublished\":\"2018-11-15T17:38:12+00:00\",\"dateModified\":\"2018-11-22T21:11:45+00:00\",\"description\":\"Tem mais alguma d\u00favida sobre o Mundo Cosplayer Festival? Entre em contato conosco atrav\u00e9s do formul\u00e1rio nesta p\u00e1gina.\",\"breadcrumb\":{\"@id\":\"https:\\\/\\\/www.mundocosplayer.com.br\\\/festival\\\/contato\\\/#breadcrumb\"},\"inLanguage\":\"pt-BR\",\"potentialAction\":[{\"@type\":\"ReadAction\",\"target\":[\"https:\\\/\\\/www.mundocosplayer.com.br\\\/festival\\\/contato\\\/\"]}]},{\"@type\":\"ImageObject\",\"inLanguage\":\"pt-BR\",\"@id\":\"https:\\\/\\\/www.mundocosplayer.com.br\\\/festival\\\/contato\\\/#primaryimage\",\"url\":\"https:\\\/\\\/www.mundocosplayer.com.br\\\/festival\\\/wp-content\\\/uploads\\\/2018\\\/11\\\/logo-top.png\",\"contentUrl\":\"https:\\\/\\\/www.mundocosplayer.com.br\\\/festival\\\/wp-content\\\/uploads\\\/2018\\\/11\\\/logo-top.png\",\"width\":1080,\"height\":300},{\"@type\":\"BreadcrumbList\",\"@id\":\"https:\\\/\\\/www.mundocosplayer.com.br\\\/festival\\\/contato\\\/#breadcrumb\",\"itemListElement\":[{\"@type\":\"ListItem\",\"position\":1,\"name\":\"In\u00edcio\",\"item\":\"https:\\\/\\\/www.mundocosplayer.com.br\\\/festival\\\/\"},{\"@type\":\"ListItem\",\"position\":2,\"name\":\"Contato\"}]},{\"@type\":\"WebSite\",\"@id\":\"https:\\\/\\\/www.mundocosplayer.com.br\\\/festival\\\/#website\",\"url\":\"https:\\\/\\\/www.mundocosplayer.com.br\\\/festival\\\/\",\"name\":\"Mundo Cosplayer Festival\",\"description\":\"Venha se divertir com a gente!\",\"potentialAction\":[{\"@type\":\"SearchAction\",\"target\":{\"@type\":\"EntryPoint\",\"urlTemplate\":\"https:\\\/\\\/www.mundocosplayer.com.br\\\/festival\\\/?s={search_term_string}\"},\"query-input\":{\"@type\":\"PropertyValueSpecification\",\"valueRequired\":true,\"valueName\":\"search_term_string\"}}],\"inLanguage\":\"pt-BR\"}]}<\/script>\n<!-- \/ Yoast SEO plugin. -->","yoast_head_json":{"title":"Contato - Mundo Cosplayer Festival","description":"Tem mais alguma d\u00favida sobre o Mundo Cosplayer Festival? Entre em contato conosco atrav\u00e9s do formul\u00e1rio nesta p\u00e1gina.","robots":{"index":"index","follow":"follow","max-snippet":"max-snippet:-1","max-image-preview":"max-image-preview:large","max-video-preview":"max-video-preview:-1"},"canonical":"https:\/\/www.mundocosplayer.com.br\/festival\/contato\/","og_locale":"pt_BR","og_type":"article","og_title":"Contato - Mundo Cosplayer Festival","og_description":"Tem mais alguma d\u00favida sobre o Mundo Cosplayer Festival? Entre em contato conosco atrav\u00e9s do formul\u00e1rio nesta p\u00e1gina.","og_url":"https:\/\/www.mundocosplayer.com.br\/festival\/contato\/","og_site_name":"Mundo Cosplayer Festival","article_modified_time":"2018-11-22T21:11:45+00:00","og_image":[{"width":1080,"height":300,"url":"https:\/\/www.mundocosplayer.com.br\/festival\/wp-content\/uploads\/2018\/11\/logo-top.png","type":"image\/png"}],"schema":{"@context":"https:\/\/schema.org","@graph":[{"@type":"WebPage","@id":"https:\/\/www.mundocosplayer.com.br\/festival\/contato\/","url":"https:\/\/www.mundocosplayer.com.br\/festival\/contato\/","name":"Contato - Mundo Cosplayer Festival","isPartOf":{"@id":"https:\/\/www.mundocosplayer.com.br\/festival\/#website"},"primaryImageOfPage":{"@id":"https:\/\/www.mundocosplayer.com.br\/festival\/contato\/#primaryimage"},"image":{"@id":"https:\/\/www.mundocosplayer.com.br\/festival\/contato\/#primaryimage"},"thumbnailUrl":"https:\/\/www.mundocosplayer.com.br\/festival\/wp-content\/uploads\/2018\/11\/logo-top.png","datePublished":"2018-11-15T17:38:12+00:00","dateModified":"2018-11-22T21:11:45+00:00","description":"Tem mais alguma d\u00favida sobre o Mundo Cosplayer Festival? Entre em contato conosco atrav\u00e9s do formul\u00e1rio nesta p\u00e1gina.","breadcrumb":{"@id":"https:\/\/www.mundocosplayer.com.br\/festival\/contato\/#breadcrumb"},"inLanguage":"pt-BR","potentialAction":[{"@type":"ReadAction","target":["https:\/\/www.mundocosplayer.com.br\/festival\/contato\/"]}]},{"@type":"ImageObject","inLanguage":"pt-BR","@id":"https:\/\/www.mundocosplayer.com.br\/festival\/contato\/#primaryimage","url":"https:\/\/www.mundocosplayer.com.br\/festival\/wp-content\/uploads\/2018\/11\/logo-top.png","contentUrl":"https:\/\/www.mundocosplayer.com.br\/festival\/wp-content\/uploads\/2018\/11\/logo-top.png","width":1080,"height":300},{"@type":"BreadcrumbList","@id":"https:\/\/www.mundocosplayer.com.br\/festival\/contato\/#breadcrumb","itemListElement":[{"@type":"ListItem","position":1,"name":"In\u00edcio","item":"https:\/\/www.mundocosplayer.com.br\/festival\/"},{"@type":"ListItem","position":2,"name":"Contato"}]},{"@type":"WebSite","@id":"https:\/\/www.mundocosplayer.com.br\/festival\/#website","url":"https:\/\/www.mundocosplayer.com.br\/festival\/","name":"Mundo Cosplayer Festival","description":"Venha se divertir com a gente!","potentialAction":[{"@type":"SearchAction","target":{"@type":"EntryPoint","urlTemplate":"https:\/\/www.mundocosplayer.com.br\/festival\/?s={search_term_string}"},"query-input":{"@type":"PropertyValueSpecification","valueRequired":true,"valueName":"search_term_string"}}],"inLanguage":"pt-BR"}]}},"_links":{"self":[{"href":"https:\/\/www.mundocosplayer.com.br\/festival\/wp-json\/wp\/v2\/pages\/225","targetHints":{"allow":["GET"]}}],"collection":[{"href":"https:\/\/www.mundocosplayer.com.br\/festival\/wp-json\/wp\/v2\/pages"}],"about":[{"href":"https:\/\/www.mundocosplayer.com.br\/festival\/wp-json\/wp\/v2\/types\/page"}],"author":[{"embeddable":true,"href":"https:\/\/www.mundocosplayer.com.br\/festival\/wp-json\/wp\/v2\/users\/1"}],"replies":[{"embeddable":true,"href":"https:\/\/www.mundocosplayer.com.br\/festival\/wp-json\/wp\/v2\/comments?post=225"}],"version-history":[{"count":5,"href":"https:\/\/www.mundocosplayer.com.br\/festival\/wp-json\/wp\/v2\/pages\/225\/revisions"}],"predecessor-version":[{"id":344,"href":"https:\/\/www.mundocosplayer.com.br\/festival\/wp-json\/wp\/v2\/pages\/225\/revisions\/344"}],"wp:featuredmedia":[{"embeddable":true,"href":"https:\/\/www.mundocosplayer.com.br\/festival\/wp-json\/wp\/v2\/media\/216"}],"wp:attachment":[{"href":"https:\/\/www.mundocosplayer.com.br\/festival\/wp-json\/wp\/v2\/media?parent=225"}],"curies":[{"name":"wp","href":"https:\/\/api.w.org\/{rel}","templated":true}]}}