{"id":223,"date":"2018-11-15T17:38:17","date_gmt":"2018-11-15T17:38:17","guid":{"rendered":"http:\/\/www.mundocosplayer.com.br\/festival\/?page_id=223"},"modified":"2019-02-21T16:42:31","modified_gmt":"2019-02-21T16:42:31","slug":"atracoes","status":"publish","type":"page","link":"https:\/\/www.mundocosplayer.com.br\/festival\/atracoes\/","title":{"rendered":"Atra\u00e7\u00f5es"},"content":{"rendered":"<p>&nbsp;<\/p>\n<p style=\"text-align: justify;\">O <span style=\"color: #ff9900;\"><strong>Mundo Cosplayer Festival<\/strong> <\/span>trar\u00e1 ao p\u00fablico muitas atra\u00e7\u00f5es super legais. Teremos na programa\u00e7\u00e3o <strong>Cosplayers<\/strong>, <strong>Youtubers<\/strong>, <strong>Palestras<\/strong>, <strong>Bandas<\/strong>, <strong>Games<\/strong>, <strong>K-Pop<\/strong>, <strong>Salas tem\u00e1ticas<\/strong> e muito mais!<\/p>\n<p>&nbsp;<\/p>\n<p><a href=\"http:\/\/www.mundocosplayer.com.br\/festival\/atracoes\/a-historia-dos-games-no-brasil\/\"><span style=\"color: #ff0000;\"><strong>A hist\u00f3ria dos games no Brasil<\/strong><\/span><\/a><\/p>\n<p><a href=\"http:\/\/www.mundocosplayer.com.br\/festival\/atracoes\/aperfeicoamento-de-cosplay-dicas-com-mirage-e-verinha\/\"><span style=\"color: #ff0000;\"><strong>Aperfei\u00e7oamento de Cosplay &#8211; Dicas com Mirage e Verinha<\/strong><\/span><\/a><\/p>\n<p><a href=\"http:\/\/www.mundocosplayer.com.br\/festival\/atracoes\/area-de-artistas\/\"><span style=\"color: #ff0000;\"><strong>\u00c1rea de Artistas<\/strong><\/span><\/a><\/p>\n<p><a href=\"http:\/\/www.mundocosplayer.com.br\/festival\/atracoes\/card-game-e-rpg-com-neowalkers\/\"><span style=\"color: #ff0000;\"><strong>Card Game e RPG com NeoWalkers<\/strong><\/span><\/a><\/p>\n<p><a href=\"http:\/\/www.mundocosplayer.com.br\/festival\/atracoes\/desfile-cosplay\/\"><span style=\"color: #ff0000;\"><strong>Desfile Cosplay<\/strong><\/span><\/a><\/p>\n<p><a href=\"http:\/\/www.mundocosplayer.com.br\/festival\/atracoes\/espaco-saga\/\"><span style=\"color: #ff0000;\"><strong>Espa\u00e7o SAGA<\/strong><\/span><\/a><\/p>\n<p><a href=\"http:\/\/www.mundocosplayer.com.br\/festival\/atracoes\/fanfilm-maniacos-de-arkham-contos-de-insanidade\/\"><span style=\"color: #ff0000;\"><strong>FanFilm: Maniacos de Arkham \u2013 Contos de Insanidade<\/strong><\/span><\/a><\/p>\n<p><a href=\"http:\/\/www.mundocosplayer.com.br\/festival\/atracoes\/painel-interativo-momo-club-tema-haikyuu\/\"><strong><span style=\"color: #ff0000;\">Painel Interativo Momo Club \u2013 Tema: Haikyuu<\/span><\/strong><\/a><\/p>\n<p><a href=\"http:\/\/www.mundocosplayer.com.br\/festival\/atracoes\/salas-tematicas\/\"><span style=\"color: #ff0000;\"><strong>Salas Tem\u00e1ticas<\/strong><\/span><\/a><\/p>\n<p><a href=\"http:\/\/www.mundocosplayer.com.br\/festival\/atracoes\/show-da-banda-triscore\/\"><span style=\"color: #ff0000;\"><strong>Show da Banda Triscore<\/strong><\/span><\/a><\/p>\n<p><a href=\"http:\/\/www.mundocosplayer.com.br\/festival\/atracoes\/stand-up-otaku\/\"><strong><span style=\"color: #ff0000;\">Stand up Otaku<\/span><\/strong><\/a><\/p>\n<p style=\"text-align: justify;\">\n","protected":false},"excerpt":{"rendered":"<p>&nbsp; O Mundo Cosplayer Festival trar\u00e1 ao p\u00fablico muitas atra\u00e7\u00f5es super legais. Teremos na programa\u00e7\u00e3o Cosplayers, Youtubers, Palestras, Bandas, Games, K-Pop, Salas tem\u00e1ticas e muito mais! &nbsp; A hist\u00f3ria dos games no Brasil Aperfei\u00e7oamento de Cosplay &#8211; Dicas com Mirage e Verinha \u00c1rea de Artistas Card Game e RPG com\u2026 <a class=\"continue-reading-link\" href=\"https:\/\/www.mundocosplayer.com.br\/festival\/atracoes\/\">Continue reading<\/a><\/p>\n","protected":false},"author":1,"featured_media":216,"parent":0,"menu_order":0,"comment_status":"closed","ping_status":"closed","template":"","meta":{"footnotes":""},"class_list":["post-223","page","type-page","status-publish","has-post-thumbnail","hentry"],"yoast_head":"<!-- This site is optimized with the Yoast SEO plugin v27.5 - https:\/\/yoast.com\/product\/yoast-seo-wordpress\/ -->\n<title>Atra\u00e7\u00f5es - Mundo Cosplayer Festival<\/title>\n<meta name=\"description\" content=\"O Mundo Cosplayer Festival trar\u00e1 ao p\u00fablico muitas atra\u00e7\u00f5es super legais. Teremos na programa\u00e7\u00e3o Cosplayers, Youtubers, Dubladores, Palestras, Bandas, Games, K-Pop, Salas tem\u00e1ticas e muito mais!\" \/>\n<meta name=\"robots\" content=\"index, follow, max-snippet:-1, max-image-preview:large, max-video-preview:-1\" \/>\n<link rel=\"canonical\" href=\"https:\/\/www.mundocosplayer.com.br\/festival\/atracoes\/\" \/>\n<meta property=\"og:locale\" content=\"pt_BR\" \/>\n<meta property=\"og:type\" content=\"article\" \/>\n<meta property=\"og:title\" content=\"Atra\u00e7\u00f5es - Mundo Cosplayer Festival\" \/>\n<meta property=\"og:description\" content=\"O Mundo Cosplayer Festival trar\u00e1 ao p\u00fablico muitas atra\u00e7\u00f5es super legais. Teremos na programa\u00e7\u00e3o Cosplayers, Youtubers, Dubladores, Palestras, Bandas, Games, K-Pop, Salas tem\u00e1ticas e muito mais!\" \/>\n<meta property=\"og:url\" content=\"https:\/\/www.mundocosplayer.com.br\/festival\/atracoes\/\" \/>\n<meta property=\"og:site_name\" content=\"Mundo Cosplayer Festival\" \/>\n<meta property=\"article:modified_time\" content=\"2019-02-21T16:42:31+00:00\" \/>\n<meta property=\"og:image\" content=\"https:\/\/www.mundocosplayer.com.br\/festival\/wp-content\/uploads\/2018\/11\/logo-top.png\" \/>\n\t<meta property=\"og:image:width\" content=\"1080\" \/>\n\t<meta property=\"og:image:height\" content=\"300\" \/>\n\t<meta property=\"og:image:type\" content=\"image\/png\" \/>\n<script type=\"application\/ld+json\" class=\"yoast-schema-graph\">{\"@context\":\"https:\\\/\\\/schema.org\",\"@graph\":[{\"@type\":\"WebPage\",\"@id\":\"https:\\\/\\\/www.mundocosplayer.com.br\\\/festival\\\/atracoes\\\/\",\"url\":\"https:\\\/\\\/www.mundocosplayer.com.br\\\/festival\\\/atracoes\\\/\",\"name\":\"Atra\u00e7\u00f5es - Mundo Cosplayer Festival\",\"isPartOf\":{\"@id\":\"https:\\\/\\\/www.mundocosplayer.com.br\\\/festival\\\/#website\"},\"primaryImageOfPage\":{\"@id\":\"https:\\\/\\\/www.mundocosplayer.com.br\\\/festival\\\/atracoes\\\/#primaryimage\"},\"image\":{\"@id\":\"https:\\\/\\\/www.mundocosplayer.com.br\\\/festival\\\/atracoes\\\/#primaryimage\"},\"thumbnailUrl\":\"https:\\\/\\\/www.mundocosplayer.com.br\\\/festival\\\/wp-content\\\/uploads\\\/2018\\\/11\\\/logo-top.png\",\"datePublished\":\"2018-11-15T17:38:17+00:00\",\"dateModified\":\"2019-02-21T16:42:31+00:00\",\"description\":\"O Mundo Cosplayer Festival trar\u00e1 ao p\u00fablico muitas atra\u00e7\u00f5es super legais. Teremos na programa\u00e7\u00e3o Cosplayers, Youtubers, Dubladores, Palestras, Bandas, Games, K-Pop, Salas tem\u00e1ticas e muito mais!\",\"breadcrumb\":{\"@id\":\"https:\\\/\\\/www.mundocosplayer.com.br\\\/festival\\\/atracoes\\\/#breadcrumb\"},\"inLanguage\":\"pt-BR\",\"potentialAction\":[{\"@type\":\"ReadAction\",\"target\":[\"https:\\\/\\\/www.mundocosplayer.com.br\\\/festival\\\/atracoes\\\/\"]}]},{\"@type\":\"ImageObject\",\"inLanguage\":\"pt-BR\",\"@id\":\"https:\\\/\\\/www.mundocosplayer.com.br\\\/festival\\\/atracoes\\\/#primaryimage\",\"url\":\"https:\\\/\\\/www.mundocosplayer.com.br\\\/festival\\\/wp-content\\\/uploads\\\/2018\\\/11\\\/logo-top.png\",\"contentUrl\":\"https:\\\/\\\/www.mundocosplayer.com.br\\\/festival\\\/wp-content\\\/uploads\\\/2018\\\/11\\\/logo-top.png\",\"width\":1080,\"height\":300},{\"@type\":\"BreadcrumbList\",\"@id\":\"https:\\\/\\\/www.mundocosplayer.com.br\\\/festival\\\/atracoes\\\/#breadcrumb\",\"itemListElement\":[{\"@type\":\"ListItem\",\"position\":1,\"name\":\"In\u00edcio\",\"item\":\"https:\\\/\\\/www.mundocosplayer.com.br\\\/festival\\\/\"},{\"@type\":\"ListItem\",\"position\":2,\"name\":\"Atra\u00e7\u00f5es\"}]},{\"@type\":\"WebSite\",\"@id\":\"https:\\\/\\\/www.mundocosplayer.com.br\\\/festival\\\/#website\",\"url\":\"https:\\\/\\\/www.mundocosplayer.com.br\\\/festival\\\/\",\"name\":\"Mundo Cosplayer Festival\",\"description\":\"Venha se divertir com a gente!\",\"potentialAction\":[{\"@type\":\"SearchAction\",\"target\":{\"@type\":\"EntryPoint\",\"urlTemplate\":\"https:\\\/\\\/www.mundocosplayer.com.br\\\/festival\\\/?s={search_term_string}\"},\"query-input\":{\"@type\":\"PropertyValueSpecification\",\"valueRequired\":true,\"valueName\":\"search_term_string\"}}],\"inLanguage\":\"pt-BR\"}]}<\/script>\n<!-- \/ Yoast SEO plugin. -->","yoast_head_json":{"title":"Atra\u00e7\u00f5es - Mundo Cosplayer Festival","description":"O Mundo Cosplayer Festival trar\u00e1 ao p\u00fablico muitas atra\u00e7\u00f5es super legais. Teremos na programa\u00e7\u00e3o Cosplayers, Youtubers, Dubladores, Palestras, Bandas, Games, K-Pop, Salas tem\u00e1ticas e muito mais!","robots":{"index":"index","follow":"follow","max-snippet":"max-snippet:-1","max-image-preview":"max-image-preview:large","max-video-preview":"max-video-preview:-1"},"canonical":"https:\/\/www.mundocosplayer.com.br\/festival\/atracoes\/","og_locale":"pt_BR","og_type":"article","og_title":"Atra\u00e7\u00f5es - Mundo Cosplayer Festival","og_description":"O Mundo Cosplayer Festival trar\u00e1 ao p\u00fablico muitas atra\u00e7\u00f5es super legais. Teremos na programa\u00e7\u00e3o Cosplayers, Youtubers, Dubladores, Palestras, Bandas, Games, K-Pop, Salas tem\u00e1ticas e muito mais!","og_url":"https:\/\/www.mundocosplayer.com.br\/festival\/atracoes\/","og_site_name":"Mundo Cosplayer Festival","article_modified_time":"2019-02-21T16:42:31+00:00","og_image":[{"width":1080,"height":300,"url":"https:\/\/www.mundocosplayer.com.br\/festival\/wp-content\/uploads\/2018\/11\/logo-top.png","type":"image\/png"}],"schema":{"@context":"https:\/\/schema.org","@graph":[{"@type":"WebPage","@id":"https:\/\/www.mundocosplayer.com.br\/festival\/atracoes\/","url":"https:\/\/www.mundocosplayer.com.br\/festival\/atracoes\/","name":"Atra\u00e7\u00f5es - Mundo Cosplayer Festival","isPartOf":{"@id":"https:\/\/www.mundocosplayer.com.br\/festival\/#website"},"primaryImageOfPage":{"@id":"https:\/\/www.mundocosplayer.com.br\/festival\/atracoes\/#primaryimage"},"image":{"@id":"https:\/\/www.mundocosplayer.com.br\/festival\/atracoes\/#primaryimage"},"thumbnailUrl":"https:\/\/www.mundocosplayer.com.br\/festival\/wp-content\/uploads\/2018\/11\/logo-top.png","datePublished":"2018-11-15T17:38:17+00:00","dateModified":"2019-02-21T16:42:31+00:00","description":"O Mundo Cosplayer Festival trar\u00e1 ao p\u00fablico muitas atra\u00e7\u00f5es super legais. Teremos na programa\u00e7\u00e3o Cosplayers, Youtubers, Dubladores, Palestras, Bandas, Games, K-Pop, Salas tem\u00e1ticas e muito mais!","breadcrumb":{"@id":"https:\/\/www.mundocosplayer.com.br\/festival\/atracoes\/#breadcrumb"},"inLanguage":"pt-BR","potentialAction":[{"@type":"ReadAction","target":["https:\/\/www.mundocosplayer.com.br\/festival\/atracoes\/"]}]},{"@type":"ImageObject","inLanguage":"pt-BR","@id":"https:\/\/www.mundocosplayer.com.br\/festival\/atracoes\/#primaryimage","url":"https:\/\/www.mundocosplayer.com.br\/festival\/wp-content\/uploads\/2018\/11\/logo-top.png","contentUrl":"https:\/\/www.mundocosplayer.com.br\/festival\/wp-content\/uploads\/2018\/11\/logo-top.png","width":1080,"height":300},{"@type":"BreadcrumbList","@id":"https:\/\/www.mundocosplayer.com.br\/festival\/atracoes\/#breadcrumb","itemListElement":[{"@type":"ListItem","position":1,"name":"In\u00edcio","item":"https:\/\/www.mundocosplayer.com.br\/festival\/"},{"@type":"ListItem","position":2,"name":"Atra\u00e7\u00f5es"}]},{"@type":"WebSite","@id":"https:\/\/www.mundocosplayer.com.br\/festival\/#website","url":"https:\/\/www.mundocosplayer.com.br\/festival\/","name":"Mundo Cosplayer Festival","description":"Venha se divertir com a gente!","potentialAction":[{"@type":"SearchAction","target":{"@type":"EntryPoint","urlTemplate":"https:\/\/www.mundocosplayer.com.br\/festival\/?s={search_term_string}"},"query-input":{"@type":"PropertyValueSpecification","valueRequired":true,"valueName":"search_term_string"}}],"inLanguage":"pt-BR"}]}},"_links":{"self":[{"href":"https:\/\/www.mundocosplayer.com.br\/festival\/wp-json\/wp\/v2\/pages\/223","targetHints":{"allow":["GET"]}}],"collection":[{"href":"https:\/\/www.mundocosplayer.com.br\/festival\/wp-json\/wp\/v2\/pages"}],"about":[{"href":"https:\/\/www.mundocosplayer.com.br\/festival\/wp-json\/wp\/v2\/types\/page"}],"author":[{"embeddable":true,"href":"https:\/\/www.mundocosplayer.com.br\/festival\/wp-json\/wp\/v2\/users\/1"}],"replies":[{"embeddable":true,"href":"https:\/\/www.mundocosplayer.com.br\/festival\/wp-json\/wp\/v2\/comments?post=223"}],"version-history":[{"count":18,"href":"https:\/\/www.mundocosplayer.com.br\/festival\/wp-json\/wp\/v2\/pages\/223\/revisions"}],"predecessor-version":[{"id":632,"href":"https:\/\/www.mundocosplayer.com.br\/festival\/wp-json\/wp\/v2\/pages\/223\/revisions\/632"}],"wp:featuredmedia":[{"embeddable":true,"href":"https:\/\/www.mundocosplayer.com.br\/festival\/wp-json\/wp\/v2\/media\/216"}],"wp:attachment":[{"href":"https:\/\/www.mundocosplayer.com.br\/festival\/wp-json\/wp\/v2\/media?parent=223"}],"curies":[{"name":"wp","href":"https:\/\/api.w.org\/{rel}","templated":true}]}}