{"id":221,"date":"2018-11-15T17:38:15","date_gmt":"2018-11-15T17:38:15","guid":{"rendered":"http:\/\/www.mundocosplayer.com.br\/festival\/?page_id=221"},"modified":"2019-02-08T16:36:55","modified_gmt":"2019-02-08T16:36:55","slug":"local","status":"publish","type":"page","link":"https:\/\/www.mundocosplayer.com.br\/festival\/local\/","title":{"rendered":"Local"},"content":{"rendered":"<p>&nbsp;<\/p>\n<p style=\"text-align: justify;\">O <span style=\"color: #ff9900;\"><strong>Mundo Cosplayer Festival<\/strong><\/span> acontecer\u00e1 dentro do campus <strong>Centro de Guarulhos<\/strong> da <strong>Univeritas\/UNG<\/strong>, que est\u00e1 localizado na <strong>Pra\u00e7a<\/strong> <strong>Teresa Cristina, n\u00ba 88 &#8211; Centro &#8211; Guarulhos\/SP<\/strong>.<\/p>\n<p>&nbsp;<\/p>\n<div style=\"text-align: center;\" align=\"center\"><iframe loading=\"lazy\" style=\"border: 0;\" src=\"https:\/\/www.google.com\/maps\/embed?pb=!1m18!1m12!1m3!1d14638.928715808886!2d-46.531088065313796!3d-23.470123222342135!2m3!1f0!2f0!3f0!3m2!1i1024!2i768!4f13.1!3m3!1m2!1s0x94cef55eae2185ef%3A0xfcd26d5eb709f328!2sPra%C3%A7a+Teresa+Cristina+-+Centro%2C+Guarulhos+-+SP%2C+07011-010!5e0!3m2!1spt-BR!2sbr!4v1542556620106\" width=\"600\" height=\"450\" frameborder=\"0\" allowfullscreen=\"allowfullscreen\"><\/iframe><\/div>\n<h4 style=\"text-align: justify;\"><strong>COMO CHEGAR<\/strong><\/h4>\n<p>&nbsp;<\/p>\n<p style=\"text-align: justify;\">Se voc\u00ea n\u00e3o \u00e9 de <strong>Guarulhos<\/strong> \u00e9 prov\u00e1vel que n\u00e3o saiba chegar at\u00e9 o local. Para chegar at\u00e9 a universidade onde acontecer\u00e1 o <span style=\"color: #ff9900;\"><strong>Mundo Cosplayer Festival<\/strong><\/span> de transporte p\u00fablico, voc\u00ea poder\u00e1 utilizar as seguintes rotas:<\/p>\n<p>&nbsp;<\/p>\n<p style=\"text-align: justify;\"><strong>Esta\u00e7\u00e3o Guarulhos-CECAP na Linha 13-Jade da CPTM:<\/strong><em> des\u00e7a nesta esta\u00e7\u00e3o, encaminhe-se at\u00e9 a sa\u00edda que leva \u00e0 Rodovi\u00e1ria de Guarulhos e pegue o \u00f4nibus municipal da linha 351 &#8211; Shopping (via Vila Barros). Des\u00e7a na Rua Capit\u00e3o Gabriel e continue a p\u00e9 por 5 minutos at\u00e9 a universidade;<\/em><\/p>\n<p>&nbsp;<\/p>\n<p style=\"text-align: justify;\"><strong>Esta\u00e7\u00e3o Arm\u00eania na Linha 1-Azul do Metr\u00f4:<\/strong> <em>des\u00e7a nesta esta\u00e7\u00e3o, encaminhe-se at\u00e9 o terminal sul e pegue o \u00f4nibus intermunicipal da linha\u00a0 016 &#8211; Guarulhos (Terminal Urbano Guarulhos). Des\u00e7a na Avenida Ant\u00f4nio de Souza e continue a p\u00e9 por 12 minutos at\u00e9 a universidade;<\/em><\/p>\n<p>&nbsp;<\/p>\n<p style=\"text-align: justify;\"><strong>Esta\u00e7\u00e3o Penha na Linha 3-Vermelha do Metr\u00f4:<\/strong> <em>des\u00e7a nesta esta\u00e7\u00e3o, encaminhe-se at\u00e9 o terminal rodovi\u00e1rio e pegue os \u00f4nibus das linhas de \u00f4nibus intermunicipais 250 &#8211; Guarulhos (Cocaia), 253 &#8211; Guarulhos (Jardim Para\u00edso) ou 443 &#8211; Guarulhos (Cocaia). Sugerimos que solicite aux\u00edlio ao cobrador para descer no local mais pr\u00f3ximo a universidade;<\/em><\/p>\n<p>&nbsp;<\/p>\n<p style=\"text-align: justify;\"><strong>Esta\u00e7\u00e3o Tucuruvi na Linha 1-Azul do Metr\u00f4:<\/strong><em> des\u00e7a na esta\u00e7\u00e3o, encaminhe-se at\u00e9 o terminal rodovi\u00e1rio ao lado do shopping e pegue os \u00f4nibus das linhas intermunicipais 003 &#8211; Guarulhos (Cocaia), 110 &#8211; Guarulhos (Cocaia) ou 104 &#8211; Guarulhos (Bom Clima).<\/em><\/p>\n<p>&nbsp;<\/p>\n<p style=\"text-align: justify;\">H\u00e1 outras v\u00e1rias formas de chegar at\u00e9 o local do <span style=\"color: #ff9900;\"><strong>Mundo Cosplayer Festival<\/strong><\/span>. Sugerimos que utilize o <span style=\"color: #0000ff;\"><a style=\"color: #0000ff;\" href=\"https:\/\/www.google.com.br\/maps\" target=\"_blank\" rel=\"noopener\"><strong>Google Maps<\/strong><\/a><\/span> para te auxiliar melhor no\u00a0 trajeto de sua resid\u00eancia at\u00e9 l\u00e1.<\/p>\n<p>&nbsp;<\/p>\n<p>&nbsp;<\/p>\n<p><strong>ESTACIONAMENTO<\/strong><\/p>\n<p>&nbsp;<\/p>\n<p>Caso deseje ir de carro para o <span style=\"color: #ff9900;\"><strong>Mundo Cosplayer Festival<\/strong><\/span>, h\u00e1 v\u00e1rios estacionamentos particulares em torno da universidade. A nossa indica\u00e7\u00e3o \u00e9 o <em><strong>Free Park<\/strong><\/em> que fica na Rua Maria Godinho, n\u00ba 20, bem ao lado do local do evento.<\/p>\n<p>&nbsp;<\/p>\n<p><a href=\"http:\/\/www.mundocosplayer.com.br\/festival\/wp-content\/uploads\/2019\/02\/estacionamento.png\"><img loading=\"lazy\" decoding=\"async\" class=\"alignnone size-full wp-image-610\" src=\"http:\/\/www.mundocosplayer.com.br\/festival\/wp-content\/uploads\/2019\/02\/estacionamento.png\" alt=\"\" width=\"968\" height=\"1142\" \/><\/a><\/p>\n","protected":false},"excerpt":{"rendered":"<p>&nbsp; O Mundo Cosplayer Festival acontecer\u00e1 dentro do campus Centro de Guarulhos da Univeritas\/UNG, que est\u00e1 localizado na Pra\u00e7a Teresa Cristina, n\u00ba 88 &#8211; Centro &#8211; Guarulhos\/SP. &nbsp; COMO CHEGAR &nbsp; Se voc\u00ea n\u00e3o \u00e9 de Guarulhos \u00e9 prov\u00e1vel que n\u00e3o saiba chegar at\u00e9 o local. Para chegar at\u00e9 a\u2026 <a class=\"continue-reading-link\" href=\"https:\/\/www.mundocosplayer.com.br\/festival\/local\/\">Continue reading<\/a><\/p>\n","protected":false},"author":1,"featured_media":216,"parent":0,"menu_order":0,"comment_status":"closed","ping_status":"closed","template":"","meta":{"footnotes":""},"class_list":["post-221","page","type-page","status-publish","has-post-thumbnail","hentry"],"yoast_head":"<!-- This site is optimized with the Yoast SEO plugin v27.5 - https:\/\/yoast.com\/product\/yoast-seo-wordpress\/ -->\n<title>Local - Mundo Cosplayer Festival<\/title>\n<meta name=\"description\" content=\"O Mundo Cosplayer Festival acontecer\u00e1 dentro do campus Centro de Guarulhos da Univeritas\/UNG, que est\u00e1 localizado na Pra\u00e7a Teresa Cristina, n\u00ba 88 - Centro - Guarulhos\/SP.\" \/>\n<meta name=\"robots\" content=\"index, follow, max-snippet:-1, max-image-preview:large, max-video-preview:-1\" \/>\n<link rel=\"canonical\" href=\"https:\/\/www.mundocosplayer.com.br\/festival\/local\/\" \/>\n<meta property=\"og:locale\" content=\"pt_BR\" \/>\n<meta property=\"og:type\" content=\"article\" \/>\n<meta property=\"og:title\" content=\"Local - Mundo Cosplayer Festival\" \/>\n<meta property=\"og:description\" content=\"O Mundo Cosplayer Festival acontecer\u00e1 dentro do campus Centro de Guarulhos da Univeritas\/UNG, que est\u00e1 localizado na Pra\u00e7a Teresa Cristina, n\u00ba 88 - Centro - Guarulhos\/SP.\" \/>\n<meta property=\"og:url\" content=\"https:\/\/www.mundocosplayer.com.br\/festival\/local\/\" \/>\n<meta property=\"og:site_name\" content=\"Mundo Cosplayer Festival\" \/>\n<meta property=\"article:modified_time\" content=\"2019-02-08T16:36:55+00:00\" \/>\n<meta property=\"og:image\" content=\"https:\/\/www.mundocosplayer.com.br\/festival\/wp-content\/uploads\/2018\/11\/logo-top.png\" \/>\n\t<meta property=\"og:image:width\" content=\"1080\" \/>\n\t<meta property=\"og:image:height\" content=\"300\" \/>\n\t<meta property=\"og:image:type\" content=\"image\/png\" \/>\n<meta name=\"twitter:label1\" content=\"Est. tempo de leitura\" \/>\n\t<meta name=\"twitter:data1\" content=\"2 minutos\" \/>\n<script type=\"application\/ld+json\" class=\"yoast-schema-graph\">{\"@context\":\"https:\\\/\\\/schema.org\",\"@graph\":[{\"@type\":\"WebPage\",\"@id\":\"https:\\\/\\\/www.mundocosplayer.com.br\\\/festival\\\/local\\\/\",\"url\":\"https:\\\/\\\/www.mundocosplayer.com.br\\\/festival\\\/local\\\/\",\"name\":\"Local - Mundo Cosplayer Festival\",\"isPartOf\":{\"@id\":\"https:\\\/\\\/www.mundocosplayer.com.br\\\/festival\\\/#website\"},\"primaryImageOfPage\":{\"@id\":\"https:\\\/\\\/www.mundocosplayer.com.br\\\/festival\\\/local\\\/#primaryimage\"},\"image\":{\"@id\":\"https:\\\/\\\/www.mundocosplayer.com.br\\\/festival\\\/local\\\/#primaryimage\"},\"thumbnailUrl\":\"https:\\\/\\\/www.mundocosplayer.com.br\\\/festival\\\/wp-content\\\/uploads\\\/2018\\\/11\\\/logo-top.png\",\"datePublished\":\"2018-11-15T17:38:15+00:00\",\"dateModified\":\"2019-02-08T16:36:55+00:00\",\"description\":\"O Mundo Cosplayer Festival acontecer\u00e1 dentro do campus Centro de Guarulhos da Univeritas\\\/UNG, que est\u00e1 localizado na Pra\u00e7a Teresa Cristina, n\u00ba 88 - Centro - Guarulhos\\\/SP.\",\"breadcrumb\":{\"@id\":\"https:\\\/\\\/www.mundocosplayer.com.br\\\/festival\\\/local\\\/#breadcrumb\"},\"inLanguage\":\"pt-BR\",\"potentialAction\":[{\"@type\":\"ReadAction\",\"target\":[\"https:\\\/\\\/www.mundocosplayer.com.br\\\/festival\\\/local\\\/\"]}]},{\"@type\":\"ImageObject\",\"inLanguage\":\"pt-BR\",\"@id\":\"https:\\\/\\\/www.mundocosplayer.com.br\\\/festival\\\/local\\\/#primaryimage\",\"url\":\"https:\\\/\\\/www.mundocosplayer.com.br\\\/festival\\\/wp-content\\\/uploads\\\/2018\\\/11\\\/logo-top.png\",\"contentUrl\":\"https:\\\/\\\/www.mundocosplayer.com.br\\\/festival\\\/wp-content\\\/uploads\\\/2018\\\/11\\\/logo-top.png\",\"width\":1080,\"height\":300},{\"@type\":\"BreadcrumbList\",\"@id\":\"https:\\\/\\\/www.mundocosplayer.com.br\\\/festival\\\/local\\\/#breadcrumb\",\"itemListElement\":[{\"@type\":\"ListItem\",\"position\":1,\"name\":\"In\u00edcio\",\"item\":\"https:\\\/\\\/www.mundocosplayer.com.br\\\/festival\\\/\"},{\"@type\":\"ListItem\",\"position\":2,\"name\":\"Local\"}]},{\"@type\":\"WebSite\",\"@id\":\"https:\\\/\\\/www.mundocosplayer.com.br\\\/festival\\\/#website\",\"url\":\"https:\\\/\\\/www.mundocosplayer.com.br\\\/festival\\\/\",\"name\":\"Mundo Cosplayer Festival\",\"description\":\"Venha se divertir com a gente!\",\"potentialAction\":[{\"@type\":\"SearchAction\",\"target\":{\"@type\":\"EntryPoint\",\"urlTemplate\":\"https:\\\/\\\/www.mundocosplayer.com.br\\\/festival\\\/?s={search_term_string}\"},\"query-input\":{\"@type\":\"PropertyValueSpecification\",\"valueRequired\":true,\"valueName\":\"search_term_string\"}}],\"inLanguage\":\"pt-BR\"}]}<\/script>\n<!-- \/ Yoast SEO plugin. -->","yoast_head_json":{"title":"Local - Mundo Cosplayer Festival","description":"O Mundo Cosplayer Festival acontecer\u00e1 dentro do campus Centro de Guarulhos da Univeritas\/UNG, que est\u00e1 localizado na Pra\u00e7a Teresa Cristina, n\u00ba 88 - Centro - Guarulhos\/SP.","robots":{"index":"index","follow":"follow","max-snippet":"max-snippet:-1","max-image-preview":"max-image-preview:large","max-video-preview":"max-video-preview:-1"},"canonical":"https:\/\/www.mundocosplayer.com.br\/festival\/local\/","og_locale":"pt_BR","og_type":"article","og_title":"Local - Mundo Cosplayer Festival","og_description":"O Mundo Cosplayer Festival acontecer\u00e1 dentro do campus Centro de Guarulhos da Univeritas\/UNG, que est\u00e1 localizado na Pra\u00e7a Teresa Cristina, n\u00ba 88 - Centro - Guarulhos\/SP.","og_url":"https:\/\/www.mundocosplayer.com.br\/festival\/local\/","og_site_name":"Mundo Cosplayer Festival","article_modified_time":"2019-02-08T16:36:55+00:00","og_image":[{"width":1080,"height":300,"url":"https:\/\/www.mundocosplayer.com.br\/festival\/wp-content\/uploads\/2018\/11\/logo-top.png","type":"image\/png"}],"twitter_misc":{"Est. tempo de leitura":"2 minutos"},"schema":{"@context":"https:\/\/schema.org","@graph":[{"@type":"WebPage","@id":"https:\/\/www.mundocosplayer.com.br\/festival\/local\/","url":"https:\/\/www.mundocosplayer.com.br\/festival\/local\/","name":"Local - Mundo Cosplayer Festival","isPartOf":{"@id":"https:\/\/www.mundocosplayer.com.br\/festival\/#website"},"primaryImageOfPage":{"@id":"https:\/\/www.mundocosplayer.com.br\/festival\/local\/#primaryimage"},"image":{"@id":"https:\/\/www.mundocosplayer.com.br\/festival\/local\/#primaryimage"},"thumbnailUrl":"https:\/\/www.mundocosplayer.com.br\/festival\/wp-content\/uploads\/2018\/11\/logo-top.png","datePublished":"2018-11-15T17:38:15+00:00","dateModified":"2019-02-08T16:36:55+00:00","description":"O Mundo Cosplayer Festival acontecer\u00e1 dentro do campus Centro de Guarulhos da Univeritas\/UNG, que est\u00e1 localizado na Pra\u00e7a Teresa Cristina, n\u00ba 88 - Centro - Guarulhos\/SP.","breadcrumb":{"@id":"https:\/\/www.mundocosplayer.com.br\/festival\/local\/#breadcrumb"},"inLanguage":"pt-BR","potentialAction":[{"@type":"ReadAction","target":["https:\/\/www.mundocosplayer.com.br\/festival\/local\/"]}]},{"@type":"ImageObject","inLanguage":"pt-BR","@id":"https:\/\/www.mundocosplayer.com.br\/festival\/local\/#primaryimage","url":"https:\/\/www.mundocosplayer.com.br\/festival\/wp-content\/uploads\/2018\/11\/logo-top.png","contentUrl":"https:\/\/www.mundocosplayer.com.br\/festival\/wp-content\/uploads\/2018\/11\/logo-top.png","width":1080,"height":300},{"@type":"BreadcrumbList","@id":"https:\/\/www.mundocosplayer.com.br\/festival\/local\/#breadcrumb","itemListElement":[{"@type":"ListItem","position":1,"name":"In\u00edcio","item":"https:\/\/www.mundocosplayer.com.br\/festival\/"},{"@type":"ListItem","position":2,"name":"Local"}]},{"@type":"WebSite","@id":"https:\/\/www.mundocosplayer.com.br\/festival\/#website","url":"https:\/\/www.mundocosplayer.com.br\/festival\/","name":"Mundo Cosplayer Festival","description":"Venha se divertir com a gente!","potentialAction":[{"@type":"SearchAction","target":{"@type":"EntryPoint","urlTemplate":"https:\/\/www.mundocosplayer.com.br\/festival\/?s={search_term_string}"},"query-input":{"@type":"PropertyValueSpecification","valueRequired":true,"valueName":"search_term_string"}}],"inLanguage":"pt-BR"}]}},"_links":{"self":[{"href":"https:\/\/www.mundocosplayer.com.br\/festival\/wp-json\/wp\/v2\/pages\/221","targetHints":{"allow":["GET"]}}],"collection":[{"href":"https:\/\/www.mundocosplayer.com.br\/festival\/wp-json\/wp\/v2\/pages"}],"about":[{"href":"https:\/\/www.mundocosplayer.com.br\/festival\/wp-json\/wp\/v2\/types\/page"}],"author":[{"embeddable":true,"href":"https:\/\/www.mundocosplayer.com.br\/festival\/wp-json\/wp\/v2\/users\/1"}],"replies":[{"embeddable":true,"href":"https:\/\/www.mundocosplayer.com.br\/festival\/wp-json\/wp\/v2\/comments?post=221"}],"version-history":[{"count":5,"href":"https:\/\/www.mundocosplayer.com.br\/festival\/wp-json\/wp\/v2\/pages\/221\/revisions"}],"predecessor-version":[{"id":616,"href":"https:\/\/www.mundocosplayer.com.br\/festival\/wp-json\/wp\/v2\/pages\/221\/revisions\/616"}],"wp:featuredmedia":[{"embeddable":true,"href":"https:\/\/www.mundocosplayer.com.br\/festival\/wp-json\/wp\/v2\/media\/216"}],"wp:attachment":[{"href":"https:\/\/www.mundocosplayer.com.br\/festival\/wp-json\/wp\/v2\/media?parent=221"}],"curies":[{"name":"wp","href":"https:\/\/api.w.org\/{rel}","templated":true}]}}